{"id":11099,"date":"2020-10-20T11:46:47","date_gmt":"2020-10-20T09:46:47","guid":{"rendered":"https:\/\/ebroh.es\/diventa-un-distributore\/"},"modified":"2020-10-20T11:46:48","modified_gmt":"2020-10-20T09:46:48","slug":"diventa-un-distributore","status":"publish","type":"page","link":"https:\/\/ebroh.eu\/it\/diventa-un-distributore\/","title":{"rendered":"Diventa un distributore"},"content":{"rendered":"<section class=\"wpb-content-wrapper\"><p>[vc_row css=&#8221;.vc_custom_1545910977002{padding-top: 50px !important;padding-bottom: 50px !important;}&#8221;][vc_column][vc_column_text]<\/p>\n<p><span class=\"tlid-translation translation\" lang=\"it\"><span title=\"\">EBROH \u00e8 una societ\u00e0 con capitale spagnolo al 100%.<\/span> <span class=\"\" title=\"\">EBROH nasce con la vocazione di diventare autentici specialisti in alternative di mobilit\u00e0 elettrica, proponendo al mercato diverse gamme di biciclette elettriche, sia per la tipologia di utilizzo che per la loro segmentazione di prezzo.<\/span><\/span><\/p>\n<p>[\/vc_column_text][vc_column_text]<\/p>\n<p><span class=\"tlid-translation translation\" lang=\"it\"><span class=\"\" title=\"\">EBROH si impegna a fornire le opzioni pi\u00f9 pratiche, efficienti e soddisfatte dall&#8217;utente quando si tratta di decidere il veicolo pi\u00f9 adatto per i loro viaggi quotidiani o per il loro tempo libero.<\/span><\/span><\/p>\n<p>[\/vc_column_text][vc_column_text]<\/p>\n<p><span class=\"tlid-translation translation\" lang=\"it\"><span class=\"\" title=\"\">EBROH ha iniziato la sua attivit\u00e0 commerciale nel 2017 con una gamma di MTB, biciclette urbane e pieghevoli, nonch\u00e9 scooter elettrici, con l&#8217;intenzione di diventare uno dei principali &#8220;attori&#8221; in Spagna della mobilit\u00e0 adattata ad ogni esigenza.<\/span><\/span><\/p>\n<p>[\/vc_column_text][vc_column_text]<\/p>\n<p><span class=\"tlid-translation translation\" lang=\"it\"><span class=\"\" title=\"\">VUOI ESSERE UN DISTRIBUTORE?<\/span><\/span><\/p>\n<p>[\/vc_column_text][\/vc_column][\/vc_row][vc_row full_width=&#8221;stretch_row_content&#8221; equal_height=&#8221;yes&#8221; parallax=&#8221;content-moving&#8221; parallax_image=&#8221;2220&#8243; css=&#8221;.vc_custom_1546019062335{padding-top: 50px !important;padding-right: 50px !important;padding-bottom: 50px !important;padding-left: 50px !important;}&#8221; el_class=&#8221;distribuidores&#8221;][vc_column width=&#8221;1\/4&#8243;][vc_empty_space height=&#8221;25px&#8221;][vc_custom_heading text=&#8221;CI ADATTIAMO AL TUO BUSINESS&#8221; font_container=&#8221;tag:h2|font_size:30|text_align:center|color:%23ffffff&#8221; use_theme_fonts=&#8221;yes&#8221;][vc_column_text text_color=&#8221;white&#8221;]<\/p>\n<p><span class=\"tlid-translation translation\" lang=\"it\"><span class=\"\" title=\"\">Ci impegniamo ogni giorno per comprendere meglio le esigenze della tua attivit\u00e0 e offrirti soluzioni agili e personalizzate che ti consentano di migliorare il servizio clienti<\/span><\/span><\/p>\n<p>[\/vc_column_text][\/vc_column][vc_column width=&#8221;1\/4&#8243;][vc_empty_space height=&#8221;25px&#8221;][vc_custom_heading text=&#8221;SEMPRE DISPONIBILE&#8221; font_container=&#8221;tag:h2|font_size:30|text_align:center|color:%23ffffff&#8221; use_theme_fonts=&#8221;yes&#8221;][vc_column_text text_color=&#8221;white&#8221;]<\/p>\n<div class=\"text-wrap tlid-copy-target\">\n<div class=\"result-shield-container tlid-copy-target\" tabindex=\"0\"><span class=\"tlid-translation translation\" lang=\"it\"><span class=\"\" title=\"\">Prestiamo particolare attenzione a darti il \u200b\u200bmiglior servizio post vendita, garantendoti un ampio stock di prodotti e ricambi che ti inviamo in tempi record<\/span><\/span><\/div>\n<\/div>\n<div class=\"tlid-result-transliteration-container result-transliteration-container transliteration-container\">\n<div class=\"tlid-transliteration-content transliteration-content full\">\u00a0<\/div>\n<\/div>\n<p>[\/vc_column_text][\/vc_column][vc_column width=&#8221;1\/4&#8243;][vc_empty_space height=&#8221;25px&#8221;][vc_custom_heading text=&#8221;CI PRENDIAMO CURA DEL CANALE DI VENDITA&#8221; font_container=&#8221;tag:h2|font_size:30|text_align:center|color:%23ffffff&#8221; use_theme_fonts=&#8221;yes&#8221;][vc_column_text text_color=&#8221;white&#8221;]<\/p>\n<p><span class=\"tlid-translation translation\" lang=\"it\"><span title=\"\">Ci assicuriamo che tu abbia le migliori condizioni commerciali in modo che la tua attivit\u00e0 non smetta di crescere.<\/span> <span title=\"\">Concentriamo tutti i nostri sforzi nell&#8217;indirizzare i clienti al tuo punto vendita attraverso Mkt cross online, pubblicit\u00e0 in RR.SS.<\/span> <span class=\"\" title=\"\">e pubblicit\u00e0 sui media tradizionali<\/span><\/span><\/p>\n<p>[\/vc_column_text][\/vc_column][vc_column width=&#8221;1\/4&#8243;][vc_empty_space height=&#8221;25px&#8221;][vc_custom_heading text=&#8221;PROVA LE NOSTRE BICICLETTE E MOTO&#8221; font_container=&#8221;tag:h2|font_size:30|text_align:center|color:%23ffffff&#8221; use_theme_fonts=&#8221;yes&#8221;][vc_column_text text_color=&#8221;white&#8221;]<\/p>\n<p><span class=\"tlid-translation translation\" lang=\"it\"><span class=\"\" title=\"\">Prima di diventare un punto vendita EBROH, vogliamo che tu sia totalmente soddisfatto dei nostri prodotti, chiedi ai nostri rappresentanti di vendita un veicolo di prova<\/span><\/span><\/p>\n<p>[\/vc_column_text][\/vc_column][\/vc_row][vc_row full_width=&#8221;stretch_row_content_no_spaces&#8221;][vc_column]<\/p>\n<div class=\"vntd-image-gallery vntd-content-element \"><div id=\"vntd-gallery-2711\" class=\"vntd-grid grid-items vntd-gallery-grid grid-cols-4 hover-effect-scale hover-icon\" data-cols=\"4\" data-data-cols-tablet=\"2\" data-data-cols-mobile=\"1\" data-item-gap=\"15\"><div class=\"item grid-item cbp-item vntd-gallery-item mp-gallery\"><a href=\"https:\/\/ebroh.eu\/wp-content\/uploads\/2018\/12\/GALERIA1.jpg\"><div class=\"gallery-item-overlay\"><i class=\"vntd-gallery-zoom-icon engage-icon-icon engage-icon-zoom-2\"><\/i><\/div><img loading=\"lazy\" decoding=\"async\" width=\"600\" height=\"507\" src=\"https:\/\/ebroh.eu\/wp-content\/uploads\/2018\/12\/GALERIA1-600x507.jpg\" class=\"attachment-engage-masonry-square\" alt=\"\" title=\"GALERIA1\" srcset=\"https:\/\/ebroh.eu\/wp-content\/uploads\/2018\/12\/GALERIA1.jpg 600w, https:\/\/ebroh.eu\/wp-content\/uploads\/2018\/12\/GALERIA1-300x254.jpg 300w\" sizes=\"auto, (max-width: 600px) 100vw, 600px\" \/><\/a><\/div><div class=\"item grid-item cbp-item vntd-gallery-item mp-gallery\"><a href=\"https:\/\/ebroh.eu\/wp-content\/uploads\/2018\/12\/GALERIA2.jpg\"><div class=\"gallery-item-overlay\"><i class=\"vntd-gallery-zoom-icon engage-icon-icon engage-icon-zoom-2\"><\/i><\/div><img loading=\"lazy\" decoding=\"async\" width=\"600\" height=\"508\" src=\"https:\/\/ebroh.eu\/wp-content\/uploads\/2018\/12\/GALERIA2-600x508.jpg\" class=\"attachment-engage-masonry-square\" alt=\"\" title=\"GALERIA2\" srcset=\"https:\/\/ebroh.eu\/wp-content\/uploads\/2018\/12\/GALERIA2.jpg 600w, https:\/\/ebroh.eu\/wp-content\/uploads\/2018\/12\/GALERIA2-300x254.jpg 300w\" sizes=\"auto, (max-width: 600px) 100vw, 600px\" \/><\/a><\/div><div class=\"item grid-item cbp-item vntd-gallery-item mp-gallery\"><a href=\"https:\/\/ebroh.eu\/wp-content\/uploads\/2018\/12\/GALERIA3.jpg\"><div class=\"gallery-item-overlay\"><i class=\"vntd-gallery-zoom-icon engage-icon-icon engage-icon-zoom-2\"><\/i><\/div><img loading=\"lazy\" decoding=\"async\" width=\"600\" height=\"507\" src=\"https:\/\/ebroh.eu\/wp-content\/uploads\/2018\/12\/GALERIA3-600x507.jpg\" class=\"attachment-engage-masonry-square\" alt=\"\" title=\"GALERIA3\" srcset=\"https:\/\/ebroh.eu\/wp-content\/uploads\/2018\/12\/GALERIA3.jpg 600w, https:\/\/ebroh.eu\/wp-content\/uploads\/2018\/12\/GALERIA3-300x254.jpg 300w\" sizes=\"auto, (max-width: 600px) 100vw, 600px\" \/><\/a><\/div><div class=\"item grid-item cbp-item vntd-gallery-item mp-gallery\"><a href=\"https:\/\/ebroh.eu\/wp-content\/uploads\/2018\/12\/GALERIA4.jpg\"><div class=\"gallery-item-overlay\"><i class=\"vntd-gallery-zoom-icon engage-icon-icon engage-icon-zoom-2\"><\/i><\/div><img loading=\"lazy\" decoding=\"async\" width=\"600\" height=\"507\" src=\"https:\/\/ebroh.eu\/wp-content\/uploads\/2018\/12\/GALERIA4-600x507.jpg\" class=\"attachment-engage-masonry-square\" alt=\"\" title=\"GALERIA4\" srcset=\"https:\/\/ebroh.eu\/wp-content\/uploads\/2018\/12\/GALERIA4.jpg 600w, https:\/\/ebroh.eu\/wp-content\/uploads\/2018\/12\/GALERIA4-300x254.jpg 300w\" sizes=\"auto, (max-width: 600px) 100vw, 600px\" \/><\/a><\/div><div class=\"item grid-item cbp-item vntd-gallery-item mp-gallery\"><a href=\"https:\/\/ebroh.eu\/wp-content\/uploads\/2018\/12\/GALERIA5.jpg\"><div class=\"gallery-item-overlay\"><i class=\"vntd-gallery-zoom-icon engage-icon-icon engage-icon-zoom-2\"><\/i><\/div><img loading=\"lazy\" decoding=\"async\" width=\"600\" height=\"508\" src=\"https:\/\/ebroh.eu\/wp-content\/uploads\/2018\/12\/GALERIA5-600x508.jpg\" class=\"attachment-engage-masonry-square\" alt=\"\" title=\"GALERIA5\" srcset=\"https:\/\/ebroh.eu\/wp-content\/uploads\/2018\/12\/GALERIA5.jpg 600w, https:\/\/ebroh.eu\/wp-content\/uploads\/2018\/12\/GALERIA5-300x254.jpg 300w\" sizes=\"auto, (max-width: 600px) 100vw, 600px\" \/><\/a><\/div><div class=\"item grid-item cbp-item vntd-gallery-item mp-gallery\"><a href=\"https:\/\/ebroh.eu\/wp-content\/uploads\/2018\/12\/GALERIA6.jpg\"><div class=\"gallery-item-overlay\"><i class=\"vntd-gallery-zoom-icon engage-icon-icon engage-icon-zoom-2\"><\/i><\/div><img loading=\"lazy\" decoding=\"async\" width=\"600\" height=\"507\" src=\"https:\/\/ebroh.eu\/wp-content\/uploads\/2018\/12\/GALERIA6-600x507.jpg\" class=\"attachment-engage-masonry-square\" alt=\"\" title=\"GALERIA6\" srcset=\"https:\/\/ebroh.eu\/wp-content\/uploads\/2018\/12\/GALERIA6.jpg 600w, https:\/\/ebroh.eu\/wp-content\/uploads\/2018\/12\/GALERIA6-300x254.jpg 300w\" sizes=\"auto, (max-width: 600px) 100vw, 600px\" \/><\/a><\/div><div class=\"item grid-item cbp-item vntd-gallery-item mp-gallery\"><a href=\"https:\/\/ebroh.eu\/wp-content\/uploads\/2018\/12\/GALERIA7.jpg\"><div class=\"gallery-item-overlay\"><i class=\"vntd-gallery-zoom-icon engage-icon-icon engage-icon-zoom-2\"><\/i><\/div><img loading=\"lazy\" decoding=\"async\" width=\"600\" height=\"507\" src=\"https:\/\/ebroh.eu\/wp-content\/uploads\/2018\/12\/GALERIA7-600x507.jpg\" class=\"attachment-engage-masonry-square\" alt=\"\" title=\"GALERIA7\" srcset=\"https:\/\/ebroh.eu\/wp-content\/uploads\/2018\/12\/GALERIA7.jpg 600w, https:\/\/ebroh.eu\/wp-content\/uploads\/2018\/12\/GALERIA7-300x254.jpg 300w\" sizes=\"auto, (max-width: 600px) 100vw, 600px\" \/><\/a><\/div><div class=\"item grid-item cbp-item vntd-gallery-item mp-gallery\"><a href=\"https:\/\/ebroh.eu\/wp-content\/uploads\/2018\/12\/GALERIA8.jpg\"><div class=\"gallery-item-overlay\"><i class=\"vntd-gallery-zoom-icon engage-icon-icon engage-icon-zoom-2\"><\/i><\/div><img loading=\"lazy\" decoding=\"async\" width=\"600\" height=\"504\" src=\"https:\/\/ebroh.eu\/wp-content\/uploads\/2018\/12\/GALERIA8-600x504.jpg\" class=\"attachment-engage-masonry-square\" alt=\"\" title=\"GALERIA8\" srcset=\"https:\/\/ebroh.eu\/wp-content\/uploads\/2018\/12\/GALERIA8.jpg 600w, https:\/\/ebroh.eu\/wp-content\/uploads\/2018\/12\/GALERIA8-300x252.jpg 300w\" sizes=\"auto, (max-width: 600px) 100vw, 600px\" \/><\/a><\/div><\/div><\/div>\n<p>[\/vc_column][\/vc_row]<\/p>\n<\/section>","protected":false},"excerpt":{"rendered":"<p>[vc_row css=&#8221;.vc_custom_1545910977002{padding-top: 50px !important;padding-bottom: 50px !important;}&#8221;][vc_column][vc_column_text] EBROH \u00e8 una societ\u00e0 con capitale spagnolo al 100%. EBROH nasce con la vocazione di diventare autentici specialisti in alternative di mobilit\u00e0 elettrica, proponendo al mercato diverse gamme di biciclette elettriche, sia per la tipologia di utilizzo che per la loro segmentazione di prezzo. [&hellip;]<\/p>\n","protected":false},"author":1,"featured_media":0,"parent":0,"menu_order":0,"comment_status":"closed","ping_status":"closed","template":"","meta":{"footnotes":""},"class_list":["post-11099","page","type-page","status-publish","hentry"],"_links":{"self":[{"href":"https:\/\/ebroh.eu\/it\/wp-json\/wp\/v2\/pages\/11099","targetHints":{"allow":["GET"]}}],"collection":[{"href":"https:\/\/ebroh.eu\/it\/wp-json\/wp\/v2\/pages"}],"about":[{"href":"https:\/\/ebroh.eu\/it\/wp-json\/wp\/v2\/types\/page"}],"author":[{"embeddable":true,"href":"https:\/\/ebroh.eu\/it\/wp-json\/wp\/v2\/users\/1"}],"replies":[{"embeddable":true,"href":"https:\/\/ebroh.eu\/it\/wp-json\/wp\/v2\/comments?post=11099"}],"version-history":[{"count":2,"href":"https:\/\/ebroh.eu\/it\/wp-json\/wp\/v2\/pages\/11099\/revisions"}],"predecessor-version":[{"id":11101,"href":"https:\/\/ebroh.eu\/it\/wp-json\/wp\/v2\/pages\/11099\/revisions\/11101"}],"wp:attachment":[{"href":"https:\/\/ebroh.eu\/it\/wp-json\/wp\/v2\/media?parent=11099"}],"curies":[{"name":"wp","href":"https:\/\/api.w.org\/{rel}","templated":true}]}}