{"id":10992,"date":"2020-10-20T09:24:48","date_gmt":"2020-10-20T07:24:48","guid":{"rendered":"https:\/\/ebroh.es\/inizio\/"},"modified":"2023-06-15T10:45:42","modified_gmt":"2023-06-15T08:45:42","slug":"inizio","status":"publish","type":"page","link":"https:\/\/ebroh.eu\/it\/","title":{"rendered":"Inizio"},"content":{"rendered":"<section class=\"wpb-content-wrapper\"><p>[vc_row full_width=&#8221;stretch_row_content_no_spaces&#8221; full_height=&#8221;yes&#8221; columns_placement=&#8221;stretch&#8221; equal_height=&#8221;yes&#8221; content_placement=&#8221;middle&#8221; video_bg=&#8221;yes&#8221; video_bg_url=&#8221;https:\/\/www.youtube.com\/watch?v=tlrLjJm_H20&#8243; css=&#8221;.vc_custom_1686818732048{padding-top: 0px !important;padding-bottom: 0px !important;}&#8221; el_id=&#8221;home-video&#8221;][vc_column][\/vc_column][\/vc_row][vc_row full_width=&#8221;stretch_row_content&#8221; css=&#8221;.vc_custom_1542911284138{margin-bottom: 30px !important;}&#8221;][vc_column width=&#8221;1\/6&#8243;][\/vc_column][vc_column width=&#8221;2\/3&#8243;][vc_custom_heading text=&#8221;SOLO D\u00c9 UN MODO DA CURARE IL PIANETTA.&#8221; font_container=&#8221;tag:h2|font_size:46px|text_align:center&#8221; use_theme_fonts=&#8221;yes&#8221;][vc_separator][vc_column_text font_size=&#8221;xlarge&#8221; el_class=&#8221;claim&#8221;]<\/p>\n<p style=\"text-align: center;\"><strong>Ebroh<\/strong> si sta muovendo verso la mobilit\u00e0 elettrica, citt\u00e0 pi\u00f9 pulite e conducenti che amano guidare,<br \/>\nconducenti attenti all&#8217;ambiente.<\/p>\n<p>[\/vc_column_text][\/vc_column][vc_column width=&#8221;1\/6&#8243;][\/vc_column][\/vc_row][vc_row][vc_column]\n    <div id=\"veented-slider-10011\" class=\"veented-slider vntd-section veented-slider-holder veented-slider-navigation-white fullscreen-section fullwidth-section\" data-slider-autoplay=\"7000\" data-slider-effect=\"slide\" data-slider-speed=\"700\" data-slider-loop=\"true\" data-slider-touch=\"true\" data-slider-direction=\"horizontal\">\n\n\t\t<div class=\"veented-slider-loader\">\n\t\t\t<div class=\"spinner\">\n\t\t\t  <div class=\"dot1\"><\/div>\n\t\t\t  <div class=\"dot2\"><\/div>\n\t\t\t<\/div>\n\t\t<\/div>\n\n\t\t<div class=\"veented-slider-container swiper-containers  fullscreen-section\">\n\n\t\t\t<div class=\"veented-slider-inner swiper-wrapper\">\n\n\t\t\t\t\n\t\t\t\t<div id=\"slide-id-27309\" class=\"swiper-slide veented-slide slide-nr-1 slide-id-27309 slide-type-image color-scheme-light slide-align-center slide-content-fullwidth\">\n\n\t\t\t\t\t<div class=\"veented-slide-bg-image\" style=\"background-image: url('https:\/\/ebroh.eu\/wp-content\/uploads\/2023\/06\/slider-1-2-25.jpg');background-position:center center;\"><img decoding=\"async\" src=\"https:\/\/ebroh.eu\/wp-content\/uploads\/2023\/06\/slider-1-2-25.jpg\" alt=\"Sport Touring Elettrico\"><\/div>\n\t\t\t\t\t<div class=\"slide-container container\">\n\t\t\t\t\t\t<div class=\"veented-slide-inner\">\n\t\t\t\t\t\t\t<h2 class=\"veented-slide-heading animated animatedSlider\">Sport Touring Elettrico<\/h2><p class=\"veented-slide-subtitle animated animatedSlider\">Speciale Bravo CR<\/p>\n\t\t\t\t\t\t<\/div>\n\n\t\t\t\t\t<\/div>\n\n\t\t\t\t\t\n\t\t\t\t<\/div>\n\n\t\t\t\t\n\t\t\t\t<div id=\"slide-id-19314\" class=\"swiper-slide veented-slide slide-nr-2 slide-id-19314 slide-type-image color-scheme-light slide-align-center slide-content-fullwidth\">\n\n\t\t\t\t\t<div class=\"veented-slide-bg-image\" style=\"background-image: url('https:\/\/ebroh.eu\/wp-content\/uploads\/2023\/06\/slider-1-2-26.jpg');background-position:center center;\"><img decoding=\"async\" src=\"https:\/\/ebroh.eu\/wp-content\/uploads\/2023\/06\/slider-1-2-26.jpg\" alt=\"MTB elettrica\"><\/div>\n\t\t\t\t\t<div class=\"slide-container container\">\n\t\t\t\t\t\t<div class=\"veented-slide-inner\">\n\t\t\t\t\t\t\t<h2 class=\"veented-slide-heading animated animatedSlider\">MTB elettrica<\/h2><p class=\"veented-slide-subtitle animated animatedSlider\">Ebroh Jump+<\/p>\n\t\t\t\t\t\t<\/div>\n\n\t\t\t\t\t<\/div>\n\n\t\t\t\t\t\n\t\t\t\t<\/div>\n\n\t\t\t\t\n\t\t\t\t<div id=\"slide-id-17286\" class=\"swiper-slide veented-slide slide-nr-3 slide-id-17286 slide-type-image color-scheme-light slide-align-center slide-content-fullwidth\">\n\n\t\t\t\t\t<div class=\"veented-slide-bg-image\" style=\"background-image: url('https:\/\/ebroh.eu\/wp-content\/uploads\/2023\/06\/MAX_5950-scaled.jpg');background-position:center center;\"><img decoding=\"async\" src=\"https:\/\/ebroh.eu\/wp-content\/uploads\/2023\/06\/MAX_5950-scaled.jpg\" alt=\"Naked elettrica\"><\/div>\n\t\t\t\t\t<div class=\"slide-container container\">\n\t\t\t\t\t\t<div class=\"veented-slide-inner\">\n\t\t\t\t\t\t\t<h2 class=\"veented-slide-heading animated animatedSlider\">Naked elettrica<\/h2><p class=\"veented-slide-subtitle animated animatedSlider\">Bravo GLS<\/p>\n\t\t\t\t\t\t<\/div>\n\n\t\t\t\t\t<\/div>\n\n\t\t\t\t\t\n\t\t\t\t<\/div>\n\n\t\t\t\t\n\t\t\t\t<div id=\"slide-id-17285\" class=\"swiper-slide veented-slide slide-nr-4 slide-id-17285 slide-type-image color-scheme-light slide-align-center slide-content-fullwidth\">\n\n\t\t\t\t\t<div class=\"veented-slide-bg-image\" style=\"background-image: url('https:\/\/ebroh.eu\/wp-content\/uploads\/2023\/06\/slider-1-2-20.jpg');background-position:center center;\"><img decoding=\"async\" src=\"https:\/\/ebroh.eu\/wp-content\/uploads\/2023\/06\/slider-1-2-20.jpg\" alt=\"Naked elettrica\"><\/div>\n\t\t\t\t\t<div class=\"slide-container container\">\n\t\t\t\t\t\t<div class=\"veented-slide-inner\">\n\t\t\t\t\t\t\t<h2 class=\"veented-slide-heading animated animatedSlider\">Naked elettrica<\/h2><p class=\"veented-slide-subtitle animated animatedSlider\">Bravo GLE Pro<\/p>\n\t\t\t\t\t\t<\/div>\n\n\t\t\t\t\t<\/div>\n\n\t\t\t\t\t\n\t\t\t\t<\/div>\n\n\t\t\t\t\n\t\t\t\t<div id=\"slide-id-17281\" class=\"swiper-slide veented-slide slide-nr-5 slide-id-17281 slide-type-image color-scheme-light slide-align-center slide-content-fullwidth\">\n\n\t\t\t\t\t<div class=\"veented-slide-bg-image\" style=\"background-image: url('https:\/\/ebroh.eu\/wp-content\/uploads\/2023\/06\/slider-1-2-16.jpg');background-position:center center;\"><img decoding=\"async\" src=\"https:\/\/ebroh.eu\/wp-content\/uploads\/2023\/06\/slider-1-2-16.jpg\" alt=\"Maxi Scooter elettrico\"><\/div>\n\t\t\t\t\t<div class=\"slide-container container\">\n\t\t\t\t\t\t<div class=\"veented-slide-inner\">\n\t\t\t\t\t\t\t<h2 class=\"veented-slide-heading animated animatedSlider\">Maxi Scooter elettrico<\/h2><p class=\"veented-slide-subtitle animated animatedSlider\">Strada 20th 10K<\/p>\n\t\t\t\t\t\t<\/div>\n\n\t\t\t\t\t<\/div>\n\n\t\t\t\t\t\n\t\t\t\t<\/div>\n\n\t\t\t\t\n\t\t\t\t<div id=\"slide-id-17124\" class=\"swiper-slide veented-slide slide-nr-6 slide-id-17124 slide-type-image color-scheme-light slide-align-center slide-content-fullwidth\">\n\n\t\t\t\t\t<div class=\"veented-slide-bg-image\" style=\"background-image: url('https:\/\/ebroh.eu\/wp-content\/uploads\/2023\/06\/slider-1-2-1.jpg');background-position:center center;\"><img decoding=\"async\" src=\"https:\/\/ebroh.eu\/wp-content\/uploads\/2023\/06\/slider-1-2-1.jpg\" alt=\"Scooter elettrico\"><\/div>\n\t\t\t\t\t<div class=\"slide-container container\">\n\t\t\t\t\t\t<div class=\"veented-slide-inner\">\n\t\t\t\t\t\t\t<h2 class=\"veented-slide-heading animated animatedSlider\">Scooter elettrico<\/h2><p class=\"veented-slide-subtitle animated animatedSlider\">Spuma Li<\/p>\n\t\t\t\t\t\t<\/div>\n\n\t\t\t\t\t<\/div>\n\n\t\t\t\t\t\n\t\t\t\t<\/div>\n\n\t\t\t\t\n\t\t\t<\/div>\n\n\t\t\t\n\t\t\t<div class=\"veented-slider-pagination swiper-pagination\"><\/div>\n\n\t\t\t\n\t\t\t<!-- Slider Arrows -->\n\n\t\t\t<div class=\"swiper-button-next\"><i class=\"fa fa-angle-right\"><\/i><\/div>\n\t\t\t<div class=\"swiper-button-prev\"><i class=\"fa fa-angle-left\"><\/i><\/div>\n\n\t\t\t<style type=\"text\/css\">#slide-id-27309 .veented-slide-top-heading {font-size: 40px;color: #00fefc;}#slide-id-27309 .veented-slide-heading {font-weight: 700;font-size: 60px;}#slide-id-27309 .veented-slide-subtitle {font-weight: 700;font-size: 60px;color: #00fefc;}#slide-id-19314 .veented-slide-top-heading {font-size: 40px;color: #00fefc;}#slide-id-19314 .veented-slide-heading {font-weight: 400;font-size: 60px;}#slide-id-19314 .veented-slide-subtitle {font-weight: 700;font-size: 60px;color: #00fefc;}#slide-id-17286 .veented-slide-top-heading {}#slide-id-17286 .veented-slide-heading {}#slide-id-17286 .veented-slide-subtitle {}#slide-id-17285 .veented-slide-top-heading {}#slide-id-17285 .veented-slide-heading {}#slide-id-17285 .veented-slide-subtitle {}#slide-id-17281 .veented-slide-top-heading {}#slide-id-17281 .veented-slide-heading {}#slide-id-17281 .veented-slide-subtitle {}#slide-id-17124 .veented-slide-top-heading {}#slide-id-17124 .veented-slide-heading {}#slide-id-17124 .veented-slide-subtitle {}#veented-slider-10011 .inner { padding-top: px; }<\/style>\n\t\t<\/div>\n\n\t<\/div>\n\n\t[\/vc_column][\/vc_row][vc_row css=&#8221;.vc_custom_1542282900615{margin-top: 0px !important;margin-bottom: 0px !important;border-bottom-width: 0px !important;padding-top: 0px !important;}&#8221;][vc_column css=&#8221;.vc_custom_1542282847412{margin-bottom: 0px !important;padding-bottom: 0px !important;}&#8221;]<div class=\"vntd-icon-box vntd-content-element box-centered-basic icon-size-lg box-centered  animated vntd-animated  icon-box-with-link\" data-animation=\"fadeIn\" data-animation-delay=\"100\"><a href=\"https:\/\/business.facebook.com\/ebrohbikes\/\" target=\"_blank\"><div class=\"icon-box-icon\"><i class=\"\"><\/i><\/div><div class=\"icon-box-content\"><h5 class=\"icon-box-title\">I nostri scooter e le nostre biciclette elettriche sono gi\u00e0 molto apprezzati, unisciti alla mobilit\u00e0 elettrica!<\/h5><p class=\"icon-description\"><\/p><\/div><\/a><\/div><div class=\"vntd-image-gallery vntd-content-element \"><div id=\"vntd-gallery-7391\" class=\"vntd-grid grid-items vntd-gallery-grid grid-cols-6 hover-effect-fadeout\" data-cols=\"6\" data-data-cols-tablet=\"2\" data-data-cols-mobile=\"1\" data-item-gap=\"20\"><div class=\"item grid-item cbp-item vntd-gallery-item mp-gallery\"><a href=\"https:\/\/ebroh.eu\/wp-content\/uploads\/2020\/06\/PASIONE.jpg\"><div class=\"gallery-item-overlay\"><\/div><img loading=\"lazy\" decoding=\"async\" width=\"600\" height=\"600\" src=\"https:\/\/ebroh.eu\/wp-content\/uploads\/2020\/06\/PASIONE-600x600.jpg\" class=\"attachment-engage-masonry-square\" alt=\"\" title=\"PASIONE\" srcset=\"https:\/\/ebroh.eu\/wp-content\/uploads\/2020\/06\/PASIONE-600x600.jpg 600w, https:\/\/ebroh.eu\/wp-content\/uploads\/2020\/06\/PASIONE-450x450.jpg 450w, https:\/\/ebroh.eu\/wp-content\/uploads\/2020\/06\/PASIONE-100x100.jpg 100w, https:\/\/ebroh.eu\/wp-content\/uploads\/2020\/06\/PASIONE-300x300.jpg 300w, https:\/\/ebroh.eu\/wp-content\/uploads\/2020\/06\/PASIONE-150x150.jpg 150w, https:\/\/ebroh.eu\/wp-content\/uploads\/2020\/06\/PASIONE-768x768.jpg 768w, https:\/\/ebroh.eu\/wp-content\/uploads\/2020\/06\/PASIONE.jpg 800w\" sizes=\"auto, (max-width: 600px) 100vw, 600px\" \/><\/a><\/div><div class=\"item grid-item cbp-item vntd-gallery-item mp-gallery\"><a href=\"https:\/\/ebroh.eu\/wp-content\/uploads\/2020\/06\/STRADA.jpg\"><div class=\"gallery-item-overlay\"><\/div><img loading=\"lazy\" decoding=\"async\" width=\"600\" height=\"600\" src=\"https:\/\/ebroh.eu\/wp-content\/uploads\/2020\/06\/STRADA-600x600.jpg\" class=\"attachment-engage-masonry-square\" alt=\"\" title=\"STRADA\" srcset=\"https:\/\/ebroh.eu\/wp-content\/uploads\/2020\/06\/STRADA-600x600.jpg 600w, https:\/\/ebroh.eu\/wp-content\/uploads\/2020\/06\/STRADA-450x450.jpg 450w, https:\/\/ebroh.eu\/wp-content\/uploads\/2020\/06\/STRADA-100x100.jpg 100w, https:\/\/ebroh.eu\/wp-content\/uploads\/2020\/06\/STRADA-300x300.jpg 300w, https:\/\/ebroh.eu\/wp-content\/uploads\/2020\/06\/STRADA-150x150.jpg 150w, https:\/\/ebroh.eu\/wp-content\/uploads\/2020\/06\/STRADA-768x768.jpg 768w, https:\/\/ebroh.eu\/wp-content\/uploads\/2020\/06\/STRADA.jpg 800w\" sizes=\"auto, (max-width: 600px) 100vw, 600px\" \/><\/a><\/div><div class=\"item grid-item cbp-item vntd-gallery-item mp-gallery\"><a href=\"https:\/\/ebroh.eu\/wp-content\/uploads\/2022\/02\/Ebroh-Jump-Carbon-Wallride_-35.jpg\"><div class=\"gallery-item-overlay\"><\/div><img loading=\"lazy\" decoding=\"async\" width=\"600\" height=\"600\" src=\"https:\/\/ebroh.eu\/wp-content\/uploads\/2022\/02\/Ebroh-Jump-Carbon-Wallride_-35-600x600.jpg\" class=\"attachment-engage-masonry-square\" alt=\"\" title=\"Ebroh Jump + Carbon Wallride_-35\" srcset=\"https:\/\/ebroh.eu\/wp-content\/uploads\/2022\/02\/Ebroh-Jump-Carbon-Wallride_-35-600x600.jpg 600w, https:\/\/ebroh.eu\/wp-content\/uploads\/2022\/02\/Ebroh-Jump-Carbon-Wallride_-35-150x150.jpg 150w, https:\/\/ebroh.eu\/wp-content\/uploads\/2022\/02\/Ebroh-Jump-Carbon-Wallride_-35-450x450.jpg 450w, https:\/\/ebroh.eu\/wp-content\/uploads\/2022\/02\/Ebroh-Jump-Carbon-Wallride_-35-100x100.jpg 100w\" sizes=\"auto, (max-width: 600px) 100vw, 600px\" \/><\/a><\/div><div class=\"item grid-item cbp-item vntd-gallery-item mp-gallery\"><a href=\"https:\/\/ebroh.eu\/wp-content\/uploads\/2020\/06\/SPUMA.jpg\"><div class=\"gallery-item-overlay\"><\/div><img loading=\"lazy\" decoding=\"async\" width=\"600\" height=\"600\" src=\"https:\/\/ebroh.eu\/wp-content\/uploads\/2020\/06\/SPUMA-600x600.jpg\" class=\"attachment-engage-masonry-square\" alt=\"\" title=\"SPUMA\" srcset=\"https:\/\/ebroh.eu\/wp-content\/uploads\/2020\/06\/SPUMA-600x600.jpg 600w, https:\/\/ebroh.eu\/wp-content\/uploads\/2020\/06\/SPUMA-450x450.jpg 450w, https:\/\/ebroh.eu\/wp-content\/uploads\/2020\/06\/SPUMA-100x100.jpg 100w, https:\/\/ebroh.eu\/wp-content\/uploads\/2020\/06\/SPUMA-300x300.jpg 300w, https:\/\/ebroh.eu\/wp-content\/uploads\/2020\/06\/SPUMA-150x150.jpg 150w, https:\/\/ebroh.eu\/wp-content\/uploads\/2020\/06\/SPUMA-768x768.jpg 768w, https:\/\/ebroh.eu\/wp-content\/uploads\/2020\/06\/SPUMA.jpg 800w\" sizes=\"auto, (max-width: 600px) 100vw, 600px\" \/><\/a><\/div><div class=\"item grid-item cbp-item vntd-gallery-item mp-gallery\"><a href=\"https:\/\/ebroh.eu\/wp-content\/uploads\/2020\/06\/PASIONE4.jpg\"><div class=\"gallery-item-overlay\"><\/div><img loading=\"lazy\" decoding=\"async\" width=\"600\" height=\"600\" src=\"https:\/\/ebroh.eu\/wp-content\/uploads\/2020\/06\/PASIONE4-600x600.jpg\" class=\"attachment-engage-masonry-square\" alt=\"\" title=\"PASIONE4\" srcset=\"https:\/\/ebroh.eu\/wp-content\/uploads\/2020\/06\/PASIONE4-600x600.jpg 600w, https:\/\/ebroh.eu\/wp-content\/uploads\/2020\/06\/PASIONE4-450x450.jpg 450w, https:\/\/ebroh.eu\/wp-content\/uploads\/2020\/06\/PASIONE4-100x100.jpg 100w, https:\/\/ebroh.eu\/wp-content\/uploads\/2020\/06\/PASIONE4-300x300.jpg 300w, https:\/\/ebroh.eu\/wp-content\/uploads\/2020\/06\/PASIONE4-150x150.jpg 150w, https:\/\/ebroh.eu\/wp-content\/uploads\/2020\/06\/PASIONE4-768x768.jpg 768w, https:\/\/ebroh.eu\/wp-content\/uploads\/2020\/06\/PASIONE4.jpg 800w\" sizes=\"auto, (max-width: 600px) 100vw, 600px\" \/><\/a><\/div><div class=\"item grid-item cbp-item vntd-gallery-item mp-gallery\"><a href=\"https:\/\/ebroh.eu\/wp-content\/uploads\/2021\/12\/Captura.jpg\"><div class=\"gallery-item-overlay\"><\/div><img loading=\"lazy\" decoding=\"async\" width=\"600\" height=\"600\" src=\"https:\/\/ebroh.eu\/wp-content\/uploads\/2021\/12\/Captura-600x600.jpg\" class=\"attachment-engage-masonry-square\" alt=\"\" title=\"Captura\" srcset=\"https:\/\/ebroh.eu\/wp-content\/uploads\/2021\/12\/Captura-600x600.jpg 600w, https:\/\/ebroh.eu\/wp-content\/uploads\/2021\/12\/Captura-150x150.jpg 150w, https:\/\/ebroh.eu\/wp-content\/uploads\/2021\/12\/Captura-450x450.jpg 450w, https:\/\/ebroh.eu\/wp-content\/uploads\/2021\/12\/Captura-100x100.jpg 100w\" sizes=\"auto, (max-width: 600px) 100vw, 600px\" \/><\/a><\/div><\/div><\/div>[vc_row_inner][vc_column_inner width=&#8221;1\/4&#8243;][\/vc_column_inner][vc_column_inner width=&#8221;1\/4&#8243;]<div class=\"vntd-icon-box vntd-content-element box-centered-basic icon-size-lg box-centered  animated vntd-animated  icon-box-with-link\" data-animation=\"fadeIn\" data-animation-delay=\"100\"><a href=\"https:\/\/ebroh.es\/productos\/e-bikes\/plegables\/bicicleta-electrica-pasione\/\" target=\"_self\"><div class=\"icon-box-icon\"><i class=\"fas fa-biking\"><\/i><\/div><div class=\"icon-box-content\"><h5 class=\"icon-box-title\">Sei un ciclista?<\/h5><p class=\"icon-description\"><\/p><\/div><\/a><\/div>[\/vc_column_inner][vc_column_inner width=&#8221;1\/4&#8243;]<div class=\"vntd-icon-box vntd-content-element box-centered-basic icon-size-lg box-centered  animated vntd-animated  icon-box-with-link\" data-animation=\"fadeIn\" data-animation-delay=\"100\"><a href=\"https:\/\/ebroh.es\/e-scooters\/\" target=\"_self\"><div class=\"icon-box-icon\"><i class=\"fas fa-motorcycle\"><\/i><\/div><div class=\"icon-box-content\"><h5 class=\"icon-box-title\">Sei un motociclista?<\/h5><p class=\"icon-description\"><\/p><\/div><\/a><\/div>[\/vc_column_inner][vc_column_inner width=&#8221;1\/4&#8243;][\/vc_column_inner][\/vc_row_inner][\/vc_column][\/vc_row][vc_row full_width=&#8221;stretch_row_content&#8221; equal_height=&#8221;yes&#8221;][vc_column width=&#8221;1\/6&#8243;][\/vc_column][vc_column width=&#8221;2\/3&#8243; col_padding_side=&#8221;top_bottom&#8221;][vc_row_inner equal_height=&#8221;yes&#8221; content_placement=&#8221;middle&#8221; el_class=&#8221;caracteristicas&#8221;][vc_column_inner width=&#8221;1\/2&#8243;][vc_custom_heading text=&#8221;Riuscite a immaginare le sensazioni di una bici sportiva, alimentata da un cuore elettrico?&#8221; font_container=&#8221;tag:h2|text_align:center&#8221; use_theme_fonts=&#8221;yes&#8221; link=&#8221;url:https%3A%2F%2Febroh.es%2Fnaked%2F|&#8221;][vc_column_text font_size=&#8221;xlarger&#8221;]<br \/>\n<span class=\"tlid-translation translation\" lang=\"it\"><span title=\"\"><span class=\"tlid-translation translation\" lang=\"nl\"><strong>Ebroh Bravo GLE 2021 &#8211; Bravo GLS<\/strong><\/span>.<\/span> <span title=\"\">Un concept Sport Naked con le geometrie e le dimensioni di una moto di media cilindrata.<\/span> <span title=\"\">Con benefici, comportamenti e autonomia necessari per la quotidianit\u00e0.<\/span> <span class=\"\" title=\"\">Nessun rumore, nessun gas nocivo, ma con una maneggevolezza dinamica e la sensazione autentica di un&#8217;auto sportiva.<\/span><\/span><br \/>\n[\/vc_column_text][\/vc_column_inner][vc_column_inner width=&#8221;1\/2&#8243;][vc_single_image image=&#8221;18707&#8243; img_size=&#8221;500&#215;500&#8243; alignment=&#8221;center&#8221; onclick=&#8221;zoom&#8221; css_animation=&#8221;fadeIn&#8221;][\/vc_column_inner][\/vc_row_inner][\/vc_column][vc_column width=&#8221;1\/6&#8243;][\/vc_column][\/vc_row][vc_row full_width=&#8221;stretch_row_content&#8221; equal_height=&#8221;yes&#8221;][vc_column width=&#8221;1\/6&#8243;][\/vc_column][vc_column width=&#8221;2\/3&#8243; col_padding_side=&#8221;top_bottom&#8221;][vc_row_inner equal_height=&#8221;yes&#8221; content_placement=&#8221;middle&#8221; el_class=&#8221;caracteristicas&#8221;][vc_column_inner width=&#8221;1\/2&#8243;][vc_single_image image=&#8221;3251&#8243; img_size=&#8221;500&#215;500&#8243; alignment=&#8221;center&#8221; onclick=&#8221;zoom&#8221; css_animation=&#8221;fadeIn&#8221;][\/vc_column_inner][vc_column_inner width=&#8221;1\/2&#8243;][vc_custom_heading text=&#8221;Scooters y Maxi Scooters EElettrici&#8221; font_container=&#8221;tag:h2|text_align:center&#8221; use_theme_fonts=&#8221;yes&#8221; link=&#8221;url:https%3A%2F%2Febroh.es%2Fit%2Fe-scooters%2F|&#8221;][vc_column_text font_size=&#8221;xlarger&#8221;]<\/p>\n<p><span class=\"tlid-translation translation\" lang=\"it\"><span class=\"\" title=\"\">Gli scooter elettrici e i maxi scooter <strong>Ebroh<\/strong> offrono uno stile &#8220;<em>Vintage<\/em>&#8221; di successo con un impianto elettrico altamente sofisticato.<\/span> <span class=\"\" title=\"\">L&#8217;obiettivo principale degli sviluppatori \u00e8 quello di fornire loro un pratico e semplice sistema di ricarica elettrica, che necessariamente negli Scooter include una o due batterie rimovibili.<\/span><\/span><\/p>\n<p>[\/vc_column_text][\/vc_column_inner][\/vc_row_inner][\/vc_column][vc_column width=&#8221;1\/6&#8243;][\/vc_column][\/vc_row][vc_row full_width=&#8221;stretch_row_content&#8221; equal_height=&#8221;yes&#8221;][vc_column width=&#8221;1\/6&#8243;][\/vc_column][vc_column width=&#8221;2\/3&#8243; col_padding_side=&#8221;top_bottom&#8221;][vc_row_inner equal_height=&#8221;yes&#8221; content_placement=&#8221;middle&#8221; el_class=&#8221;caracteristicas&#8221;][vc_column_inner width=&#8221;1\/2&#8243;][vc_custom_heading text=&#8221;Bicicletas el\u00e9ctricas Ebroh MTB&#8221; font_container=&#8221;tag:h2|text_align:center&#8221; use_theme_fonts=&#8221;yes&#8221; link=&#8221;url:https%3A%2F%2Febroh.es%2Fit%2Febroh-sava%2F|title:EBROH-%20SAVA|target:%20_blank|&#8221;][vc_column_text font_size=&#8221;xlarger&#8221;]<\/p>\n<div class=\"text-wrap tlid-copy-target\">\n<div class=\"result-shield-container tlid-copy-target\" tabindex=\"0\"><span class=\"tlid-translation translation\" lang=\"it\"><span title=\"\">Esperienza e lavoro altamente specializzato dalla Germania, applicato al concept, alla tecnica, alla scelta di componenti esclusivamente di alta qualit\u00e0 che si traducono in una gamma di <strong>MTB<\/strong> altamente sofisticata.<\/span><\/span><\/div>\n<\/div>\n<div class=\"tlid-result-transliteration-container result-transliteration-container transliteration-container\">\n<div class=\"tlid-transliteration-content transliteration-content full\"><\/div>\n<\/div>\n<p>[\/vc_column_text][\/vc_column_inner][vc_column_inner width=&#8221;1\/2&#8243;][vc_single_image image=&#8221;18580&#8243; img_size=&#8221;500&#215;500&#8243; alignment=&#8221;center&#8221; onclick=&#8221;zoom&#8221; css_animation=&#8221;fadeIn&#8221;][\/vc_column_inner][\/vc_row_inner][\/vc_column][vc_column width=&#8221;1\/6&#8243;][\/vc_column][\/vc_row][vc_row full_width=&#8221;stretch_row_content&#8221; equal_height=&#8221;yes&#8221;][vc_column width=&#8221;1\/6&#8243;][\/vc_column][vc_column width=&#8221;2\/3&#8243; col_padding_side=&#8221;top_bottom&#8221;][vc_row_inner equal_height=&#8221;yes&#8221; content_placement=&#8221;middle&#8221; el_class=&#8221;caracteristicas&#8221;][vc_column_inner width=&#8221;1\/2&#8243;][vc_single_image image=&#8221;5337&#8243; img_size=&#8221;500&#215;500&#8243; alignment=&#8221;center&#8221; onclick=&#8221;zoom&#8221; css_animation=&#8221;fadeIn&#8221;][\/vc_column_inner][vc_column_inner width=&#8221;1\/2&#8243;][vc_custom_heading text=&#8221;Pasion &amp; Pasione&#8221; font_container=&#8221;tag:h2|text_align:center&#8221; use_theme_fonts=&#8221;yes&#8221; link=&#8221;url:https%3A%2F%2Febroh.es%2Fit%2Fe-bikes%2Fpieghevole%2F|&#8221;][vc_column_text font_size=&#8221;xlarger&#8221;]<\/p>\n<p><span class=\"tlid-translation translation\" lang=\"it\"><span title=\"\"><strong>Ebroh<\/strong> Pasion &amp; Pasione, una piccola grande meraviglia di una bicicletta, urbana, pieghevole, super leggera ed economica.<\/span> <span class=\"\" title=\"\">L&#8217;origine di Pasion &amp; Pasione si trova in Germania, dove \u00e8 nato un gruppo di sviluppatori e un team creativo dedicato alla creazione di biciclette professionali ad alta competizione.<\/span> <span class=\"\" title=\"\">L&#8217;assistenza elettrica del Pasione, configurata in cinque livelli di assistenza, ti permetter\u00e0 di affrontare qualsiasi viaggio con il massimo comfort.<\/span><\/span><\/p>\n<p>[\/vc_column_text][\/vc_column_inner][\/vc_row_inner][\/vc_column][vc_column width=&#8221;1\/6&#8243;][\/vc_column][\/vc_row][vc_row full_width=&#8221;stretch_row_content_no_spaces&#8221; full_height=&#8221;yes&#8221; columns_placement=&#8221;stretch&#8221; equal_height=&#8221;yes&#8221; content_placement=&#8221;middle&#8221; video_bg=&#8221;yes&#8221; video_bg_url=&#8221;https:\/\/www.youtube.com\/watch?v=WrNjPZ5i0Wc&#8221; css=&#8221;.vc_custom_1644233942536{margin-top: 0px !important;margin-bottom: 0px !important;border-top-width: 0px !important;border-bottom-width: 0px !important;}&#8221;][vc_column][vc_custom_heading text=&#8221;Puoi prendere subito la tua bici o motocicletta e riceverla in meno di 48 ore, con una garanzia di 2 anni&#8221; font_container=&#8221;tag:h1|text_align:center|color:%23ffffff&#8221; use_theme_fonts=&#8221;yes&#8221; css_animation=&#8221;appear&#8221;][vc_btn title=&#8221;ENTRA NEL NOSTRO NEGOZIO&#8221; style=&#8221;outline&#8221; shape=&#8221;square&#8221; color=&#8221;white&#8221; size=&#8221;lg&#8221; align=&#8221;center&#8221; css_animation=&#8221;fadeIn&#8221; link=&#8221;url:https%3A%2F%2Febroh.es%2Fes%2Fe-scooters%2F|&#8221;][\/vc_column][\/vc_row]<\/p>\n<\/section>","protected":false},"excerpt":{"rendered":"<p>[vc_row full_width=&#8221;stretch_row_content_no_spaces&#8221; full_height=&#8221;yes&#8221; columns_placement=&#8221;stretch&#8221; equal_height=&#8221;yes&#8221; content_placement=&#8221;middle&#8221; video_bg=&#8221;yes&#8221; video_bg_url=&#8221;https:\/\/www.youtube.com\/watch?v=tlrLjJm_H20&#8243; css=&#8221;.vc_custom_1686818732048{padding-top: 0px !important;padding-bottom: 0px !important;}&#8221; el_id=&#8221;home-video&#8221;][vc_column][\/vc_column][\/vc_row][vc_row full_width=&#8221;stretch_row_content&#8221; css=&#8221;.vc_custom_1542911284138{margin-bottom: 30px !important;}&#8221;][vc_column width=&#8221;1\/6&#8243;][\/vc_column][vc_column width=&#8221;2\/3&#8243;][vc_custom_heading text=&#8221;SOLO D\u00c9 UN MODO DA CURARE IL PIANETTA.&#8221; font_container=&#8221;tag:h2|font_size:46px|text_align:center&#8221; use_theme_fonts=&#8221;yes&#8221;][vc_separator][vc_column_text font_size=&#8221;xlarge&#8221; el_class=&#8221;claim&#8221;] Ebroh si sta muovendo verso la mobilit\u00e0 elettrica, citt\u00e0 pi\u00f9 pulite e conducenti che amano guidare, conducenti attenti [&hellip;]<\/p>\n","protected":false},"author":1,"featured_media":0,"parent":0,"menu_order":0,"comment_status":"closed","ping_status":"closed","template":"","meta":{"footnotes":""},"class_list":["post-10992","page","type-page","status-publish","hentry"],"_links":{"self":[{"href":"https:\/\/ebroh.eu\/it\/wp-json\/wp\/v2\/pages\/10992","targetHints":{"allow":["GET"]}}],"collection":[{"href":"https:\/\/ebroh.eu\/it\/wp-json\/wp\/v2\/pages"}],"about":[{"href":"https:\/\/ebroh.eu\/it\/wp-json\/wp\/v2\/types\/page"}],"author":[{"embeddable":true,"href":"https:\/\/ebroh.eu\/it\/wp-json\/wp\/v2\/users\/1"}],"replies":[{"embeddable":true,"href":"https:\/\/ebroh.eu\/it\/wp-json\/wp\/v2\/comments?post=10992"}],"version-history":[{"count":54,"href":"https:\/\/ebroh.eu\/it\/wp-json\/wp\/v2\/pages\/10992\/revisions"}],"predecessor-version":[{"id":29846,"href":"https:\/\/ebroh.eu\/it\/wp-json\/wp\/v2\/pages\/10992\/revisions\/29846"}],"wp:attachment":[{"href":"https:\/\/ebroh.eu\/it\/wp-json\/wp\/v2\/media?parent=10992"}],"curies":[{"name":"wp","href":"https:\/\/api.w.org\/{rel}","templated":true}]}}