{"id":10985,"date":"2020-10-20T09:11:43","date_gmt":"2020-10-20T07:11:43","guid":{"rendered":"https:\/\/ebroh.es\/registrazione\/"},"modified":"2020-10-20T09:11:44","modified_gmt":"2020-10-20T07:11:44","slug":"registrazione","status":"publish","type":"page","link":"https:\/\/ebroh.eu\/it\/registrazione\/","title":{"rendered":"Registrazione"},"content":{"rendered":"<section class=\"wpb-content-wrapper\"><p>[vc_row][vc_column][vc_custom_heading text=&#8221;Documentazione di registrazione&#8221; font_container=&#8221;tag:h2|text_align:center&#8221; use_theme_fonts=&#8221;yes&#8221;][vc_column_text]<\/p>\n<div class=\"text-wrap tlid-copy-target\">\n<div class=\"result-shield-container tlid-copy-target\" tabindex=\"0\"><span class=\"tlid-translation translation\" lang=\"it\"><strong>Richiesta del modulo ufficiale Persone fisiche:<\/strong> documento ufficiale che dimostra l&#8217;identit\u00e0 e l&#8217;indirizzo del titolare (DNI, patente di guida spagnola, carta di soggiorno, passaporto e numero di identificazione dello straniero). Con ci\u00f2 Ebroh emette il modulo e la fattura di vendita che consegna all&#8217;acquirente per procedere con la registrazione. Per farlo attraverso un&#8217;agenzia, Ebroh emetter\u00e0 un &#8220;mandato&#8221; per autorizzarlo alla registrazione. <strong>Persone giuridiche:<\/strong> carta d&#8217;identit\u00e0 fiscale della societ\u00e0 e comprovante la rappresentanza e l&#8217;identit\u00e0 dell&#8217;avvocato &#8220;mandato&#8221;. Minori o portatori di handicap: dati e firma del padre, della madre o del tutore, il loro documento di identit\u00e0 e documento comprovante il concetto per cui agiscono. <strong>Paesi UE:<\/strong> Ebroh emette la fattura e il documento COC (Certificato di Conformit\u00e0 Europeo) in modo che l&#8217;acquirente possa immatricolarsi nel paese in cui il veicolo circoler\u00e0. <strong>Tasse Prova<\/strong> di pagamento o esenzione Tassa di Circolazione del Comune in cui \u00e8 domiciliato il richiedente (originale o fotocopia). Prova di pagamento \/ esenzione \/ non assoggettamento della tassa di registrazione (modello 576, 06 o 05 dell&#8217;Agenzia delle contribuzioni statali, www.aeat.es). La registrazione \u00e8 a carico dell&#8217;acquirente.<\/span><\/div>\n<\/div>\n<div class=\"tlid-result-transliteration-container result-transliteration-container transliteration-container\">\n<div class=\"tlid-transliteration-content transliteration-content full\">\u00a0<\/div>\n<\/div>\n<p>[\/vc_column_text][\/vc_column][\/vc_row]<\/p>\n<\/section>","protected":false},"excerpt":{"rendered":"<p>[vc_row][vc_column][vc_custom_heading text=&#8221;Documentazione di registrazione&#8221; font_container=&#8221;tag:h2|text_align:center&#8221; use_theme_fonts=&#8221;yes&#8221;][vc_column_text] Richiesta del modulo ufficiale Persone fisiche: documento ufficiale che dimostra l&#8217;identit\u00e0 e l&#8217;indirizzo del titolare (DNI, patente di guida spagnola, carta di soggiorno, passaporto e numero di identificazione dello straniero). Con ci\u00f2 Ebroh emette il modulo e la fattura di vendita che consegna all&#8217;acquirente [&hellip;]<\/p>\n","protected":false},"author":3,"featured_media":0,"parent":0,"menu_order":0,"comment_status":"closed","ping_status":"closed","template":"","meta":{"footnotes":""},"class_list":["post-10985","page","type-page","status-publish","hentry"],"_links":{"self":[{"href":"https:\/\/ebroh.eu\/it\/wp-json\/wp\/v2\/pages\/10985","targetHints":{"allow":["GET"]}}],"collection":[{"href":"https:\/\/ebroh.eu\/it\/wp-json\/wp\/v2\/pages"}],"about":[{"href":"https:\/\/ebroh.eu\/it\/wp-json\/wp\/v2\/types\/page"}],"author":[{"embeddable":true,"href":"https:\/\/ebroh.eu\/it\/wp-json\/wp\/v2\/users\/3"}],"replies":[{"embeddable":true,"href":"https:\/\/ebroh.eu\/it\/wp-json\/wp\/v2\/comments?post=10985"}],"version-history":[{"count":2,"href":"https:\/\/ebroh.eu\/it\/wp-json\/wp\/v2\/pages\/10985\/revisions"}],"predecessor-version":[{"id":10987,"href":"https:\/\/ebroh.eu\/it\/wp-json\/wp\/v2\/pages\/10985\/revisions\/10987"}],"wp:attachment":[{"href":"https:\/\/ebroh.eu\/it\/wp-json\/wp\/v2\/media?parent=10985"}],"curies":[{"name":"wp","href":"https:\/\/api.w.org\/{rel}","templated":true}]}}