{"id":10073,"date":"2020-10-19T13:59:51","date_gmt":"2020-10-19T11:59:51","guid":{"rendered":"https:\/\/ebroh.es\/e-bikes\/pieghevole\/"},"modified":"2021-04-13T14:47:35","modified_gmt":"2021-04-13T12:47:35","slug":"pieghevole","status":"publish","type":"page","link":"https:\/\/ebroh.eu\/it\/pieghevole\/","title":{"rendered":"Pieghevole"},"content":{"rendered":"<div class=\"woocommerce columns-3 \"><ul class=\"products columns-3\">\n<li class=\"product type-product post-2679 status-publish first instock product_cat-pliants has-post-thumbnail taxable shipping-taxable product-type-variable has-default-attributes\">\n\t<a href=\"https:\/\/ebroh.eu\/fr\/produit\/e-bikes-fr\/pliants\/velo-electrique-pasione\/\" class=\"woocommerce-LoopProduct-link woocommerce-loop-product__link\"><div class=\"product-thumbnail-wrap vntd-accent-bg-color\"><img loading=\"lazy\" decoding=\"async\" width=\"450\" height=\"450\" src=\"https:\/\/ebroh.eu\/wp-content\/uploads\/2018\/12\/Pasione-roja-450x450.jpg\" class=\"attachment-woocommerce_thumbnail size-woocommerce_thumbnail\" alt=\"V\u00e9lo \u00e9lectrique Pasione\" srcset=\"https:\/\/ebroh.eu\/wp-content\/uploads\/2018\/12\/Pasione-roja-450x450.jpg 450w, https:\/\/ebroh.eu\/wp-content\/uploads\/2018\/12\/Pasione-roja-100x100.jpg 100w, https:\/\/ebroh.eu\/wp-content\/uploads\/2018\/12\/Pasione-roja-150x150.jpg 150w, https:\/\/ebroh.eu\/wp-content\/uploads\/2018\/12\/Pasione-roja-300x300.jpg 300w, https:\/\/ebroh.eu\/wp-content\/uploads\/2018\/12\/Pasione-roja-600x600.jpg 600w, https:\/\/ebroh.eu\/wp-content\/uploads\/2018\/12\/Pasione-roja.jpg 640w\" sizes=\"auto, (max-width: 450px) 100vw, 450px\" \/><div class=\"overlay-rating\"><\/div><div class=\"product-overlay\"><div class=\"product-overlay-inner\">Ver detalles<\/div><\/div><\/div><div class=\"product-details-wrap\"><div class=\"product-category\">Pliants<\/div><h2 class=\"woocommerce-loop-product__title\">V\u00e9lo \u00e9lectrique Pasione<\/h2><h3 class=\"vntd-product-title\"><a href=\"https:\/\/ebroh.eu\/fr\/produit\/e-bikes-fr\/pliants\/velo-electrique-pasione\/\">V\u00e9lo \u00e9lectrique Pasione<\/a><\/h3><div class=\"vntd-product-details btn btn-style-default btn-dark btn-icon accent-hover-bg\"><i class=\"fa fa-file-text-o\"><\/i>Ver detalles<\/div><div class=\"vntd-product-price\">\n<div class=\"vntd-product-rating\"><\/div><\/div><\/div><\/a><a href=\"https:\/\/ebroh.eu\/fr\/produit\/e-bikes-fr\/pliants\/velo-electrique-pasione\/\" aria-describedby=\"woocommerce_loop_add_to_cart_link_describedby_2679\" data-quantity=\"1\" class=\"button product_type_variable\" data-product_id=\"2679\" data-product_sku=\"\" aria-label=\"Seleziona le opzioni per &ldquo;V\u00e9lo \u00e9lectrique Pasione&rdquo;\" rel=\"nofollow\">Leggi tutto<\/a>\t<span id=\"woocommerce_loop_add_to_cart_link_describedby_2679\" class=\"screen-reader-text\">\n\t\t\t<\/span>\n<span class=\"gtm4wp_productdata\" style=\"display:none; visibility:hidden;\" data-gtm4wp_product_data=\"{&quot;internal_id&quot;:2679,&quot;item_id&quot;:2679,&quot;item_name&quot;:&quot;V\\u00e9lo \\u00e9lectrique Pasione&quot;,&quot;sku&quot;:2679,&quot;price&quot;:0,&quot;stocklevel&quot;:null,&quot;stockstatus&quot;:&quot;instock&quot;,&quot;google_business_vertical&quot;:&quot;retail&quot;,&quot;item_category&quot;:&quot;Pliants&quot;,&quot;id&quot;:2679,&quot;productlink&quot;:&quot;https:\\\/\\\/ebroh.eu\\\/fr\\\/produit\\\/e-bikes-fr\\\/pliants\\\/velo-electrique-pasione\\\/&quot;,&quot;item_list_name&quot;:&quot;General Product List&quot;,&quot;index&quot;:1,&quot;product_type&quot;:&quot;variable&quot;,&quot;item_brand&quot;:&quot;&quot;}\"><\/span><\/li>\n<\/ul>\n<\/div>\n","protected":false},"excerpt":{"rendered":"Ver detallesPliantsV\u00e9lo \u00e9lectrique PasioneV\u00e9lo \u00e9lectrique PasioneVer detalles Leggi tutto","protected":false},"author":1,"featured_media":0,"parent":0,"menu_order":0,"comment_status":"closed","ping_status":"closed","template":"","meta":{"footnotes":""},"class_list":["post-10073","page","type-page","status-publish","hentry"],"_links":{"self":[{"href":"https:\/\/ebroh.eu\/it\/wp-json\/wp\/v2\/pages\/10073","targetHints":{"allow":["GET"]}}],"collection":[{"href":"https:\/\/ebroh.eu\/it\/wp-json\/wp\/v2\/pages"}],"about":[{"href":"https:\/\/ebroh.eu\/it\/wp-json\/wp\/v2\/types\/page"}],"author":[{"embeddable":true,"href":"https:\/\/ebroh.eu\/it\/wp-json\/wp\/v2\/users\/1"}],"replies":[{"embeddable":true,"href":"https:\/\/ebroh.eu\/it\/wp-json\/wp\/v2\/comments?post=10073"}],"version-history":[{"count":1,"href":"https:\/\/ebroh.eu\/it\/wp-json\/wp\/v2\/pages\/10073\/revisions"}],"predecessor-version":[{"id":15098,"href":"https:\/\/ebroh.eu\/it\/wp-json\/wp\/v2\/pages\/10073\/revisions\/15098"}],"wp:attachment":[{"href":"https:\/\/ebroh.eu\/it\/wp-json\/wp\/v2\/media?parent=10073"}],"curies":[{"name":"wp","href":"https:\/\/api.w.org\/{rel}","templated":true}]}}