{"id":5657,"date":"2019-09-16T18:58:24","date_gmt":"2019-11-04T17:44:02","guid":{"rendered":"https:\/\/ebroh.es\/productos\/non%20class\u00e9\/scooter-electrique-strada-20th\/"},"modified":"2023-04-13T10:22:19","modified_gmt":"2023-04-13T08:22:19","slug":"scooter-electrique-strada-20th","status":"publish","type":"product","link":"https:\/\/ebroh.eu\/fr\/produit\/e-maxi-scooters-fr\/scooter-electrique-strada-20th\/","title":{"rendered":"Scooter \u00e9lectrique Strada 20th-10K"},"content":{"rendered":"","protected":false},"excerpt":{"rendered":"<div class=\"text-wrap tlid-copy-target\">\n<div tabindex=\"0\"><strong>Temporairement en rupture<\/strong><\/div>\n<div tabindex=\"0\"><\/div>\n<div class=\"result-shield-container tlid-copy-target\" tabindex=\"0\">\n<p><span class=\"tlid-translation translation\" lang=\"fr\"><span class=\"\" title=\"\">Disponible en diff\u00e9rentes couleurs: GRIS, NOIR, BLANC ET OR.<\/span> <a href=\"mailto: info@ebroh.es\"><span class=\"\" title=\"\">Demandez nous!<\/span><\/a><\/span><\/p>\n<p><span class=\"\" title=\"\">Il dispose d&rsquo;un chargeur USB, d&rsquo;une t\u00e9l\u00e9commande et de la possibilit\u00e9 de connecter le lecteur OBD2.<\/span><\/p>\n<p><span class=\"\" title=\"\">Coffre de grande capacit\u00e9 non inclus dans le prix.<\/span> <a href=\"https:\/\/ebroh.es\/fr\/produit\/e-scooters-fr\/coffre-de-scooter-electrique-strada-20th\/\"><span title=\"\">Acheter!<\/span><\/a><\/p>\n<p><span title=\"\">Batterie au lithium.<\/span><\/p>\n<p><a href=\"https:\/\/ebroh.es\/fr\/politique-de-garantie\/\"><span title=\"\">Politique de garantie<\/span><\/a><\/p>\n<p><a href=\"https:\/\/ebroh.es\/fr\/enregistrement\/\"><span class=\"\" title=\"\">Documentation d&rsquo;inscription<\/span><\/a><\/p>\n<\/div>\n<\/div>\n","protected":false},"featured_media":5384,"comment_status":"closed","ping_status":"closed","template":"","meta":[],"product_brand":[],"product_cat":[1031],"product_tag":[],"class_list":{"0":"post-5657","1":"product","2":"type-product","3":"status-publish","4":"has-post-thumbnail","6":"product_cat-e-maxi-scooters-fr","8":"first","9":"outofstock","10":"taxable","11":"shipping-taxable","12":"product-type-variable","13":"has-default-attributes"},"_links":{"self":[{"href":"https:\/\/ebroh.eu\/fr\/wp-json\/wp\/v2\/product\/5657","targetHints":{"allow":["GET"]}}],"collection":[{"href":"https:\/\/ebroh.eu\/fr\/wp-json\/wp\/v2\/product"}],"about":[{"href":"https:\/\/ebroh.eu\/fr\/wp-json\/wp\/v2\/types\/product"}],"replies":[{"embeddable":true,"href":"https:\/\/ebroh.eu\/fr\/wp-json\/wp\/v2\/comments?post=5657"}],"wp:featuredmedia":[{"embeddable":true,"href":"https:\/\/ebroh.eu\/fr\/wp-json\/wp\/v2\/media\/5384"}],"wp:attachment":[{"href":"https:\/\/ebroh.eu\/fr\/wp-json\/wp\/v2\/media?parent=5657"}],"wp:term":[{"taxonomy":"product_brand","embeddable":true,"href":"https:\/\/ebroh.eu\/fr\/wp-json\/wp\/v2\/product_brand?post=5657"},{"taxonomy":"product_cat","embeddable":true,"href":"https:\/\/ebroh.eu\/fr\/wp-json\/wp\/v2\/product_cat?post=5657"},{"taxonomy":"product_tag","embeddable":true,"href":"https:\/\/ebroh.eu\/fr\/wp-json\/wp\/v2\/product_tag?post=5657"}],"curies":[{"name":"wp","href":"https:\/\/api.w.org\/{rel}","templated":true}]}}