{"id":29718,"date":"2023-04-27T12:09:44","date_gmt":"2023-04-27T10:09:44","guid":{"rendered":"https:\/\/ebroh.eu\/productos\/sin categor\u00eda\/scooter-electrique-special-quattrolete\/"},"modified":"2023-04-27T12:09:44","modified_gmt":"2023-04-27T10:09:44","slug":"scooter-electrique-special-quattrolete","status":"publish","type":"product","link":"https:\/\/ebroh.eu\/fr\/produit\/e-scooters-fr\/scooter-electrique-special-quattrolete\/","title":{"rendered":"Scooter \u00e9lectrique sp\u00e9cial Quattrolete"},"content":{"rendered":"","protected":false},"excerpt":{"rendered":"<p>Couleurs : GRIS, ROUGE et BLEU. <a href=\"mailto: info@ebroh.es\">Contactez nous et faites votre r\u00e9servation!<\/a><\/p>\n<p><a href=\"https:\/\/ebroh.es\/fr\/politique-de-garantie\/\">Politique de garantie<\/a><\/p>\n<p><a href=\"https:\/\/ebroh.es\/fr\/enregistrement\/\">Enregistrement de la documentation<\/a><\/p>\n<p>Si vous \u00eates int\u00e9ress\u00e9, <a href=\"mailto: info@ebroh.es\">CONSULTEZ<\/a><\/p>\n<p><img loading=\"lazy\" decoding=\"async\" class=\"alignnone wp-image-26420\" src=\"https:\/\/ebroh.es\/wp-content\/uploads\/2022\/11\/quattrolete-plata-lat.jpg\" alt=\"\" width=\"255\" height=\"260\" srcset=\"https:\/\/ebroh.eu\/wp-content\/uploads\/2022\/11\/quattrolete-plata-lat.jpg 800w, https:\/\/ebroh.eu\/wp-content\/uploads\/2022\/11\/quattrolete-plata-lat-294x300.jpg 294w, https:\/\/ebroh.eu\/wp-content\/uploads\/2022\/11\/quattrolete-plata-lat-768x784.jpg 768w, https:\/\/ebroh.eu\/wp-content\/uploads\/2022\/11\/quattrolete-plata-lat-600x613.jpg 600w\" sizes=\"auto, (max-width: 255px) 100vw, 255px\" \/> <img loading=\"lazy\" decoding=\"async\" class=\"alignnone wp-image-26390\" src=\"https:\/\/ebroh.es\/wp-content\/uploads\/2022\/11\/Quattrolete-azul.jpg\" alt=\"\" width=\"236\" height=\"260\" srcset=\"https:\/\/ebroh.eu\/wp-content\/uploads\/2022\/11\/Quattrolete-azul.jpg 800w, https:\/\/ebroh.eu\/wp-content\/uploads\/2022\/11\/Quattrolete-azul-273x300.jpg 273w, https:\/\/ebroh.eu\/wp-content\/uploads\/2022\/11\/Quattrolete-azul-768x845.jpg 768w, https:\/\/ebroh.eu\/wp-content\/uploads\/2022\/11\/Quattrolete-azul-600x660.jpg 600w\" sizes=\"auto, (max-width: 236px) 100vw, 236px\" \/><\/p>\n","protected":false},"featured_media":26440,"comment_status":"closed","ping_status":"closed","template":"","meta":[],"product_brand":[],"product_cat":[288],"product_tag":[],"class_list":{"0":"post-29718","1":"product","2":"type-product","3":"status-publish","4":"has-post-thumbnail","6":"product_cat-e-scooters-fr","8":"first","9":"instock","10":"taxable","11":"shipping-taxable","12":"product-type-variable"},"_links":{"self":[{"href":"https:\/\/ebroh.eu\/fr\/wp-json\/wp\/v2\/product\/29718","targetHints":{"allow":["GET"]}}],"collection":[{"href":"https:\/\/ebroh.eu\/fr\/wp-json\/wp\/v2\/product"}],"about":[{"href":"https:\/\/ebroh.eu\/fr\/wp-json\/wp\/v2\/types\/product"}],"replies":[{"embeddable":true,"href":"https:\/\/ebroh.eu\/fr\/wp-json\/wp\/v2\/comments?post=29718"}],"wp:featuredmedia":[{"embeddable":true,"href":"https:\/\/ebroh.eu\/fr\/wp-json\/wp\/v2\/media\/26440"}],"wp:attachment":[{"href":"https:\/\/ebroh.eu\/fr\/wp-json\/wp\/v2\/media?parent=29718"}],"wp:term":[{"taxonomy":"product_brand","embeddable":true,"href":"https:\/\/ebroh.eu\/fr\/wp-json\/wp\/v2\/product_brand?post=29718"},{"taxonomy":"product_cat","embeddable":true,"href":"https:\/\/ebroh.eu\/fr\/wp-json\/wp\/v2\/product_cat?post=29718"},{"taxonomy":"product_tag","embeddable":true,"href":"https:\/\/ebroh.eu\/fr\/wp-json\/wp\/v2\/product_tag?post=29718"}],"curies":[{"name":"wp","href":"https:\/\/api.w.org\/{rel}","templated":true}]}}