{"id":2679,"date":"2018-12-24T14:45:04","date_gmt":"2018-12-24T12:45:04","guid":{"rendered":"http:\/\/ebroh.es\/productos\/non%20class\u00e9\/velo-electrique-pasione\/"},"modified":"2023-06-14T12:22:25","modified_gmt":"2023-06-14T10:22:25","slug":"velo-electrique-pasione","status":"publish","type":"product","link":"https:\/\/ebroh.eu\/fr\/produit\/e-bikes-fr\/pliants\/velo-electrique-pasione\/","title":{"rendered":"V\u00e9lo \u00e9lectrique Pasione"},"content":{"rendered":"","protected":false},"excerpt":{"rendered":"<p>Disponible en diff\u00e9rentes couleurs<\/p>\n<p>L\u00e9ger et pliable: <a href=\"https:\/\/www.youtube.com\/watch?v=hQ0F--piuOM\" target=\"_blank\" rel=\"noopener noreferrer\">regarder la vid\u00e9o<\/a><\/p>\n<p>T\u00e9l\u00e9chargez le <a href=\"http:\/\/www.ebroh.es\/manueldelutilisateur-pasione-MANEBROHB001FR.pdf\" target=\"_blank\" rel=\"noopener noreferrer\">manuel d&rsquo;utilisation<\/a><\/p>\n<p><a href=\"https:\/\/ebroh.es\/fr\/politique-de-garantie-des-velos-electriques\/\"><span class=\"tlid-translation translation\" lang=\"fr\"><span class=\"\" title=\"\">Politique de garantie<\/span><\/span><\/a><\/p>\n<p>ACCESSOIRE COMFORT KIT (non inclus): Pied de support, et garde-boue arri\u00e8re et avant.<\/p>\n","protected":false},"featured_media":2079,"comment_status":"closed","ping_status":"closed","template":"","meta":[],"product_brand":[],"product_cat":[291],"product_tag":[],"class_list":{"0":"post-2679","1":"product","2":"type-product","3":"status-publish","4":"has-post-thumbnail","6":"product_cat-pliants","8":"first","9":"instock","10":"taxable","11":"shipping-taxable","12":"product-type-variable","13":"has-default-attributes"},"_links":{"self":[{"href":"https:\/\/ebroh.eu\/fr\/wp-json\/wp\/v2\/product\/2679","targetHints":{"allow":["GET"]}}],"collection":[{"href":"https:\/\/ebroh.eu\/fr\/wp-json\/wp\/v2\/product"}],"about":[{"href":"https:\/\/ebroh.eu\/fr\/wp-json\/wp\/v2\/types\/product"}],"replies":[{"embeddable":true,"href":"https:\/\/ebroh.eu\/fr\/wp-json\/wp\/v2\/comments?post=2679"}],"wp:featuredmedia":[{"embeddable":true,"href":"https:\/\/ebroh.eu\/fr\/wp-json\/wp\/v2\/media\/2079"}],"wp:attachment":[{"href":"https:\/\/ebroh.eu\/fr\/wp-json\/wp\/v2\/media?parent=2679"}],"wp:term":[{"taxonomy":"product_brand","embeddable":true,"href":"https:\/\/ebroh.eu\/fr\/wp-json\/wp\/v2\/product_brand?post=2679"},{"taxonomy":"product_cat","embeddable":true,"href":"https:\/\/ebroh.eu\/fr\/wp-json\/wp\/v2\/product_cat?post=2679"},{"taxonomy":"product_tag","embeddable":true,"href":"https:\/\/ebroh.eu\/fr\/wp-json\/wp\/v2\/product_tag?post=2679"}],"curies":[{"name":"wp","href":"https:\/\/api.w.org\/{rel}","templated":true}]}}