{"id":23618,"date":"2022-07-25T13:53:32","date_gmt":"2022-07-25T11:53:39","guid":{"rendered":"https:\/\/ebroh.es\/?post_type=product&#038;p=23618"},"modified":"2023-03-08T10:46:02","modified_gmt":"2023-03-08T08:46:02","slug":"scooter-electrique-smart","status":"publish","type":"product","link":"https:\/\/ebroh.eu\/fr\/produit\/e-scooters-fr\/scooter-electrique-smart\/","title":{"rendered":"Scooter \u00e9lectrique SMART"},"content":{"rendered":"","protected":false},"excerpt":{"rendered":"<p>Disponible en gris\/noir<\/p>\n<p>x2 Batteries au lithium amovibles.<\/p>\n<p><a href=\"https:\/\/ebroh.es\/fr\/politique-de-garantie\/\"><span title=\"\">Politique de garantie<\/span><\/a><\/p>\n<p><a href=\"https:\/\/ebroh.es\/fr\/enregistrement\/\"><span class=\"\" title=\"\">Documentation d&rsquo;inscription<\/span><\/a><\/p>\n<p>Si vous \u00eates int\u00e9ress\u00e9, <a href=\"mailto: info@ebroh.es\">CONSULTEZ<\/a><\/p>\n<p><img loading=\"lazy\" decoding=\"async\" class=\"alignnone wp-image-24071\" src=\"https:\/\/ebroh.es\/wp-content\/uploads\/2022\/07\/smart_front2-LOW.jpg\" alt=\"\" width=\"154\" height=\"260\" srcset=\"https:\/\/ebroh.eu\/wp-content\/uploads\/2022\/07\/smart_front2-LOW.jpg 600w, https:\/\/ebroh.eu\/wp-content\/uploads\/2022\/07\/smart_front2-LOW-178x300.jpg 178w\" sizes=\"auto, (max-width: 154px) 100vw, 154px\" \/> <img loading=\"lazy\" decoding=\"async\" class=\"alignnone wp-image-23689\" src=\"https:\/\/ebroh.es\/wp-content\/uploads\/2022\/07\/smart-front-low.jpg\" alt=\"\" width=\"373\" height=\"260\" srcset=\"https:\/\/ebroh.eu\/wp-content\/uploads\/2022\/07\/smart-front-low.jpg 800w, https:\/\/ebroh.eu\/wp-content\/uploads\/2022\/07\/smart-front-low-300x209.jpg 300w, https:\/\/ebroh.eu\/wp-content\/uploads\/2022\/07\/smart-front-low-768x536.jpg 768w, https:\/\/ebroh.eu\/wp-content\/uploads\/2022\/07\/smart-front-low-600x419.jpg 600w\" sizes=\"auto, (max-width: 373px) 100vw, 373px\" \/><\/p>\n","protected":false},"featured_media":23661,"comment_status":"closed","ping_status":"closed","template":"","meta":[],"product_brand":[],"product_cat":[288],"product_tag":[],"class_list":{"0":"post-23618","1":"product","2":"type-product","3":"status-publish","4":"has-post-thumbnail","6":"product_cat-e-scooters-fr","8":"first","9":"instock","10":"taxable","11":"shipping-taxable","12":"product-type-variable","13":"has-default-attributes"},"_links":{"self":[{"href":"https:\/\/ebroh.eu\/fr\/wp-json\/wp\/v2\/product\/23618","targetHints":{"allow":["GET"]}}],"collection":[{"href":"https:\/\/ebroh.eu\/fr\/wp-json\/wp\/v2\/product"}],"about":[{"href":"https:\/\/ebroh.eu\/fr\/wp-json\/wp\/v2\/types\/product"}],"replies":[{"embeddable":true,"href":"https:\/\/ebroh.eu\/fr\/wp-json\/wp\/v2\/comments?post=23618"}],"wp:featuredmedia":[{"embeddable":true,"href":"https:\/\/ebroh.eu\/fr\/wp-json\/wp\/v2\/media\/23661"}],"wp:attachment":[{"href":"https:\/\/ebroh.eu\/fr\/wp-json\/wp\/v2\/media?parent=23618"}],"wp:term":[{"taxonomy":"product_brand","embeddable":true,"href":"https:\/\/ebroh.eu\/fr\/wp-json\/wp\/v2\/product_brand?post=23618"},{"taxonomy":"product_cat","embeddable":true,"href":"https:\/\/ebroh.eu\/fr\/wp-json\/wp\/v2\/product_cat?post=23618"},{"taxonomy":"product_tag","embeddable":true,"href":"https:\/\/ebroh.eu\/fr\/wp-json\/wp\/v2\/product_tag?post=23618"}],"curies":[{"name":"wp","href":"https:\/\/api.w.org\/{rel}","templated":true}]}}