{"id":21938,"date":"2022-05-27T10:36:26","date_gmt":"2022-05-27T08:36:29","guid":{"rendered":"https:\/\/ebroh.es\/?post_type=product&#038;p=21938"},"modified":"2023-04-11T10:47:30","modified_gmt":"2023-04-11T08:47:30","slug":"scooter-electrique-strada-20th-xt-duo","status":"publish","type":"product","link":"https:\/\/ebroh.eu\/fr\/produit\/e-maxi-scooters-fr\/scooter-electrique-strada-20th-xt-duo\/","title":{"rendered":"Scooter \u00e9lectrique Strada 20th XT DUO"},"content":{"rendered":"","protected":false},"excerpt":{"rendered":"<div class=\"text-wrap tlid-copy-target\">\n<div class=\"result-shield-container tlid-copy-target\" tabindex=\"0\">\n<h3><span style=\"color: #ff6600;\">Temporairement en rupture de stock<\/span><\/h3>\n<h3><a href=\"mailto: info@ebroh.es\">R\u00e9servez d\u00e8s maintenant votre Maxi Scooter!<\/a><\/h3>\n<p><a href=\"mailto: info@ebroh.es\">Couleurs : GRIS, NOIR et BLANC. Contactez-nous et faites votre r\u00e9servation!<\/a><\/p>\n<p>Il dispose d\u2019un chargeur USB, t\u00e9l\u00e9commande et la possibilit\u00e9 de connecter le lecteur OBD2<\/p>\n<p>Coffre de grande capacit\u00e9 (espace pour deux casques homologu\u00e9s) et support NON inclus dans le prix. Acheter!<\/p>\n<p>Immatriculation et transport NON inclus dans le prix.<\/p>\n<p>x2 Batteries au lithium 72V-40Ah et 72V-50Ah amovibles<\/p>\n<table style=\"width: 623px; border-collapse: collapse; background-color: #009fde; height: 96px;\" border=\"1\">\n<tbody>\n<tr>\n<td style=\"width: 100%; text-align: center;\"><a href=\"mailto: info@ebroh.es\">Batterie Suppl\u00e9mentaire Optionnelle 40Ah : ACHETER pour 1476 euros TVA incluse<\/a><\/p>\n<p>B<a href=\"mailto: info@ebroh.es\">atterie Suppl\u00e9mentaire Optionnelle 50Ah : ACHETER pour 1749 euros TVA incluse<\/a><\/td>\n<\/tr>\n<\/tbody>\n<\/table>\n<p><a href=\"https:\/\/ebroh.es\/fr\/politique-de-garantie\/\">Politique de garantie<\/a><\/p>\n<p><a href=\"https:\/\/ebroh.es\/fr\/enregistrement\/\">Documentation Immatriculation<\/a><\/p>\n<\/div>\n<\/div>\n","protected":false},"featured_media":5384,"comment_status":"closed","ping_status":"closed","template":"","meta":[],"product_brand":[],"product_cat":[1031],"product_tag":[],"class_list":{"0":"post-21938","1":"product","2":"type-product","3":"status-publish","4":"has-post-thumbnail","6":"product_cat-e-maxi-scooters-fr","8":"first","9":"outofstock","10":"taxable","11":"shipping-taxable","12":"product-type-variable","13":"has-default-attributes"},"_links":{"self":[{"href":"https:\/\/ebroh.eu\/fr\/wp-json\/wp\/v2\/product\/21938","targetHints":{"allow":["GET"]}}],"collection":[{"href":"https:\/\/ebroh.eu\/fr\/wp-json\/wp\/v2\/product"}],"about":[{"href":"https:\/\/ebroh.eu\/fr\/wp-json\/wp\/v2\/types\/product"}],"replies":[{"embeddable":true,"href":"https:\/\/ebroh.eu\/fr\/wp-json\/wp\/v2\/comments?post=21938"}],"wp:featuredmedia":[{"embeddable":true,"href":"https:\/\/ebroh.eu\/fr\/wp-json\/wp\/v2\/media\/5384"}],"wp:attachment":[{"href":"https:\/\/ebroh.eu\/fr\/wp-json\/wp\/v2\/media?parent=21938"}],"wp:term":[{"taxonomy":"product_brand","embeddable":true,"href":"https:\/\/ebroh.eu\/fr\/wp-json\/wp\/v2\/product_brand?post=21938"},{"taxonomy":"product_cat","embeddable":true,"href":"https:\/\/ebroh.eu\/fr\/wp-json\/wp\/v2\/product_cat?post=21938"},{"taxonomy":"product_tag","embeddable":true,"href":"https:\/\/ebroh.eu\/fr\/wp-json\/wp\/v2\/product_tag?post=21938"}],"curies":[{"name":"wp","href":"https:\/\/api.w.org\/{rel}","templated":true}]}}