{"id":15551,"date":"2021-05-10T11:15:18","date_gmt":"2021-05-10T09:15:22","guid":{"rendered":"https:\/\/ebroh.es\/?post_type=product&#038;p=15551"},"modified":"2022-01-18T14:19:52","modified_gmt":"2022-01-18T12:19:52","slug":"quattrolete-scooter-electrique-special","status":"publish","type":"product","link":"https:\/\/ebroh.eu\/fr\/produit\/non class\u00e9\/quattrolete-scooter-electrique-special\/","title":{"rendered":"Quattrolete Scooter \u00e9lectrique sp\u00e9cial"},"content":{"rendered":"","protected":false},"excerpt":{"rendered":"<p>4 roues et si\u00e8ge anatomique<\/p>\n<p><span class=\"VIiyi\" lang=\"fr\"><span class=\"JLqJ4b ChMk0b\" data-language-for-alternatives=\"fr\" data-language-to-translate-into=\"es\" data-phrase-index=\"0\">Disponible en trois couleurs : rouge, argent et bleu.<\/span><\/span><\/p>\n<p>Pas besoin d\u2019immatriculation<\/p>\n<p>Syst\u00e8me antid\u00e9rapant<\/p>\n<p>Si\u00e8ge r\u00e9glable<\/p>\n<p>Suspension arri\u00e8re et avant<\/p>\n<p><a href=\"https:\/\/ebroh.es\/fr\/politique-de-garantie\/\"><span class=\"\" title=\"\">Politique de garantie<\/span><\/a><\/p>\n","protected":false},"featured_media":17896,"comment_status":"open","ping_status":"closed","template":"","meta":[],"product_brand":[],"product_cat":[],"product_tag":[],"class_list":{"0":"post-15551","1":"product","2":"type-product","3":"status-publish","4":"has-post-thumbnail","7":"first","8":"instock","9":"taxable","10":"shipping-taxable","11":"product-type-variable","12":"has-default-attributes"},"_links":{"self":[{"href":"https:\/\/ebroh.eu\/fr\/wp-json\/wp\/v2\/product\/15551","targetHints":{"allow":["GET"]}}],"collection":[{"href":"https:\/\/ebroh.eu\/fr\/wp-json\/wp\/v2\/product"}],"about":[{"href":"https:\/\/ebroh.eu\/fr\/wp-json\/wp\/v2\/types\/product"}],"replies":[{"embeddable":true,"href":"https:\/\/ebroh.eu\/fr\/wp-json\/wp\/v2\/comments?post=15551"}],"wp:featuredmedia":[{"embeddable":true,"href":"https:\/\/ebroh.eu\/fr\/wp-json\/wp\/v2\/media\/17896"}],"wp:attachment":[{"href":"https:\/\/ebroh.eu\/fr\/wp-json\/wp\/v2\/media?parent=15551"}],"wp:term":[{"taxonomy":"product_brand","embeddable":true,"href":"https:\/\/ebroh.eu\/fr\/wp-json\/wp\/v2\/product_brand?post=15551"},{"taxonomy":"product_cat","embeddable":true,"href":"https:\/\/ebroh.eu\/fr\/wp-json\/wp\/v2\/product_cat?post=15551"},{"taxonomy":"product_tag","embeddable":true,"href":"https:\/\/ebroh.eu\/fr\/wp-json\/wp\/v2\/product_tag?post=15551"}],"curies":[{"name":"wp","href":"https:\/\/api.w.org\/{rel}","templated":true}]}}