{"id":8476,"date":"2020-09-23T13:10:17","date_gmt":"2020-09-23T11:10:17","guid":{"rendered":"https:\/\/ebroh.es\/enregistrement\/"},"modified":"2020-09-23T14:17:52","modified_gmt":"2020-09-23T12:17:52","slug":"enregistrement","status":"publish","type":"page","link":"https:\/\/ebroh.eu\/fr\/enregistrement\/","title":{"rendered":"Enregistrement"},"content":{"rendered":"<section class=\"wpb-content-wrapper\"><p>[vc_row][vc_column][vc_custom_heading text=\u00a0\u00bbDocumentation d&rsquo;inscription\u00a0\u00bb font_container=\u00a0\u00bbtag:h2|text_align:center\u00a0\u00bb use_theme_fonts=\u00a0\u00bbyes\u00a0\u00bb][vc_column_text]<\/p>\n<p><span class=\"tlid-translation translation\" lang=\"fr\"><span class=\"\" title=\"\"><strong>Demande de formulaire officiel Personnes physiques:<\/strong> document officiel prouvant l&rsquo;identit\u00e9 et l&rsquo;adresse du titulaire (DNI, permis de conduire espagnol, carte de s\u00e9jour, passeport et num\u00e9ro d&rsquo;identification d&rsquo;\u00e9tranger).<\/span> <span class=\"\" title=\"\">Avec cela, Ebroh \u00e9met le formulaire et la facture de vente qu&rsquo;elle remet \u00e0 l&rsquo;acheteur pour proc\u00e9der \u00e0 l&rsquo;enregistrement.<\/span> <span class=\"\" title=\"\">Pour ce faire via une agence, Ebroh \u00e9mettra un \u00ab\u00a0mandat\u00a0\u00bb pour l&rsquo;autoriser \u00e0 s&rsquo;enregistrer.<\/span> <span class=\"\" title=\"\"><strong>Personnes morales:<\/strong> carte d&rsquo;identification fiscale de la soci\u00e9t\u00e9 et preuve de la repr\u00e9sentation et de l&rsquo;identit\u00e9 de l&rsquo;avocat \u00ab\u00a0mandat\u00a0\u00bb.<\/span> <span class=\"\" title=\"\">Mineurs ou handicap\u00e9s: donn\u00e9es et signature du p\u00e8re, de la m\u00e8re ou du tuteur, leur pi\u00e8ce d&rsquo;identit\u00e9 et document prouvant le concept pour lequel ils agissent.<\/span> <span class=\"\" title=\"\"><strong>Pays de l&rsquo;UE:<\/strong> Ebroh \u00e9met la facture et le document COC (certificat europ\u00e9en de conformit\u00e9) afin que l&rsquo;acheteur puisse s&rsquo;inscrire dans le pays o\u00f9 le v\u00e9hicule doit circuler.<\/span><\/span><\/p>\n<p>[\/vc_column_text][\/vc_column][\/vc_row]<\/p>\n<\/section>","protected":false},"excerpt":{"rendered":"<p>[vc_row][vc_column][vc_custom_heading text=\u00a0\u00bbDocumentation d&rsquo;inscription\u00a0\u00bb font_container=\u00a0\u00bbtag:h2|text_align:center\u00a0\u00bb use_theme_fonts=\u00a0\u00bbyes\u00a0\u00bb][vc_column_text] Demande de formulaire officiel Personnes physiques: document officiel prouvant l&rsquo;identit\u00e9 et l&rsquo;adresse du titulaire (DNI, permis de conduire espagnol, carte de s\u00e9jour, passeport et num\u00e9ro d&rsquo;identification d&rsquo;\u00e9tranger). Avec cela, Ebroh \u00e9met le formulaire et la facture de vente qu&rsquo;elle remet \u00e0 l&rsquo;acheteur pour proc\u00e9der \u00e0 [&hellip;]<\/p>\n","protected":false},"author":3,"featured_media":0,"parent":0,"menu_order":0,"comment_status":"closed","ping_status":"closed","template":"","meta":{"footnotes":""},"class_list":["post-8476","page","type-page","status-publish","hentry"],"_links":{"self":[{"href":"https:\/\/ebroh.eu\/fr\/wp-json\/wp\/v2\/pages\/8476","targetHints":{"allow":["GET"]}}],"collection":[{"href":"https:\/\/ebroh.eu\/fr\/wp-json\/wp\/v2\/pages"}],"about":[{"href":"https:\/\/ebroh.eu\/fr\/wp-json\/wp\/v2\/types\/page"}],"author":[{"embeddable":true,"href":"https:\/\/ebroh.eu\/fr\/wp-json\/wp\/v2\/users\/3"}],"replies":[{"embeddable":true,"href":"https:\/\/ebroh.eu\/fr\/wp-json\/wp\/v2\/comments?post=8476"}],"version-history":[{"count":3,"href":"https:\/\/ebroh.eu\/fr\/wp-json\/wp\/v2\/pages\/8476\/revisions"}],"predecessor-version":[{"id":8483,"href":"https:\/\/ebroh.eu\/fr\/wp-json\/wp\/v2\/pages\/8476\/revisions\/8483"}],"wp:attachment":[{"href":"https:\/\/ebroh.eu\/fr\/wp-json\/wp\/v2\/media?parent=8476"}],"curies":[{"name":"wp","href":"https:\/\/api.w.org\/{rel}","templated":true}]}}