{"id":7280,"date":"2020-06-22T13:52:11","date_gmt":"2020-06-22T11:52:11","guid":{"rendered":"https:\/\/ebroh.es\/?page_id=7280"},"modified":"2021-06-25T15:21:09","modified_gmt":"2021-06-25T13:21:09","slug":"bikes","status":"publish","type":"page","link":"https:\/\/ebroh.eu\/fr\/bikes\/","title":{"rendered":"Bikes"},"content":{"rendered":"<section class=\"wpb-content-wrapper\"><p>[vc_row full_width=\u00a0\u00bbstretch_row_content_no_spaces\u00a0\u00bb full_height=\u00a0\u00bbyes\u00a0\u00bb columns_placement=\u00a0\u00bbstretch\u00a0\u00bb equal_height=\u00a0\u00bbyes\u00a0\u00bb content_placement=\u00a0\u00bbmiddle\u00a0\u00bb video_bg=\u00a0\u00bbyes\u00a0\u00bb video_bg_url=\u00a0\u00bbhttps:\/\/www.youtube.com\/watch?v=A3iXM9DKVM0&Prime; css=\u00a0\u00bb.vc_custom_1592823490002{padding-top: 0px !important;padding-bottom: 0px !important;}\u00a0\u00bb el_id=\u00a0\u00bbhome-video\u00a0\u00bb][vc_column]<div class=\"vntd-icon-box vntd-content-element box-centered-outline icon-size-lg box-centered box-with-bg bg-color-custom  animated vntd-animated  icon-box-with-link\" data-animation=\"fadeIn\" data-animation-delay=\"3000\"><a href=\"https:\/\/ebroh.es\/productos\/naked-electricas\/bravo-gle\/\" target=\"_self\"><div class=\"icon-box-icon color-dark\"><i class=\"fa fa-heart-o\"><\/i><\/div><div class=\"icon-box-content\"><h5 class=\"icon-box-title\"style=\"color:ffffff!important;\"><\/h5><p class=\"icon-description\"><\/p><\/div><\/a><\/div>[vc_column_text css_animation=\u00a0\u00bbappear\u00a0\u00bb font_size=\u00a0\u00bbxlarger\u00a0\u00bb]<\/p>\n<h1 style=\"text-align: center;\"><span style=\"color: #999999;\"><span style=\"color: #ffffff;\"><strong>EBROH <\/strong><\/span><strong>SAVA<\/strong><\/span><\/h1>\n<h2 style=\"text-align: center;\"><span style=\"color: #00ffff;\"><span class=\"tlid-translation translation\" lang=\"fr\"><span class=\"\" title=\"\">CORPS EN CARBONE<\/span><\/span><\/span><\/h2>\n<p>[\/vc_column_text][\/vc_column][\/vc_row][vc_row full_width=\u00a0\u00bbstretch_row_content\u00a0\u00bb css=\u00a0\u00bb.vc_custom_1542911284138{margin-bottom: 30px !important;}\u00a0\u00bb][vc_column width=\u00a0\u00bb1\/6&Prime;][\/vc_column][vc_column width=\u00a0\u00bb2\/3&Prime;][vc_custom_heading text=\u00a0\u00bbMod\u00e8les VTT EBROH SAVA\u00a0\u00bb font_container=\u00a0\u00bbtag:h2|font_size:46px|text_align:center\u00a0\u00bb use_theme_fonts=\u00a0\u00bbyes\u00a0\u00bb][vc_separator][vc_column_text font_size=\u00a0\u00bbxlarge\u00a0\u00bb el_class=\u00a0\u00bbclaim\u00a0\u00bb]<span class=\"tlid-translation translation\" lang=\"fr\"><span class=\"\" title=\"\">L&rsquo;exp\u00e9rience et la pr\u00e9cision allemandes, appliqu\u00e9es au concept, \u00e0 la technique, au choix de composants exclusivement de haute qualit\u00e9 qui se traduisent par une gamme de v\u00e9los sophistiqu\u00e9e, extr\u00eamement efficace dans la pratique sportive et avec une large gamme d&rsquo;utilisation pour l&rsquo;utilisateur le plus expert.<\/span><\/span><\/p>\n<h1 style=\"text-align: center;\"><span style=\"color: #808080;\"><strong><span class=\"tlid-translation translation\" lang=\"fr\"><span class=\"\" title=\"\">D\u00c9COUVRIR<\/span><\/span><\/strong><\/span><\/h1>\n<p>[\/vc_column_text][\/vc_column][vc_column width=\u00a0\u00bb1\/6&Prime;][\/vc_column][\/vc_row][vc_row css=\u00a0\u00bb.vc_custom_1542282900615{margin-top: 0px !important;margin-bottom: 0px !important;border-bottom-width: 0px !important;padding-top: 0px !important;}\u00a0\u00bb][vc_column width=\u00a0\u00bb1\/3&Prime; css=\u00a0\u00bb.vc_custom_1542282847412{margin-bottom: 0px !important;padding-bottom: 0px !important;}\u00a0\u00bb][vc_images_carousel images=\u00a0\u00bb6736,6732,6728&Prime; img_size=\u00a0\u00bbmedium\u00a0\u00bb onclick=\u00a0\u00bblink_no\u00a0\u00bb speed=\u00a0\u00bb2500&Prime; autoplay=\u00a0\u00bbyes\u00a0\u00bb hide_pagination_control=\u00a0\u00bbyes\u00a0\u00bb hide_prev_next_buttons=\u00a0\u00bbyes\u00a0\u00bb wrap=\u00a0\u00bbyes\u00a0\u00bb css_animation=\u00a0\u00bbfadeIn\u00a0\u00bb title=\u00a0\u00bbM75&Prime;][\/vc_column][vc_column width=\u00a0\u00bb1\/3&Prime;][\/vc_column][vc_column width=\u00a0\u00bb1\/3&Prime;][vc_images_carousel images=\u00a0\u00bb15252,15259,15266&Prime; img_size=\u00a0\u00bbmedium\u00a0\u00bb onclick=\u00a0\u00bblink_no\u00a0\u00bb speed=\u00a0\u00bb2500&Prime; autoplay=\u00a0\u00bbyes\u00a0\u00bb hide_pagination_control=\u00a0\u00bbyes\u00a0\u00bb hide_prev_next_buttons=\u00a0\u00bbyes\u00a0\u00bb wrap=\u00a0\u00bbyes\u00a0\u00bb css_animation=\u00a0\u00bbfadeIn\u00a0\u00bb title=\u00a0\u00bbM95+\u00a0\u00bb][\/vc_column][\/vc_row][vc_row full_width=\u00a0\u00bbstretch_row_content\u00a0\u00bb equal_height=\u00a0\u00bbyes\u00a0\u00bb][vc_column width=\u00a0\u00bb1\/6&Prime;][\/vc_column][vc_column width=\u00a0\u00bb2\/3&Prime; col_padding_side=\u00a0\u00bbtop_bottom\u00a0\u00bb][vc_row_inner equal_height=\u00a0\u00bbyes\u00a0\u00bb content_placement=\u00a0\u00bbmiddle\u00a0\u00bb el_class=\u00a0\u00bbcaracteristicas\u00a0\u00bb][vc_column_inner width=\u00a0\u00bb1\/2&Prime;][vc_single_image image=\u00a0\u00bb6736&Prime; img_size=\u00a0\u00bb500&#215;500&Prime; alignment=\u00a0\u00bbcenter\u00a0\u00bb onclick=\u00a0\u00bbzoom\u00a0\u00bb css_animation=\u00a0\u00bbfadeIn\u00a0\u00bb][\/vc_column_inner][vc_column_inner width=\u00a0\u00bb1\/2&Prime;][vc_custom_heading text=\u00a0\u00bbM75 Carbon\u00a0\u00bb font_container=\u00a0\u00bbtag:h2|text_align:center\u00a0\u00bb use_theme_fonts=\u00a0\u00bbyes\u00a0\u00bb link=\u00a0\u00bburl:https%3A%2F%2Febroh.es%2Ffr%2Fproduit%2Fbikes-fr%2Fm75-carbon%2F|title:V%C3%A9lo%20VTT%20M75%20Carbon|target:%20_blank|\u00a0\u00bb][vc_column_text font_size=\u00a0\u00bbxlarge\u00a0\u00bb]<\/p>\n<div class=\"text-wrap tlid-copy-target\">\n<div class=\"result-shield-container tlid-copy-target\" tabindex=\"0\"><span class=\"tlid-translation translation\" lang=\"fr\"><span class=\"\" title=\"\">Premi\u00e8re ligne de la gamme VTT <strong>Ebroh-Sava<\/strong>, cadre monocoque en carbone avec bo\u00eete de vitesses 3 * 9 Alivio, freins de secours et roues 29 \u2033 et fourche \u00e0 ressort Suntour avec blocage.<\/span> <span class=\"\" title=\"\">Pr\u00e9par\u00e9 pour le cycliste initiation.<\/span><\/span><\/div>\n<\/div>\n<p>[\/vc_column_text][\/vc_column_inner][\/vc_row_inner][\/vc_column][vc_column width=\u00a0\u00bb1\/6&Prime;][\/vc_column][\/vc_row][vc_row full_width=\u00a0\u00bbstretch_row_content\u00a0\u00bb equal_height=\u00a0\u00bbyes\u00a0\u00bb][vc_column width=\u00a0\u00bb1\/6&Prime;][\/vc_column][vc_column width=\u00a0\u00bb2\/3&Prime; col_padding_side=\u00a0\u00bbtop_bottom\u00a0\u00bb][vc_row_inner equal_height=\u00a0\u00bbyes\u00a0\u00bb content_placement=\u00a0\u00bbmiddle\u00a0\u00bb el_class=\u00a0\u00bbcaracteristicas\u00a0\u00bb][vc_column_inner width=\u00a0\u00bb1\/2&Prime;][vc_custom_heading text=\u00a0\u00bbM95+ Carbon\u00a0\u00bb font_container=\u00a0\u00bbtag:h2|text_align:center\u00a0\u00bb use_theme_fonts=\u00a0\u00bbyes\u00a0\u00bb link=\u00a0\u00bburl:https%3A%2F%2Febroh.es%2Ffr%2Fproduit%2Fbikes-fr%2Fvelo-technique-m90-%25e2%2580%258b%25e2%2580%258bcarbon%2F|title:V%C3%A9lo%20Technique%20M90%20%E2%80%8B%E2%80%8BCarbon|target:%20_blank|\u00a0\u00bb][vc_column_text font_size=\u00a0\u00bbxlarger\u00a0\u00bb]<\/p>\n<p style=\"text-align: center;\">El modelo <strong>M95+<\/strong> de <strong>Ebroh Sava<\/strong> tiene todo lo que un ciclista experto espera de una bicicleta de esta clase. Cuadro de carbono monocasco. Cambio Shimano SLX SL-M7100-R y mejoramos el peso ante modelos anteriores. Frenos MT200. Rueda 29\u2019\u2019. Amortiguaci\u00f3n delantera con una horquilla SYH de 100 mm de recorrido, mejor tacto y m\u00e1s precisi\u00f3n. Uso \u00e9lite \u2013 profesional.<\/p>\n<p>[\/vc_column_text][\/vc_column_inner][vc_column_inner width=\u00a0\u00bb1\/2&Prime;][vc_single_image image=\u00a0\u00bb15252&Prime; img_size=\u00a0\u00bb500&#215;500&Prime; alignment=\u00a0\u00bbcenter\u00a0\u00bb onclick=\u00a0\u00bbzoom\u00a0\u00bb css_animation=\u00a0\u00bbfadeIn\u00a0\u00bb][\/vc_column_inner][\/vc_row_inner][\/vc_column][vc_column width=\u00a0\u00bb1\/6&Prime;][\/vc_column][\/vc_row][vc_row][vc_column][vc_gallery type=\u00a0\u00bbimage_grid\u00a0\u00bb images=\u00a0\u00bb15311,15318,15325,15332,15339,15346,15353,15360,15367,15374,15381,15388&Prime; img_size=\u00a0\u00bbmedium\u00a0\u00bb css_animation=\u00a0\u00bbfadeIn\u00a0\u00bb][\/vc_column][\/vc_row]<\/p>\n<\/section>","protected":false},"excerpt":{"rendered":"<p>[vc_row full_width=\u00a0\u00bbstretch_row_content_no_spaces\u00a0\u00bb full_height=\u00a0\u00bbyes\u00a0\u00bb columns_placement=\u00a0\u00bbstretch\u00a0\u00bb equal_height=\u00a0\u00bbyes\u00a0\u00bb content_placement=\u00a0\u00bbmiddle\u00a0\u00bb video_bg=\u00a0\u00bbyes\u00a0\u00bb video_bg_url=\u00a0\u00bbhttps:\/\/www.youtube.com\/watch?v=A3iXM9DKVM0&Prime; css=\u00a0\u00bb.vc_custom_1592823490002{padding-top: 0px !important;padding-bottom: 0px !important;}\u00a0\u00bb el_id=\u00a0\u00bbhome-video\u00a0\u00bb][vc_column][vc_column_text css_animation=\u00a0\u00bbappear\u00a0\u00bb font_size=\u00a0\u00bbxlarger\u00a0\u00bb] EBROH SAVA CORPS EN CARBONE [\/vc_column_text][\/vc_column][\/vc_row][vc_row full_width=\u00a0\u00bbstretch_row_content\u00a0\u00bb css=\u00a0\u00bb.vc_custom_1542911284138{margin-bottom: 30px !important;}\u00a0\u00bb][vc_column width=\u00a0\u00bb1\/6&Prime;][\/vc_column][vc_column width=\u00a0\u00bb2\/3&Prime;][vc_custom_heading text=\u00a0\u00bbMod\u00e8les VTT EBROH SAVA\u00a0\u00bb font_container=\u00a0\u00bbtag:h2|font_size:46px|text_align:center\u00a0\u00bb use_theme_fonts=\u00a0\u00bbyes\u00a0\u00bb][vc_separator][vc_column_text font_size=\u00a0\u00bbxlarge\u00a0\u00bb el_class=\u00a0\u00bbclaim\u00a0\u00bb]L&rsquo;exp\u00e9rience et la pr\u00e9cision allemandes, appliqu\u00e9es au concept, \u00e0 la technique, au choix de composants [&hellip;]<\/p>\n","protected":false},"author":3,"featured_media":0,"parent":0,"menu_order":0,"comment_status":"closed","ping_status":"closed","template":"","meta":{"footnotes":""},"class_list":["post-7280","page","type-page","status-publish","hentry"],"_links":{"self":[{"href":"https:\/\/ebroh.eu\/fr\/wp-json\/wp\/v2\/pages\/7280","targetHints":{"allow":["GET"]}}],"collection":[{"href":"https:\/\/ebroh.eu\/fr\/wp-json\/wp\/v2\/pages"}],"about":[{"href":"https:\/\/ebroh.eu\/fr\/wp-json\/wp\/v2\/types\/page"}],"author":[{"embeddable":true,"href":"https:\/\/ebroh.eu\/fr\/wp-json\/wp\/v2\/users\/3"}],"replies":[{"embeddable":true,"href":"https:\/\/ebroh.eu\/fr\/wp-json\/wp\/v2\/comments?post=7280"}],"version-history":[{"count":20,"href":"https:\/\/ebroh.eu\/fr\/wp-json\/wp\/v2\/pages\/7280\/revisions"}],"predecessor-version":[{"id":17052,"href":"https:\/\/ebroh.eu\/fr\/wp-json\/wp\/v2\/pages\/7280\/revisions\/17052"}],"wp:attachment":[{"href":"https:\/\/ebroh.eu\/fr\/wp-json\/wp\/v2\/media?parent=7280"}],"curies":[{"name":"wp","href":"https:\/\/api.w.org\/{rel}","templated":true}]}}