{"id":5484,"date":"2019-10-29T11:39:32","date_gmt":"2019-10-29T09:39:32","guid":{"rendered":"https:\/\/ebroh.es\/politique-de-garantie\/"},"modified":"2021-06-25T11:23:38","modified_gmt":"2021-06-25T09:23:38","slug":"politique-de-garantie","status":"publish","type":"page","link":"https:\/\/ebroh.eu\/fr\/politique-de-garantie\/","title":{"rendered":"Politique de garantie"},"content":{"rendered":"<p><span class=\"tlid-translation translation\" lang=\"fr\">Politique de garantie<\/span><\/p>\n<p>Tous nos scooters Ebroh sont garantis contre les d\u00e9fauts de fabrication pendant 24 mois \u00e0 compter de la livraison.<\/p>\n<p>Tous les composants susceptibles de s&rsquo;user tels que les garnitures de freins, les pneus, les arbres, les roulements et les ampoules sont exclus de la garantie.<\/p>\n<p>La garantie sera annul\u00e9e si l&rsquo;un des cas suivants est rencontr\u00e9:<\/p>\n<p>Lorsqu&rsquo;un dysfonctionnement d\u00fb \u00e0 une erreur humaine ou \u00e0 la n\u00e9gligence de l&rsquo;utilisateur de la machine est d\u00e9montr\u00e9.<br \/>\nLes conditions m\u00e9t\u00e9orologiques.<br \/>\nLorsque la limite d&rsquo;utilisation de la machine est forc\u00e9e.<br \/>\nUn usage professionnel ou commercial, pouvant g\u00e9n\u00e9rer une garantie ponctuelle.<br \/>\nLorsque des pi\u00e8ces non originales de Ebroh sont utilis\u00e9es pendant les r\u00e9parations ou que vous effectuez une op\u00e9ration de maintenance ou de r\u00e9paration dans un service technique non agr\u00e9\u00e9 par Ebroh.<br \/>\nTous les motos et composants ont des d\u00e9lais de maintenance recommand\u00e9s et doivent \u00eatre v\u00e9rifi\u00e9s p\u00e9riodiquement par un revendeur officiel. Le non-respect de ces conditions invalide la garantie contre les d\u00e9fauts de fabrication<\/p>\n","protected":false},"excerpt":{"rendered":"<p>Politique de garantie Tous nos scooters Ebroh sont garantis contre les d\u00e9fauts de fabrication pendant 24 mois \u00e0 compter de la livraison. Tous les composants susceptibles de s&rsquo;user tels que les garnitures de freins, les pneus, les arbres, les roulements et les ampoules sont exclus de la garantie. La garantie [&hellip;]<\/p>\n","protected":false},"author":3,"featured_media":0,"parent":0,"menu_order":0,"comment_status":"closed","ping_status":"closed","template":"","meta":{"footnotes":""},"class_list":["post-5484","page","type-page","status-publish","hentry"],"_links":{"self":[{"href":"https:\/\/ebroh.eu\/fr\/wp-json\/wp\/v2\/pages\/5484","targetHints":{"allow":["GET"]}}],"collection":[{"href":"https:\/\/ebroh.eu\/fr\/wp-json\/wp\/v2\/pages"}],"about":[{"href":"https:\/\/ebroh.eu\/fr\/wp-json\/wp\/v2\/types\/page"}],"author":[{"embeddable":true,"href":"https:\/\/ebroh.eu\/fr\/wp-json\/wp\/v2\/users\/3"}],"replies":[{"embeddable":true,"href":"https:\/\/ebroh.eu\/fr\/wp-json\/wp\/v2\/comments?post=5484"}],"version-history":[{"count":1,"href":"https:\/\/ebroh.eu\/fr\/wp-json\/wp\/v2\/pages\/5484\/revisions"}],"predecessor-version":[{"id":7543,"href":"https:\/\/ebroh.eu\/fr\/wp-json\/wp\/v2\/pages\/5484\/revisions\/7543"}],"wp:attachment":[{"href":"https:\/\/ebroh.eu\/fr\/wp-json\/wp\/v2\/media?parent=5484"}],"curies":[{"name":"wp","href":"https:\/\/api.w.org\/{rel}","templated":true}]}}