{"id":5472,"date":"2019-10-28T19:26:36","date_gmt":"2019-10-28T17:26:36","guid":{"rendered":"https:\/\/ebroh.es\/politique-de-garantie-des-velos-electriques\/"},"modified":"2021-04-13T09:41:13","modified_gmt":"2021-04-13T07:41:13","slug":"politique-de-garantie-des-velos-electriques","status":"publish","type":"page","link":"https:\/\/ebroh.eu\/fr\/politique-de-garantie-des-velos-electriques\/","title":{"rendered":"Politique de garantie des v\u00e9los \u00e9lectriques"},"content":{"rendered":"<p><span class=\"tlid-translation translation\" lang=\"fr\">EBROH offre au premier propri\u00e9taire une garantie de 2 ans sur le cadre, contre tout vice de fabrication.<br \/>\nTous les autres composants mont\u00e9s sur le v\u00e9lo, tels que fourches, roues, transmission, freins, tige de selle, prise de force et guidon ont un<br \/>\nGarantie de 2 ans contre les d\u00e9fauts de fabrication, avec les conditions de garantie propos\u00e9es par les fabricants ou distributeurs respectifs de<br \/>\ncomposants d&rsquo;autres marques assembl\u00e9s \u00e0 l&rsquo;origine.<br \/>\nToutes les pi\u00e8ces et tous les composants expos\u00e9s \u00e0 l&rsquo;usure, tels que les couvercles, les bagues, les r\u00e9ducteurs, les roulements, seront exempt\u00e9s de la garantie.<br \/>\ncha\u00eene, plaques, pignons, rayons, plaquettes de frein, disques de frein et manchettes lorsque la cause de la d\u00e9faillance est imputable \u00e0 l&rsquo;usure.<br \/>\nLa batterie et les autres composants \u00e9lectriques du v\u00e9lo, tels que le contr\u00f4leur, l\u2019affichage, le c\u00e2blage et le moteur, b\u00e9n\u00e9ficieront d\u2019une garantie par d\u00e9faut de:<br \/>\nFabrication, 2 ans.<br \/>\nCette garantie ne couvre aucun probl\u00e8me caus\u00e9 par un montage incorrect, une mauvaise utilisation ou l\u2019utilisation des diff\u00e9rents mod\u00e8les de v\u00e9los pour lesquels elle est utilis\u00e9e.<br \/>\nIl a \u00e9t\u00e9 con\u00e7u, manque d\u2019entretien, n\u00e9gligence, impact, accidents, utilisation du v\u00e9lo ou du cadre dans des conditions non consid\u00e9r\u00e9es<br \/>\ncommuns, tels que la concurrence, la location ou l&rsquo;utilisation dans des activit\u00e9s commerciales.<br \/>\nTous les v\u00e9los, cadres et composants ont des p\u00e9riodes d&rsquo;entretien recommand\u00e9es et doivent \u00eatre v\u00e9rifi\u00e9s p\u00e9riodiquement par un revendeur.<br \/>\nofficiel. Le non-respect de ces conditions invalide la garantie contre les d\u00e9fauts de fabrication.<\/span><\/p>\n","protected":false},"excerpt":{"rendered":"<p>EBROH offre au premier propri\u00e9taire une garantie de 2 ans sur le cadre, contre tout vice de fabrication. Tous les autres composants mont\u00e9s sur le v\u00e9lo, tels que fourches, roues, transmission, freins, tige de selle, prise de force et guidon ont un Garantie de 2 ans contre les d\u00e9fauts de [&hellip;]<\/p>\n","protected":false},"author":3,"featured_media":0,"parent":0,"menu_order":0,"comment_status":"closed","ping_status":"closed","template":"","meta":{"footnotes":""},"class_list":["post-5472","page","type-page","status-publish","hentry"],"_links":{"self":[{"href":"https:\/\/ebroh.eu\/fr\/wp-json\/wp\/v2\/pages\/5472","targetHints":{"allow":["GET"]}}],"collection":[{"href":"https:\/\/ebroh.eu\/fr\/wp-json\/wp\/v2\/pages"}],"about":[{"href":"https:\/\/ebroh.eu\/fr\/wp-json\/wp\/v2\/types\/page"}],"author":[{"embeddable":true,"href":"https:\/\/ebroh.eu\/fr\/wp-json\/wp\/v2\/users\/3"}],"replies":[{"embeddable":true,"href":"https:\/\/ebroh.eu\/fr\/wp-json\/wp\/v2\/comments?post=5472"}],"version-history":[{"count":1,"href":"https:\/\/ebroh.eu\/fr\/wp-json\/wp\/v2\/pages\/5472\/revisions"}],"predecessor-version":[{"id":15065,"href":"https:\/\/ebroh.eu\/fr\/wp-json\/wp\/v2\/pages\/5472\/revisions\/15065"}],"wp:attachment":[{"href":"https:\/\/ebroh.eu\/fr\/wp-json\/wp\/v2\/media?parent=5472"}],"curies":[{"name":"wp","href":"https:\/\/api.w.org\/{rel}","templated":true}]}}