{"id":29763,"date":"2023-06-14T10:42:43","date_gmt":"2023-06-14T08:42:43","guid":{"rendered":"https:\/\/ebroh.eu\/naked-fr\/"},"modified":"2023-06-14T10:42:43","modified_gmt":"2023-06-14T08:42:43","slug":"naked-fr","status":"publish","type":"page","link":"https:\/\/ebroh.eu\/fr\/naked-fr\/","title":{"rendered":"Naked-fr"},"content":{"rendered":"<section class=\"wpb-content-wrapper\"><p>[vc_row][vc_column]<div class=\"woocommerce columns-4 \"><ul class=\"products columns-4\">\n<li class=\"product type-product post-13540 status-publish first instock product_cat-naked-eletrico has-post-thumbnail taxable shipping-taxable product-type-variable has-default-attributes\">\n\t<a href=\"https:\/\/ebroh.eu\/pt-pt\/produto\/naked-eletrico\/bravo-gle-pro\/\" class=\"woocommerce-LoopProduct-link woocommerce-loop-product__link\"><div class=\"product-thumbnail-wrap vntd-accent-bg-color\"><img loading=\"lazy\" decoding=\"async\" width=\"450\" height=\"450\" src=\"https:\/\/ebroh.eu\/wp-content\/uploads\/2021\/01\/bravo-negro-bumper-negro-450x450.jpg\" class=\"attachment-woocommerce_thumbnail size-woocommerce_thumbnail\" alt=\"BRAVO GLE Pro\" srcset=\"https:\/\/ebroh.eu\/wp-content\/uploads\/2021\/01\/bravo-negro-bumper-negro-450x450.jpg 450w, https:\/\/ebroh.eu\/wp-content\/uploads\/2021\/01\/bravo-negro-bumper-negro-100x100.jpg 100w, https:\/\/ebroh.eu\/wp-content\/uploads\/2021\/01\/bravo-negro-bumper-negro-150x150.jpg 150w, https:\/\/ebroh.eu\/wp-content\/uploads\/2021\/01\/bravo-negro-bumper-negro-600x600.jpg 600w\" sizes=\"auto, (max-width: 450px) 100vw, 450px\" \/><div class=\"overlay-rating\"><\/div><div class=\"product-overlay\"><div class=\"product-overlay-inner\">Ver detalles<\/div><\/div><\/div><div class=\"product-details-wrap\"><div class=\"product-category\">Naked El\u00e9trico<\/div><h2 class=\"woocommerce-loop-product__title\">BRAVO GLE Pro<\/h2><h3 class=\"vntd-product-title\"><a href=\"https:\/\/ebroh.eu\/pt-pt\/produto\/naked-eletrico\/bravo-gle-pro\/\">BRAVO GLE Pro<\/a><\/h3><div class=\"vntd-product-details btn btn-style-default btn-dark btn-icon accent-hover-bg\"><i class=\"fa fa-file-text-o\"><\/i>Ver detalles<\/div><div class=\"vntd-product-price\">\n<div class=\"vntd-product-rating\"><\/div><\/div><\/div><\/a><a href=\"https:\/\/ebroh.eu\/pt-pt\/produto\/naked-eletrico\/bravo-gle-pro\/\" aria-describedby=\"woocommerce_loop_add_to_cart_link_describedby_13540\" data-quantity=\"1\" class=\"button product_type_variable\" data-product_id=\"13540\" data-product_sku=\"\" aria-label=\"S\u00e9lectionner les options pour &ldquo;BRAVO GLE Pro&rdquo;\" rel=\"nofollow\">Lire la suite<\/a>\t<span id=\"woocommerce_loop_add_to_cart_link_describedby_13540\" class=\"screen-reader-text\">\n\t\t\t<\/span>\n<span class=\"gtm4wp_productdata\" style=\"display:none; visibility:hidden;\" data-gtm4wp_product_data=\"{&quot;internal_id&quot;:13540,&quot;item_id&quot;:13540,&quot;item_name&quot;:&quot;BRAVO GLE Pro&quot;,&quot;sku&quot;:13540,&quot;price&quot;:0,&quot;stocklevel&quot;:null,&quot;stockstatus&quot;:&quot;instock&quot;,&quot;google_business_vertical&quot;:&quot;retail&quot;,&quot;item_category&quot;:&quot;Naked El\\u00e9trico&quot;,&quot;id&quot;:13540,&quot;productlink&quot;:&quot;https:\\\/\\\/ebroh.eu\\\/pt-pt\\\/produto\\\/naked-eletrico\\\/bravo-gle-pro\\\/&quot;,&quot;item_list_name&quot;:&quot;Liste g\\u00e9n\\u00e9rale des produits&quot;,&quot;index&quot;:1,&quot;product_type&quot;:&quot;variable&quot;,&quot;item_brand&quot;:&quot;&quot;}\"><\/span><\/li>\n<li class=\"product type-product post-15724 status-publish outofstock product_cat-naked-eletrico has-post-thumbnail taxable shipping-taxable product-type-variable has-default-attributes\">\n\t<a href=\"https:\/\/ebroh.eu\/pt-pt\/produto\/naked-eletrico\/bravo-cr\/\" class=\"woocommerce-LoopProduct-link woocommerce-loop-product__link\"><div class=\"product-thumbnail-wrap vntd-accent-bg-color\"><img loading=\"lazy\" decoding=\"async\" width=\"450\" height=\"450\" src=\"https:\/\/ebroh.eu\/wp-content\/uploads\/2021\/05\/bravo-cr-verde2-450x450.jpg\" class=\"attachment-woocommerce_thumbnail size-woocommerce_thumbnail\" alt=\"BRAVO CR\" srcset=\"https:\/\/ebroh.eu\/wp-content\/uploads\/2021\/05\/bravo-cr-verde2-450x450.jpg 450w, https:\/\/ebroh.eu\/wp-content\/uploads\/2021\/05\/bravo-cr-verde2-150x150.jpg 150w, https:\/\/ebroh.eu\/wp-content\/uploads\/2021\/05\/bravo-cr-verde2-600x600.jpg 600w, https:\/\/ebroh.eu\/wp-content\/uploads\/2021\/05\/bravo-cr-verde2-100x100.jpg 100w\" sizes=\"auto, (max-width: 450px) 100vw, 450px\" \/><div class=\"overlay-rating\"><\/div><div class=\"product-overlay\"><div class=\"product-overlay-inner\">Ver detalles<\/div><\/div><\/div><div class=\"product-details-wrap\"><div class=\"product-category\">Naked El\u00e9trico<\/div><h2 class=\"woocommerce-loop-product__title\">BRAVO CR<\/h2><h3 class=\"vntd-product-title\"><a href=\"https:\/\/ebroh.eu\/pt-pt\/produto\/naked-eletrico\/bravo-cr\/\">BRAVO CR<\/a><\/h3><div class=\"vntd-product-details btn btn-style-default btn-dark btn-icon accent-hover-bg\"><i class=\"fa fa-file-text-o\"><\/i>Ver detalles<\/div><div class=\"vntd-product-price\">\n<div class=\"vntd-product-rating\"><\/div><\/div><\/div><\/a><a href=\"https:\/\/ebroh.eu\/pt-pt\/produto\/naked-eletrico\/bravo-cr\/\" aria-describedby=\"woocommerce_loop_add_to_cart_link_describedby_15724\" data-quantity=\"1\" class=\"button product_type_variable\" data-product_id=\"15724\" data-product_sku=\"\" aria-label=\"S\u00e9lectionner les options pour &ldquo;BRAVO CR&rdquo;\" rel=\"nofollow\">Lire la suite<\/a>\t<span id=\"woocommerce_loop_add_to_cart_link_describedby_15724\" class=\"screen-reader-text\">\n\t\t\t<\/span>\n<span class=\"gtm4wp_productdata\" style=\"display:none; visibility:hidden;\" data-gtm4wp_product_data=\"{&quot;internal_id&quot;:15724,&quot;item_id&quot;:15724,&quot;item_name&quot;:&quot;BRAVO CR&quot;,&quot;sku&quot;:15724,&quot;price&quot;:0,&quot;stocklevel&quot;:null,&quot;stockstatus&quot;:&quot;outofstock&quot;,&quot;google_business_vertical&quot;:&quot;retail&quot;,&quot;item_category&quot;:&quot;Naked El\\u00e9trico&quot;,&quot;id&quot;:15724,&quot;productlink&quot;:&quot;https:\\\/\\\/ebroh.eu\\\/pt-pt\\\/produto\\\/naked-eletrico\\\/bravo-cr\\\/&quot;,&quot;item_list_name&quot;:&quot;Liste g\\u00e9n\\u00e9rale des produits&quot;,&quot;index&quot;:2,&quot;product_type&quot;:&quot;variable&quot;,&quot;item_brand&quot;:&quot;&quot;}\"><\/span><\/li>\n<li class=\"product type-product post-18252 status-publish instock product_cat-naked-eletrico has-post-thumbnail taxable shipping-taxable product-type-variable has-default-attributes\">\n\t<a href=\"https:\/\/ebroh.eu\/pt-pt\/produto\/naked-eletrico\/bravo-cr-edicao-especial\/\" class=\"woocommerce-LoopProduct-link woocommerce-loop-product__link\"><div class=\"product-thumbnail-wrap vntd-accent-bg-color\"><img loading=\"lazy\" decoding=\"async\" width=\"450\" height=\"447\" src=\"https:\/\/ebroh.eu\/wp-content\/uploads\/2021\/11\/bravo_cr_naranja_front_fondobl-low-450x447.jpg\" class=\"attachment-woocommerce_thumbnail size-woocommerce_thumbnail\" alt=\"BRAVO CR Edi\u00e7\u00e3o especial\" srcset=\"https:\/\/ebroh.eu\/wp-content\/uploads\/2021\/11\/bravo_cr_naranja_front_fondobl-low-450x447.jpg 450w, https:\/\/ebroh.eu\/wp-content\/uploads\/2021\/11\/bravo_cr_naranja_front_fondobl-low-150x150.jpg 150w, https:\/\/ebroh.eu\/wp-content\/uploads\/2021\/11\/bravo_cr_naranja_front_fondobl-low-100x100.jpg 100w\" sizes=\"auto, (max-width: 450px) 100vw, 450px\" \/><div class=\"overlay-rating\"><\/div><div class=\"product-overlay\"><div class=\"product-overlay-inner\">Ver detalles<\/div><\/div><\/div><div class=\"product-details-wrap\"><div class=\"product-category\">Naked El\u00e9trico<\/div><h2 class=\"woocommerce-loop-product__title\">BRAVO CR Edi\u00e7\u00e3o especial<\/h2><h3 class=\"vntd-product-title\"><a href=\"https:\/\/ebroh.eu\/pt-pt\/produto\/naked-eletrico\/bravo-cr-edicao-especial\/\">BRAVO CR Edi\u00e7\u00e3o especial<\/a><\/h3><div class=\"vntd-product-details btn btn-style-default btn-dark btn-icon accent-hover-bg\"><i class=\"fa fa-file-text-o\"><\/i>Ver detalles<\/div><div class=\"vntd-product-price\">\n<div class=\"vntd-product-rating\"><\/div><\/div><\/div><\/a><a href=\"https:\/\/ebroh.eu\/pt-pt\/produto\/naked-eletrico\/bravo-cr-edicao-especial\/\" aria-describedby=\"woocommerce_loop_add_to_cart_link_describedby_18252\" data-quantity=\"1\" class=\"button product_type_variable\" data-product_id=\"18252\" data-product_sku=\"\" aria-label=\"S\u00e9lectionner les options pour &ldquo;BRAVO CR Edi\u00e7\u00e3o especial&rdquo;\" rel=\"nofollow\">Lire la suite<\/a>\t<span id=\"woocommerce_loop_add_to_cart_link_describedby_18252\" class=\"screen-reader-text\">\n\t\t\t<\/span>\n<span class=\"gtm4wp_productdata\" style=\"display:none; visibility:hidden;\" data-gtm4wp_product_data=\"{&quot;internal_id&quot;:18252,&quot;item_id&quot;:18252,&quot;item_name&quot;:&quot;BRAVO CR Edi\\u00e7\\u00e3o especial&quot;,&quot;sku&quot;:18252,&quot;price&quot;:0,&quot;stocklevel&quot;:null,&quot;stockstatus&quot;:&quot;instock&quot;,&quot;google_business_vertical&quot;:&quot;retail&quot;,&quot;item_category&quot;:&quot;Naked El\\u00e9trico&quot;,&quot;id&quot;:18252,&quot;productlink&quot;:&quot;https:\\\/\\\/ebroh.eu\\\/pt-pt\\\/produto\\\/naked-eletrico\\\/bravo-cr-edicao-especial\\\/&quot;,&quot;item_list_name&quot;:&quot;Liste g\\u00e9n\\u00e9rale des produits&quot;,&quot;index&quot;:3,&quot;product_type&quot;:&quot;variable&quot;,&quot;item_brand&quot;:&quot;&quot;}\"><\/span><\/li>\n<li class=\"product type-product post-13608 status-publish last instock product_cat-naked-eletrico has-post-thumbnail taxable shipping-taxable product-type-variable has-default-attributes\">\n\t<a href=\"https:\/\/ebroh.eu\/pt-pt\/produto\/naked-eletrico\/bravo-gls\/\" class=\"woocommerce-LoopProduct-link woocommerce-loop-product__link\"><div class=\"product-thumbnail-wrap vntd-accent-bg-color\"><img loading=\"lazy\" decoding=\"async\" width=\"450\" height=\"450\" src=\"https:\/\/ebroh.eu\/wp-content\/uploads\/2021\/01\/bravo-gle-lat-450x450.jpg\" class=\"attachment-woocommerce_thumbnail size-woocommerce_thumbnail\" alt=\"BRAVO GLS\" srcset=\"https:\/\/ebroh.eu\/wp-content\/uploads\/2021\/01\/bravo-gle-lat-450x450.jpg 450w, https:\/\/ebroh.eu\/wp-content\/uploads\/2021\/01\/bravo-gle-lat-100x100.jpg 100w, https:\/\/ebroh.eu\/wp-content\/uploads\/2021\/01\/bravo-gle-lat-150x150.jpg 150w, https:\/\/ebroh.eu\/wp-content\/uploads\/2021\/01\/bravo-gle-lat-600x600.jpg 600w\" sizes=\"auto, (max-width: 450px) 100vw, 450px\" \/><div class=\"overlay-rating\"><\/div><div class=\"product-overlay\"><div class=\"product-overlay-inner\">Ver detalles<\/div><\/div><\/div><div class=\"product-details-wrap\"><div class=\"product-category\">Naked El\u00e9trico<\/div><h2 class=\"woocommerce-loop-product__title\">BRAVO GLS<\/h2><h3 class=\"vntd-product-title\"><a href=\"https:\/\/ebroh.eu\/pt-pt\/produto\/naked-eletrico\/bravo-gls\/\">BRAVO GLS<\/a><\/h3><div class=\"vntd-product-details btn btn-style-default btn-dark btn-icon accent-hover-bg\"><i class=\"fa fa-file-text-o\"><\/i>Ver detalles<\/div><div class=\"vntd-product-price\">\n<div class=\"vntd-product-rating\"><\/div><\/div><\/div><\/a><a href=\"https:\/\/ebroh.eu\/pt-pt\/produto\/naked-eletrico\/bravo-gls\/\" aria-describedby=\"woocommerce_loop_add_to_cart_link_describedby_13608\" data-quantity=\"1\" class=\"button product_type_variable\" data-product_id=\"13608\" data-product_sku=\"\" aria-label=\"S\u00e9lectionner les options pour &ldquo;BRAVO GLS&rdquo;\" rel=\"nofollow\">Lire la suite<\/a>\t<span id=\"woocommerce_loop_add_to_cart_link_describedby_13608\" class=\"screen-reader-text\">\n\t\t\t<\/span>\n<span class=\"gtm4wp_productdata\" style=\"display:none; visibility:hidden;\" data-gtm4wp_product_data=\"{&quot;internal_id&quot;:13608,&quot;item_id&quot;:13608,&quot;item_name&quot;:&quot;BRAVO GLS&quot;,&quot;sku&quot;:13608,&quot;price&quot;:0,&quot;stocklevel&quot;:null,&quot;stockstatus&quot;:&quot;instock&quot;,&quot;google_business_vertical&quot;:&quot;retail&quot;,&quot;item_category&quot;:&quot;Naked El\\u00e9trico&quot;,&quot;id&quot;:13608,&quot;productlink&quot;:&quot;https:\\\/\\\/ebroh.eu\\\/pt-pt\\\/produto\\\/naked-eletrico\\\/bravo-gls\\\/&quot;,&quot;item_list_name&quot;:&quot;Liste g\\u00e9n\\u00e9rale des produits&quot;,&quot;index&quot;:4,&quot;product_type&quot;:&quot;variable&quot;,&quot;item_brand&quot;:&quot;&quot;}\"><\/span><\/li>\n<\/ul>\n<\/div>[\/vc_column][\/vc_row]<\/p>\n<\/section>","protected":false},"excerpt":{"rendered":"<p>[vc_row][vc_column][\/vc_column][\/vc_row]<\/p>\n","protected":false},"author":3,"featured_media":0,"parent":0,"menu_order":0,"comment_status":"closed","ping_status":"closed","template":"","meta":{"footnotes":""},"class_list":["post-29763","page","type-page","status-publish","hentry"],"_links":{"self":[{"href":"https:\/\/ebroh.eu\/fr\/wp-json\/wp\/v2\/pages\/29763","targetHints":{"allow":["GET"]}}],"collection":[{"href":"https:\/\/ebroh.eu\/fr\/wp-json\/wp\/v2\/pages"}],"about":[{"href":"https:\/\/ebroh.eu\/fr\/wp-json\/wp\/v2\/types\/page"}],"author":[{"embeddable":true,"href":"https:\/\/ebroh.eu\/fr\/wp-json\/wp\/v2\/users\/3"}],"replies":[{"embeddable":true,"href":"https:\/\/ebroh.eu\/fr\/wp-json\/wp\/v2\/comments?post=29763"}],"version-history":[{"count":0,"href":"https:\/\/ebroh.eu\/fr\/wp-json\/wp\/v2\/pages\/29763\/revisions"}],"wp:attachment":[{"href":"https:\/\/ebroh.eu\/fr\/wp-json\/wp\/v2\/media?parent=29763"}],"curies":[{"name":"wp","href":"https:\/\/api.w.org\/{rel}","templated":true}]}}