{"id":2624,"date":"2018-11-14T14:39:18","date_gmt":"2018-11-14T12:39:18","guid":{"rendered":"http:\/\/ebroh.es\/e-scooters\/"},"modified":"2021-12-09T16:33:05","modified_gmt":"2021-12-09T14:33:05","slug":"e-scooters","status":"publish","type":"page","link":"https:\/\/ebroh.eu\/fr\/e-scooters\/","title":{"rendered":"E-Scooters"},"content":{"rendered":"<section class=\"wpb-content-wrapper\"><p>[vc_row full_width=\u00a0\u00bbstretch_row_content_no_spaces\u00a0\u00bb full_height=\u00a0\u00bbyes\u00a0\u00bb columns_placement=\u00a0\u00bbstretch\u00a0\u00bb equal_height=\u00a0\u00bbyes\u00a0\u00bb content_placement=\u00a0\u00bbmiddle\u00a0\u00bb video_bg=\u00a0\u00bbyes\u00a0\u00bb video_bg_url=\u00a0\u00bbhttps:\/\/www.youtube.com\/watch?v=hky76zovTzc\u00a0\u00bb css=\u00a0\u00bb.vc_custom_1613383231588{padding-top: 0px !important;padding-bottom: 0px !important;}\u00a0\u00bb el_id=\u00a0\u00bbhome-video\u00a0\u00bb][vc_column]<div class=\"vntd-icon-box vntd-content-element box-centered-outline icon-size-lg box-centered box-with-bg bg-color-custom  animated vntd-animated\" data-animation=\"fadeIn\" data-animation-delay=\"3000\"><div class=\"icon-box-icon color-dark\"><i class=\"fa fa-heart-o\"><\/i><\/div><div class=\"icon-box-content\"><h5 class=\"icon-box-title\"style=\"color:ffffff!important;\"><\/h5><p class=\"icon-description\"><\/p><\/div><\/div>[vc_column_text css_animation=\u00a0\u00bbappear\u00a0\u00bb font_size=\u00a0\u00bbxlarger\u00a0\u00bb]<\/p>\n<h1 style=\"text-align: center;\"><span style=\"color: #999999;\"><span style=\"color: #ffffff;\"><strong>EBROH <\/strong><\/span><strong>SCOOTERS<\/strong><\/span><\/h1>\n<h2 style=\"text-align: center;\"><span style=\"color: #00ffff;\"><span class=\"tlid-translation translation\" lang=\"fr\"><span class=\"\" title=\"\">\u00c9LECTRIQUE<\/span><\/span><\/span><\/h2>\n<p>[\/vc_column_text][\/vc_column][\/vc_row][vc_row full_width=\u00a0\u00bbstretch_row_content\u00a0\u00bb css=\u00a0\u00bb.vc_custom_1542911284138{margin-bottom: 30px !important;}\u00a0\u00bb][vc_column width=\u00a0\u00bb1\/6&Prime;][\/vc_column][vc_column width=\u00a0\u00bb2\/3&Prime;][vc_custom_heading text=\u00a0\u00bbMod\u00e8les EBROH \u00c9LECTRIQUES\u00a0\u00bb font_container=\u00a0\u00bbtag:h2|font_size:46px|text_align:center\u00a0\u00bb use_theme_fonts=\u00a0\u00bbyes\u00a0\u00bb][vc_separator][vc_column_text font_size=\u00a0\u00bbxlarge\u00a0\u00bb el_class=\u00a0\u00bbclaim\u00a0\u00bb]<\/p>\n<p style=\"text-align: center;\"><span class=\"tlid-translation translation\" lang=\"fr\"><span class=\"\" title=\"\">Consciente de l&rsquo;importance et du potentiel des scooters \u00e9lectriques, la soci\u00e9t\u00e9 au capital 100% espagnol <strong>Ebroh<\/strong> est n\u00e9e avec la vocation de devenir d&rsquo;authentiques sp\u00e9cialistes des alternatives de mobilit\u00e9 \u00e9lectrique, offrant au march\u00e9 diff\u00e9rentes gammes de scooters \u00e9lectriques, tant pour leur type d&rsquo;utilisation que pour<\/span> <span title=\"\">votre segmentation de prix.<\/span> <span class=\"\" title=\"\">\u00c0 tel point qu&rsquo;<strong>Ebroh<\/strong> se d\u00e9finit comme <em>\u00abThe Electric Bike and Scooter Company\u00bb<\/em>, avec la ferme intention d&rsquo;\u00eatre une r\u00e9f\u00e9rence en mati\u00e8re de motos \u00e9lectriques.<\/span><\/span><\/p>\n<h1 style=\"text-align: center;\"><span style=\"color: #808080;\"><strong><span class=\"tlid-translation translation\" lang=\"fr\"><span class=\"\" title=\"\">D\u00c9COUVRIR<\/span><\/span><\/strong><\/span><\/h1>\n<p>[\/vc_column_text][\/vc_column][vc_column width=\u00a0\u00bb1\/6&Prime;][\/vc_column][\/vc_row][vc_row css=\u00a0\u00bb.vc_custom_1542282900615{margin-top: 0px !important;margin-bottom: 0px !important;border-bottom-width: 0px !important;padding-top: 0px !important;}\u00a0\u00bb][vc_column width=\u00a0\u00bb1\/3&Prime; css=\u00a0\u00bb.vc_custom_1542282847412{margin-bottom: 0px !important;padding-bottom: 0px !important;}\u00a0\u00bb][vc_images_carousel images=\u00a0\u00bb3261,3257,3253&Prime; img_size=\u00a0\u00bbmedium\u00a0\u00bb onclick=\u00a0\u00bbcustom_link\u00a0\u00bb custom_links_target=\u00a0\u00bb_blank\u00a0\u00bb speed=\u00a0\u00bb2500&Prime; autoplay=\u00a0\u00bbyes\u00a0\u00bb hide_pagination_control=\u00a0\u00bbyes\u00a0\u00bb hide_prev_next_buttons=\u00a0\u00bbyes\u00a0\u00bb wrap=\u00a0\u00bbyes\u00a0\u00bb css_animation=\u00a0\u00bbfadeIn\u00a0\u00bb title=\u00a0\u00bbSpuma Li 3K\u00a0\u00bb custom_links=\u00a0\u00bb#E-8_aHR0cHMlM0ElMkYlMkZlYnJvaC5lcyUyRmZyJTJGcHJvZHVpdCUyRmUtc2Nvb3RlcnMtZnIlMkZzY29vdGVyLWVsZWN0cmlxdWUtc3B1bWEtbGklMkYlMkNodHRwcyUzQSUyRiUyRmVicm9oLmVzJTJGZnIlMkZwcm9kdWl0JTJGZS1zY29vdGVycy1mciUyRnNjb290ZXItZWxlY3RyaXF1ZS1zcHVtYS1saSUyRiUyQ2h0dHBzJTNBJTJGJTJGZWJyb2guZXMlMkZmciUyRnByb2R1aXQlMkZlLXNjb290ZXJzLWZyJTJGc2Nvb3Rlci1lbGVjdHJpcXVlLXNwdW1hLWxpJTJG\u00a0\u00bb][\/vc_column][vc_column width=\u00a0\u00bb1\/3&Prime;][vc_images_carousel images=\u00a0\u00bb5752,5748,5744&Prime; img_size=\u00a0\u00bbmedium\u00a0\u00bb onclick=\u00a0\u00bbcustom_link\u00a0\u00bb custom_links_target=\u00a0\u00bb_blank\u00a0\u00bb speed=\u00a0\u00bb2500&Prime; autoplay=\u00a0\u00bbyes\u00a0\u00bb hide_pagination_control=\u00a0\u00bbyes\u00a0\u00bb hide_prev_next_buttons=\u00a0\u00bbyes\u00a0\u00bb wrap=\u00a0\u00bbyes\u00a0\u00bb css_animation=\u00a0\u00bbfadeIn\u00a0\u00bb title=\u00a0\u00bbSpuma Li 5K\u00a0\u00bb custom_links=\u00a0\u00bb#E-8_aHR0cHMlM0ElMkYlMkZlYnJvaC5lcyUyRmZyJTJGcHJvZHVpdCUyRmUtc2Nvb3RlcnMtZnIlMkZzY29vdGVyLWVsZWN0cmlxdWUtc3B1bWEtbGktNWslMkYlMkNodHRwcyUzQSUyRiUyRmVicm9oLmVzJTJGZnIlMkZwcm9kdWl0JTJGZS1zY29vdGVycy1mciUyRnNjb290ZXItZWxlY3RyaXF1ZS1zcHVtYS1saS01ayUyRiUyQ2h0dHBzJTNBJTJGJTJGZWJyb2guZXMlMkZmciUyRnByb2R1aXQlMkZlLXNjb290ZXJzLWZyJTJGc2Nvb3Rlci1lbGVjdHJpcXVlLXNwdW1hLWxpLTVrJTJG\u00a0\u00bb][\/vc_column][vc_column width=\u00a0\u00bb1\/3&Prime;][vc_images_carousel images=\u00a0\u00bb4938,4954,4950&Prime; img_size=\u00a0\u00bbmedium\u00a0\u00bb onclick=\u00a0\u00bbcustom_link\u00a0\u00bb custom_links_target=\u00a0\u00bb_blank\u00a0\u00bb speed=\u00a0\u00bb2500&Prime; autoplay=\u00a0\u00bbyes\u00a0\u00bb hide_pagination_control=\u00a0\u00bbyes\u00a0\u00bb hide_prev_next_buttons=\u00a0\u00bbyes\u00a0\u00bb wrap=\u00a0\u00bbyes\u00a0\u00bb css_animation=\u00a0\u00bbfadeIn\u00a0\u00bb title=\u00a0\u00bbClub Comfort\u00a0\u00bb custom_links=\u00a0\u00bb#E-8_aHR0cHMlM0ElMkYlMkZlYnJvaC5lcyUyRmZyJTJGcHJvZHVpdCUyRmUtc2Nvb3RlcnMtZnIlMkZzY29vdGVyLWVsZWN0cmlxdWUtc3B1bWEtbGktY29uZm9ydCUyRiUyQ2h0dHBzJTNBJTJGJTJGZWJyb2guZXMlMkZmciUyRnByb2R1aXQlMkZlLXNjb290ZXJzLWZyJTJGc2Nvb3Rlci1lbGVjdHJpcXVlLXNwdW1hLWxpLWNvbmZvcnQlMkYlMkNodHRwcyUzQSUyRiUyRmVicm9oLmVzJTJGZnIlMkZwcm9kdWl0JTJGZS1zY29vdGVycy1mciUyRnNjb290ZXItZWxlY3RyaXF1ZS1zcHVtYS1saS1jb25mb3J0JTJG\u00a0\u00bb][\/vc_column][\/vc_row][vc_row css=\u00a0\u00bb.vc_custom_1542282900615{margin-top: 0px !important;margin-bottom: 0px !important;border-bottom-width: 0px !important;padding-top: 0px !important;}\u00a0\u00bb][vc_column width=\u00a0\u00bb1\/3&Prime; css=\u00a0\u00bb.vc_custom_1542282847412{margin-bottom: 0px !important;padding-bottom: 0px !important;}\u00a0\u00bb][vc_images_carousel images=\u00a0\u00bb5007,5041,5037&Prime; img_size=\u00a0\u00bbmedium\u00a0\u00bb onclick=\u00a0\u00bbcustom_link\u00a0\u00bb custom_links_target=\u00a0\u00bb_blank\u00a0\u00bb speed=\u00a0\u00bb2500&Prime; autoplay=\u00a0\u00bbyes\u00a0\u00bb hide_pagination_control=\u00a0\u00bbyes\u00a0\u00bb hide_prev_next_buttons=\u00a0\u00bbyes\u00a0\u00bb wrap=\u00a0\u00bbyes\u00a0\u00bb css_animation=\u00a0\u00bbfadeIn\u00a0\u00bb title=\u00a0\u00bbStrada Li\u00a0\u00bb custom_links=\u00a0\u00bb#E-8_aHR0cHMlM0ElMkYlMkZlYnJvaC5lcyUyRmZyJTJGcHJvZHVpdCUyRmUtc2Nvb3RlcnMtZnIlMkZzY29vdGVyLWVsZWN0cmlxdWUtc3RyYWRhLWxpJTJGJTJDaHR0cHMlM0ElMkYlMkZlYnJvaC5lcyUyRmZyJTJGcHJvZHVpdCUyRmUtc2Nvb3RlcnMtZnIlMkZzY29vdGVyLWVsZWN0cmlxdWUtc3RyYWRhLWxpJTJGJTJDaHR0cHMlM0ElMkYlMkZlYnJvaC5lcyUyRmZyJTJGcHJvZHVpdCUyRmUtc2Nvb3RlcnMtZnIlMkZzY29vdGVyLWVsZWN0cmlxdWUtc3RyYWRhLWxpJTJG\u00a0\u00bb][\/vc_column][vc_column width=\u00a0\u00bb1\/3&Prime;][vc_images_carousel images=\u00a0\u00bb5963,5971,5959&Prime; img_size=\u00a0\u00bbmedium\u00a0\u00bb onclick=\u00a0\u00bbcustom_link\u00a0\u00bb custom_links_target=\u00a0\u00bb_blank\u00a0\u00bb speed=\u00a0\u00bb2500&Prime; autoplay=\u00a0\u00bbyes\u00a0\u00bb hide_pagination_control=\u00a0\u00bbyes\u00a0\u00bb hide_prev_next_buttons=\u00a0\u00bbyes\u00a0\u00bb wrap=\u00a0\u00bbyes\u00a0\u00bb css_animation=\u00a0\u00bbfadeIn\u00a0\u00bb title=\u00a0\u00bbSpuma Li Cargo\u00a0\u00bb custom_links=\u00a0\u00bb#E-8_aHR0cHMlM0ElMkYlMkZlYnJvaC5lcyUyRmZyJTJGcHJvZHVpdCUyRmUtc2Nvb3RlcnMtZnIlMkZzY29vdGVyLWVsZWN0cmlxdWUtc3B1bWEtbGktY2FyZ28lMkYlMkNodHRwcyUzQSUyRiUyRmVicm9oLmVzJTJGZnIlMkZwcm9kdWl0JTJGZS1zY29vdGVycy1mciUyRnNjb290ZXItZWxlY3RyaXF1ZS1zcHVtYS1saS1jYXJnbyUyRiUyQ2h0dHBzJTNBJTJGJTJGZWJyb2guZXMlMkZmciUyRnByb2R1aXQlMkZlLXNjb290ZXJzLWZyJTJGc2Nvb3Rlci1lbGVjdHJpcXVlLXNwdW1hLWxpLWNhcmdvJTJG\u00a0\u00bb][\/vc_column][vc_column width=\u00a0\u00bb1\/3&Prime;][vc_images_carousel images=\u00a0\u00bb5427,5400,5418&Prime; img_size=\u00a0\u00bbmedium\u00a0\u00bb onclick=\u00a0\u00bbcustom_link\u00a0\u00bb custom_links_target=\u00a0\u00bb_blank\u00a0\u00bb speed=\u00a0\u00bb2500&Prime; autoplay=\u00a0\u00bbyes\u00a0\u00bb hide_pagination_control=\u00a0\u00bbyes\u00a0\u00bb hide_prev_next_buttons=\u00a0\u00bbyes\u00a0\u00bb wrap=\u00a0\u00bbyes\u00a0\u00bb css_animation=\u00a0\u00bbfadeIn\u00a0\u00bb title=\u00a0\u00bbStrada 20Th 10K\u00a0\u00bb custom_links=\u00a0\u00bb#E-8_aHR0cHMlM0ElMkYlMkZlYnJvaC5lcyUyRmZyJTJGcHJvZHVpdCUyRmUtbWF4aS1zY29vdGVycy1mciUyRnNjb290ZXItZWxlY3RyaXF1ZS1zdHJhZGEtMjB0aCUyRiUyQ2h0dHBzJTNBJTJGJTJGZWJyb2guZXMlMkZmciUyRnByb2R1aXQlMkZlLW1heGktc2Nvb3RlcnMtZnIlMkZzY29vdGVyLWVsZWN0cmlxdWUtc3RyYWRhLTIwdGglMkYlMkNodHRwcyUzQSUyRiUyRmVicm9oLmVzJTJGZnIlMkZwcm9kdWl0JTJGZS1tYXhpLXNjb290ZXJzLWZyJTJGc2Nvb3Rlci1lbGVjdHJpcXVlLXN0cmFkYS0yMHRoJTJG\u00a0\u00bb][\/vc_column][\/vc_row][vc_row full_width=\u00a0\u00bbstretch_row_content\u00a0\u00bb equal_height=\u00a0\u00bbyes\u00a0\u00bb][vc_column width=\u00a0\u00bb1\/6&Prime;][\/vc_column][vc_column width=\u00a0\u00bb2\/3&Prime; col_padding_side=\u00a0\u00bbtop_bottom\u00a0\u00bb][vc_row_inner equal_height=\u00a0\u00bbyes\u00a0\u00bb content_placement=\u00a0\u00bbmiddle\u00a0\u00bb el_class=\u00a0\u00bbcaracteristicas\u00a0\u00bb][vc_column_inner width=\u00a0\u00bb1\/2&Prime;][vc_single_image image=\u00a0\u00bb3273&Prime; img_size=\u00a0\u00bb500&#215;500&Prime; alignment=\u00a0\u00bbcenter\u00a0\u00bb onclick=\u00a0\u00bbzoom\u00a0\u00bb css_animation=\u00a0\u00bbfadeIn\u00a0\u00bb][\/vc_column_inner][vc_column_inner width=\u00a0\u00bb1\/2&Prime;][vc_custom_heading text=\u00a0\u00bbSpuma Li 3K\u00a0\u00bb font_container=\u00a0\u00bbtag:h2|text_align:center\u00a0\u00bb use_theme_fonts=\u00a0\u00bbyes\u00a0\u00bb link=\u00a0\u00bburl:https%3A%2F%2Febroh.es%2Ffr%2Fproduit%2Fe-scooters-fr%2Fscooter-electrique-spuma-li%2F|title:Spuma%20Li|target:%20_blank|\u00a0\u00bb][vc_column_text font_size=\u00a0\u00bbxlarge\u00a0\u00bb]<\/p>\n<p style=\"text-align: center;\"><span class=\"tlid-translation translation\" lang=\"fr\"><span title=\"\"><strong>Spuma Li<\/strong> est distribu\u00e9 en Europe et au Portugal depuis Saragosse par <strong>Ebroh<\/strong>.<\/span> <span title=\"\">Notre d\u00e9partement R&amp;D a choisi les meilleurs fabricants de composants pour r\u00e9aliser un scooter bien con\u00e7u.<\/span> <span class=\"\" title=\"\">Nous offrons une garantie de deux ans et un service complet d&rsquo;assistance, de pi\u00e8ces d\u00e9tach\u00e9es et d&rsquo;accessoires.<\/span><\/span><\/p>\n<p>[\/vc_column_text][\/vc_column_inner][\/vc_row_inner][\/vc_column][vc_column width=\u00a0\u00bb1\/6&Prime;][\/vc_column][\/vc_row][vc_row full_width=\u00a0\u00bbstretch_row_content\u00a0\u00bb equal_height=\u00a0\u00bbyes\u00a0\u00bb][vc_column width=\u00a0\u00bb1\/6&Prime;][\/vc_column][vc_column width=\u00a0\u00bb2\/3&Prime; col_padding_side=\u00a0\u00bbtop_bottom\u00a0\u00bb][vc_row_inner equal_height=\u00a0\u00bbyes\u00a0\u00bb content_placement=\u00a0\u00bbmiddle\u00a0\u00bb el_class=\u00a0\u00bbcaracteristicas\u00a0\u00bb][vc_column_inner width=\u00a0\u00bb1\/2&Prime;][vc_custom_heading text=\u00a0\u00bbSpuma Li 5K\u00a0\u00bb font_container=\u00a0\u00bbtag:h2|text_align:center\u00a0\u00bb use_theme_fonts=\u00a0\u00bbyes\u00a0\u00bb link=\u00a0\u00bburl:https%3A%2F%2Febroh.es%2Ffr%2Fproduit%2Fe-scooters-fr%2Fscooter-electrique-spuma-li-5k%2F|title:Spuma%20Li%205K|target:%20_blank|\u00a0\u00bb][vc_column_text font_size=\u00a0\u00bbxlarger\u00a0\u00bb]<\/p>\n<p style=\"text-align: center;\"><span class=\"tlid-translation translation\" lang=\"fr\"><span class=\"\" title=\"\">Mod\u00e8le <strong>Spuma Li<\/strong> plus puissant, avec un moteur \u00e9lectrique BOSCH <strong>4700W<\/strong>, trois modes de puissance et deux batteries amovibles.<\/span> <span class=\"\" title=\"\">Il a une autonomie allant jusqu&rsquo;\u00e0 80 km et une vitesse maximale de 80 km \/ h, soit l&rsquo;\u00e9quivalent d&rsquo;un scooter \u00e0 essence de 125 cm3.<\/span><\/span><\/p>\n<p>[\/vc_column_text][\/vc_column_inner][vc_column_inner width=\u00a0\u00bb1\/2&Prime;][vc_single_image image=\u00a0\u00bb5752&Prime; img_size=\u00a0\u00bb500&#215;500&Prime; alignment=\u00a0\u00bbcenter\u00a0\u00bb onclick=\u00a0\u00bbzoom\u00a0\u00bb css_animation=\u00a0\u00bbfadeIn\u00a0\u00bb][\/vc_column_inner][\/vc_row_inner][\/vc_column][vc_column width=\u00a0\u00bb1\/6&Prime;][\/vc_column][\/vc_row][vc_row full_width=\u00a0\u00bbstretch_row_content\u00a0\u00bb equal_height=\u00a0\u00bbyes\u00a0\u00bb][vc_column width=\u00a0\u00bb1\/6&Prime;][\/vc_column][vc_column width=\u00a0\u00bb2\/3&Prime; col_padding_side=\u00a0\u00bbtop_bottom\u00a0\u00bb][vc_row_inner equal_height=\u00a0\u00bbyes\u00a0\u00bb content_placement=\u00a0\u00bbmiddle\u00a0\u00bb el_class=\u00a0\u00bbcaracteristicas\u00a0\u00bb][vc_column_inner width=\u00a0\u00bb1\/2&Prime;][vc_custom_heading text=\u00a0\u00bbClub Comfort\u00a0\u00bb font_container=\u00a0\u00bbtag:h2|text_align:center\u00a0\u00bb use_theme_fonts=\u00a0\u00bbyes\u00a0\u00bb link=\u00a0\u00bburl:https%3A%2F%2Febroh.es%2Ffr%2Fproduit%2Fe-scooters-fr%2Fscooter-electrique-spuma-li-confort%2F|title:V%C3%A9lo%20tout%20suspendu%20Trail%20DS140%20Carbon|target:%20_blank|\u00a0\u00bb][vc_column_text font_size=\u00a0\u00bbxlarger\u00a0\u00bb]<\/p>\n<p style=\"text-align: center;\"><span class=\"tlid-translation translation\" lang=\"fr\"><span title=\"\">Le<strong> Club Comfort<\/strong>, un scooter \u00e9lectrique qui allie agilit\u00e9 et confort.<\/span> <span title=\"\">Gr\u00e2ce \u00e0 sa configuration \u00e0 3 roues, il offre une s\u00e9curit\u00e9 suppl\u00e9mentaire.<\/span> <span class=\"\" title=\"\">Il dispose d&rsquo;un si\u00e8ge anatomique qui, gr\u00e2ce \u00e0 son large dossier, offre un confort maximal.<\/span> <span class=\"\" title=\"\">Double optique arri\u00e8re, qui offre une meilleure visibilit\u00e9 du v\u00e9hicule quel que soit l&rsquo;angle de vision.<\/span><\/span><\/p>\n<p>[\/vc_column_text][\/vc_column_inner][vc_column_inner width=\u00a0\u00bb1\/2&Prime;][vc_single_image image=\u00a0\u00bb4938&Prime; img_size=\u00a0\u00bb500&#215;500&Prime; alignment=\u00a0\u00bbcenter\u00a0\u00bb onclick=\u00a0\u00bbzoom\u00a0\u00bb css_animation=\u00a0\u00bbfadeIn\u00a0\u00bb][\/vc_column_inner][\/vc_row_inner][vc_row_inner equal_height=\u00a0\u00bbyes\u00a0\u00bb content_placement=\u00a0\u00bbmiddle\u00a0\u00bb el_class=\u00a0\u00bbcaracteristicas\u00a0\u00bb][vc_column_inner width=\u00a0\u00bb1\/2&Prime;][vc_single_image image=\u00a0\u00bb5056&Prime; img_size=\u00a0\u00bb500&#215;500&Prime; alignment=\u00a0\u00bbcenter\u00a0\u00bb onclick=\u00a0\u00bbzoom\u00a0\u00bb css_animation=\u00a0\u00bbfadeIn\u00a0\u00bb][\/vc_column_inner][vc_column_inner width=\u00a0\u00bb1\/2&Prime;][vc_custom_heading text=\u00a0\u00bbStrada Li\u00a0\u00bb font_container=\u00a0\u00bbtag:h2|text_align:center\u00a0\u00bb use_theme_fonts=\u00a0\u00bbyes\u00a0\u00bb link=\u00a0\u00bburl:https%3A%2F%2Febroh.es%2Ffr%2Fproduit%2Fe-scooters-fr%2Fscooter-electrique-strada-li%2F|title:Veracruz|target:%20_blank|\u00a0\u00bb][vc_column_text font_size=\u00a0\u00bbxlarger\u00a0\u00bb]<\/p>\n<p style=\"text-align: center;\"><span class=\"tlid-translation translation\" lang=\"fr\"><span title=\"\"><strong>Strada Li<\/strong> combine durabilit\u00e9 et confort \u00e0 parts \u00e9gales dans un scooter \u00e9lectrique de type Sport.<\/span> <span class=\"\" title=\"\">Parfait pour circuler dans la ville d&rsquo;aujourd&rsquo;hui, avec une batterie au lithium, un moteur Bosch de 3000 W et une vitesse maximale de 45 km \/ h.<\/span><\/span><\/p>\n<p>[\/vc_column_text][\/vc_column_inner][\/vc_row_inner][\/vc_column][vc_column width=\u00a0\u00bb1\/6&Prime;][\/vc_column][\/vc_row][vc_row full_width=\u00a0\u00bbstretch_row_content\u00a0\u00bb equal_height=\u00a0\u00bbyes\u00a0\u00bb][vc_column width=\u00a0\u00bb1\/6&Prime;][\/vc_column][vc_column width=\u00a0\u00bb2\/3&Prime; col_padding_side=\u00a0\u00bbtop_bottom\u00a0\u00bb][vc_row_inner equal_height=\u00a0\u00bbyes\u00a0\u00bb content_placement=\u00a0\u00bbmiddle\u00a0\u00bb el_class=\u00a0\u00bbcaracteristicas\u00a0\u00bb][vc_column_inner width=\u00a0\u00bb1\/2&Prime;][vc_custom_heading text=\u00a0\u00bbSpuma Li Cargo\u00a0\u00bb font_container=\u00a0\u00bbtag:h2|text_align:center\u00a0\u00bb use_theme_fonts=\u00a0\u00bbyes\u00a0\u00bb link=\u00a0\u00bburl:https%3A%2F%2Febroh.es%2Ffr%2Fproduit%2Fe-scooters-fr%2Fscooter-electrique-spuma-li-cargo%2F|title:Spuma%20Li%20Cargo|target:%20_blank|\u00a0\u00bb][vc_column_text font_size=\u00a0\u00bbxlarger\u00a0\u00bb]<\/p>\n<p style=\"text-align: center;\"><span class=\"tlid-translation translation\" lang=\"fr\"><span class=\"\" title=\"\">Version <strong>CARGO<\/strong> du <strong>Spuma Li 5K<\/strong>, avec les m\u00eames caract\u00e9ristiques que notre Scooter, mais con\u00e7ue et con\u00e7ue pour une livraison en ville.<\/span> <span class=\"\" title=\"\">Avec une grande autonomie pour pouvoir remplir la journ\u00e9e de travail, c&rsquo;est l&rsquo;option la plus adapt\u00e9e pour se d\u00e9placer avec agilit\u00e9 dans les embouteillages de la ville, et rejoindre rapidement les banlieues.<\/span><\/span><\/p>\n<p>[\/vc_column_text][\/vc_column_inner][vc_column_inner width=\u00a0\u00bb1\/2&Prime;][vc_single_image image=\u00a0\u00bb7497&Prime; img_size=\u00a0\u00bb500&#215;500&Prime; alignment=\u00a0\u00bbcenter\u00a0\u00bb onclick=\u00a0\u00bbzoom\u00a0\u00bb css_animation=\u00a0\u00bbfadeIn\u00a0\u00bb][\/vc_column_inner][\/vc_row_inner][vc_row_inner equal_height=\u00a0\u00bbyes\u00a0\u00bb content_placement=\u00a0\u00bbmiddle\u00a0\u00bb el_class=\u00a0\u00bbcaracteristicas\u00a0\u00bb][vc_column_inner width=\u00a0\u00bb1\/2&Prime;][vc_single_image image=\u00a0\u00bb5384&Prime; img_size=\u00a0\u00bb500&#215;500&Prime; alignment=\u00a0\u00bbcenter\u00a0\u00bb onclick=\u00a0\u00bbzoom\u00a0\u00bb css_animation=\u00a0\u00bbfadeIn\u00a0\u00bb][\/vc_column_inner][vc_column_inner width=\u00a0\u00bb1\/2&Prime;][vc_custom_heading text=\u00a0\u00bbStrada 20th 10K\u00a0\u00bb font_container=\u00a0\u00bbtag:h2|text_align:center\u00a0\u00bb use_theme_fonts=\u00a0\u00bbyes\u00a0\u00bb link=\u00a0\u00bburl:https%3A%2F%2Febroh.es%2Ffr%2Fproduit%2Fe-maxi-scooters-fr%2Fscooter-electrique-strada-20th%2F|title:Strada%2020th|target:%20_blank|\u00a0\u00bb][vc_column_text font_size=\u00a0\u00bbxlarger\u00a0\u00bb]<\/p>\n<p style=\"text-align: center;\"><span class=\"tlid-translation translation\" lang=\"fr\"><span title=\"\"><strong>Ebroh<\/strong> Maxi Scooter avec les qualit\u00e9s parfaites pour circuler dans la ville actuelle.<\/span> <span title=\"\"><strong>Strada 20th 10K<\/strong> allie vitesse et confort dans un scooter de type Sport.<\/span> <span title=\"\">Jusqu&rsquo;\u00e0 130 km \/ h.<\/span> <span title=\"\">Autonomie jusqu&rsquo;\u00e0 150 Km. Frein R\u00c9G\u00c9N\u00c9RATIF.<\/span> <span title=\"\">Batterie au lithium 72 V avec 93 Ah.<\/span> <span class=\"\" title=\"\">Moteur avec des performances de 10000 watts et nouveau BMS avec une force d&rsquo;acc\u00e9l\u00e9ration de 260A.<\/span><\/span><\/p>\n<p>[\/vc_column_text][\/vc_column_inner][\/vc_row_inner][\/vc_column][vc_column width=\u00a0\u00bb1\/6&Prime;][\/vc_column][\/vc_row]<\/p>\n<\/section>","protected":false},"excerpt":{"rendered":"<p>[vc_row full_width=\u00a0\u00bbstretch_row_content_no_spaces\u00a0\u00bb full_height=\u00a0\u00bbyes\u00a0\u00bb columns_placement=\u00a0\u00bbstretch\u00a0\u00bb equal_height=\u00a0\u00bbyes\u00a0\u00bb content_placement=\u00a0\u00bbmiddle\u00a0\u00bb video_bg=\u00a0\u00bbyes\u00a0\u00bb video_bg_url=\u00a0\u00bbhttps:\/\/www.youtube.com\/watch?v=hky76zovTzc\u00a0\u00bb css=\u00a0\u00bb.vc_custom_1613383231588{padding-top: 0px !important;padding-bottom: 0px !important;}\u00a0\u00bb el_id=\u00a0\u00bbhome-video\u00a0\u00bb][vc_column][vc_column_text css_animation=\u00a0\u00bbappear\u00a0\u00bb font_size=\u00a0\u00bbxlarger\u00a0\u00bb] EBROH SCOOTERS \u00c9LECTRIQUE [\/vc_column_text][\/vc_column][\/vc_row][vc_row full_width=\u00a0\u00bbstretch_row_content\u00a0\u00bb css=\u00a0\u00bb.vc_custom_1542911284138{margin-bottom: 30px !important;}\u00a0\u00bb][vc_column width=\u00a0\u00bb1\/6&Prime;][\/vc_column][vc_column width=\u00a0\u00bb2\/3&Prime;][vc_custom_heading text=\u00a0\u00bbMod\u00e8les EBROH \u00c9LECTRIQUES\u00a0\u00bb font_container=\u00a0\u00bbtag:h2|font_size:46px|text_align:center\u00a0\u00bb use_theme_fonts=\u00a0\u00bbyes\u00a0\u00bb][vc_separator][vc_column_text font_size=\u00a0\u00bbxlarge\u00a0\u00bb el_class=\u00a0\u00bbclaim\u00a0\u00bb] Consciente de l&rsquo;importance et du potentiel des scooters \u00e9lectriques, la soci\u00e9t\u00e9 au capital 100% espagnol Ebroh est [&hellip;]<\/p>\n","protected":false},"author":1,"featured_media":0,"parent":0,"menu_order":0,"comment_status":"closed","ping_status":"closed","template":"","meta":{"footnotes":""},"class_list":["post-2624","page","type-page","status-publish","hentry"],"_links":{"self":[{"href":"https:\/\/ebroh.eu\/fr\/wp-json\/wp\/v2\/pages\/2624","targetHints":{"allow":["GET"]}}],"collection":[{"href":"https:\/\/ebroh.eu\/fr\/wp-json\/wp\/v2\/pages"}],"about":[{"href":"https:\/\/ebroh.eu\/fr\/wp-json\/wp\/v2\/types\/page"}],"author":[{"embeddable":true,"href":"https:\/\/ebroh.eu\/fr\/wp-json\/wp\/v2\/users\/1"}],"replies":[{"embeddable":true,"href":"https:\/\/ebroh.eu\/fr\/wp-json\/wp\/v2\/comments?post=2624"}],"version-history":[{"count":27,"href":"https:\/\/ebroh.eu\/fr\/wp-json\/wp\/v2\/pages\/2624\/revisions"}],"predecessor-version":[{"id":18304,"href":"https:\/\/ebroh.eu\/fr\/wp-json\/wp\/v2\/pages\/2624\/revisions\/18304"}],"wp:attachment":[{"href":"https:\/\/ebroh.eu\/fr\/wp-json\/wp\/v2\/media?parent=2624"}],"curies":[{"name":"wp","href":"https:\/\/api.w.org\/{rel}","templated":true}]}}