{"id":2598,"date":"2018-11-14T14:36:42","date_gmt":"2018-11-14T12:36:42","guid":{"rendered":"http:\/\/ebroh.es\/e-bikes\/"},"modified":"2021-06-25T15:18:09","modified_gmt":"2021-06-25T13:18:09","slug":"e-bikes","status":"publish","type":"page","link":"https:\/\/ebroh.eu\/fr\/e-bikes\/","title":{"rendered":"E-Bikes"},"content":{"rendered":"<section class=\"wpb-content-wrapper\"><p>[vc_row full_width=\u00a0\u00bbstretch_row_content_no_spaces\u00a0\u00bb full_height=\u00a0\u00bbyes\u00a0\u00bb columns_placement=\u00a0\u00bbstretch\u00a0\u00bb equal_height=\u00a0\u00bbyes\u00a0\u00bb content_placement=\u00a0\u00bbmiddle\u00a0\u00bb video_bg=\u00a0\u00bbyes\u00a0\u00bb video_bg_url=\u00a0\u00bbhttps:\/\/www.youtube.com\/watch?v=hQ0F&#8211;piuOM&amp;t=61s\u00a0\u00bb css=\u00a0\u00bb.vc_custom_1597412021351{padding-top: 0px !important;padding-bottom: 0px !important;}\u00a0\u00bb el_id=\u00a0\u00bbhome-video\u00a0\u00bb][vc_column]<div class=\"vntd-icon-box vntd-content-element box-centered-outline icon-size-lg box-centered box-with-bg bg-color-custom  animated vntd-animated  icon-box-with-link\" data-animation=\"fadeIn\" data-animation-delay=\"3000\"><a href=\"https:\/\/ebroh.es\/productos\/e-bikes\/plegables\/bicicleta-electrica-pasione\/\" target=\"_self\"><div class=\"icon-box-icon color-dark\"><i class=\"fa fa-heart-o\"><\/i><\/div><div class=\"icon-box-content\"><h5 class=\"icon-box-title\"style=\"color:ffffff!important;\"><\/h5><p class=\"icon-description\"><\/p><\/div><\/a><\/div>[vc_column_text css_animation=\u00a0\u00bbappear\u00a0\u00bb font_size=\u00a0\u00bbxlarger\u00a0\u00bb]<\/p>\n<h1 style=\"text-align: center;\"><span style=\"color: #999999;\"><span style=\"color: #ffffff;\"><strong>EBROH <\/strong><\/span><strong>PASIONE<\/strong><\/span><\/h1>\n<h2 style=\"text-align: center;\"><span style=\"color: #00ffff;\"><span class=\"tlid-translation translation\" lang=\"en\"><span class=\"\" title=\"\"><span class=\"tlid-translation translation\" lang=\"fr\">URBAIN, PLIANT, \u00c9LECTRIQUE<\/span><\/span><\/span><\/span><\/h2>\n<p>[\/vc_column_text][\/vc_column][\/vc_row][vc_row full_width=\u00a0\u00bbstretch_row_content\u00a0\u00bb css=\u00a0\u00bb.vc_custom_1542911284138{margin-bottom: 30px !important;}\u00a0\u00bb][vc_column width=\u00a0\u00bb1\/6&Prime;][\/vc_column][vc_column width=\u00a0\u00bb2\/3&Prime;][vc_custom_heading text=\u00a0\u00bbV\u00e9lo \u00e9lectrique pliant\u00a0\u00bb font_container=\u00a0\u00bbtag:h2|font_size:46px|text_align:center\u00a0\u00bb use_theme_fonts=\u00a0\u00bbyes\u00a0\u00bb][vc_separator][vc_column_text font_size=\u00a0\u00bbxlarge\u00a0\u00bb el_class=\u00a0\u00bbclaim\u00a0\u00bb]<span class=\"tlid-translation translation\" lang=\"fr\"><span class=\"\" title=\"\">Ebroh Pasion &amp; Pasione, une super petite merveille d&rsquo;un v\u00e9lo, urbain, pliable, super l\u00e9ger et abordable.<\/span> <span class=\"\" title=\"\">L&rsquo;origine de la Pasion &amp; Pasione est situ\u00e9e en Allemagne, o\u00f9 un groupe de d\u00e9veloppeurs et une \u00e9quipe cr\u00e9ative d\u00e9di\u00e9e \u00e0 la cr\u00e9ation de v\u00e9los professionnels de haute comp\u00e9tition sont n\u00e9s.<\/span> <span class=\"\" title=\"\">L&rsquo;assistance \u00e9lectrique du Pasione, configur\u00e9e en cinq niveaux d&rsquo;assistance, vous permettra d&rsquo;affronter n&rsquo;importe quel trajet avec un maximum de confort.<\/span><\/span><\/p>\n<h1 style=\"text-align: center;\"><span style=\"color: #808080;\"><strong><span class=\"tlid-translation translation\" lang=\"fr\"><span class=\"\" title=\"\">Vous n&rsquo;avez besoin que de 20 secondes!<\/span><\/span><\/strong><\/span><\/h1>\n<p><span class=\"tlid-translation translation\" lang=\"fr\"><span title=\"\">20 secondes suffisent pour r\u00e9cup\u00e9rer un Pasione.<\/span> <span class=\"\" title=\"\">Le faible poids de son ch\u00e2ssis en fibre de carbone Toray \u00ae T 800, de seulement 1 kg, rend le pliage du Pasione facile et rapide.<\/span><\/span>[\/vc_column_text][\/vc_column][vc_column width=\u00a0\u00bb1\/6&Prime;][\/vc_column][\/vc_row][vc_row css=\u00a0\u00bb.vc_custom_1542282900615{margin-top: 0px !important;margin-bottom: 0px !important;border-bottom-width: 0px !important;padding-top: 0px !important;}\u00a0\u00bb][vc_column width=\u00a0\u00bb1\/4&Prime; css=\u00a0\u00bb.vc_custom_1542282847412{margin-bottom: 0px !important;padding-bottom: 0px !important;}\u00a0\u00bb][vc_images_carousel images=\u00a0\u00bb7573&Prime; img_size=\u00a0\u00bbmedium\u00a0\u00bb onclick=\u00a0\u00bblink_no\u00a0\u00bb speed=\u00a0\u00bb2500&Prime; autoplay=\u00a0\u00bbyes\u00a0\u00bb hide_pagination_control=\u00a0\u00bbyes\u00a0\u00bb hide_prev_next_buttons=\u00a0\u00bbyes\u00a0\u00bb wrap=\u00a0\u00bbyes\u00a0\u00bb css_animation=\u00a0\u00bbfadeIn\u00a0\u00bb][\/vc_column][vc_column width=\u00a0\u00bb1\/4&Prime;][vc_images_carousel images=\u00a0\u00bb7577&Prime; img_size=\u00a0\u00bbmedium\u00a0\u00bb onclick=\u00a0\u00bblink_no\u00a0\u00bb speed=\u00a0\u00bb2500&Prime; autoplay=\u00a0\u00bbyes\u00a0\u00bb hide_pagination_control=\u00a0\u00bbyes\u00a0\u00bb hide_prev_next_buttons=\u00a0\u00bbyes\u00a0\u00bb wrap=\u00a0\u00bbyes\u00a0\u00bb css_animation=\u00a0\u00bbfadeIn\u00a0\u00bb][\/vc_column][vc_column width=\u00a0\u00bb1\/4&Prime;][vc_images_carousel images=\u00a0\u00bb7581&Prime; img_size=\u00a0\u00bbmedium\u00a0\u00bb onclick=\u00a0\u00bblink_no\u00a0\u00bb speed=\u00a0\u00bb2500&Prime; autoplay=\u00a0\u00bbyes\u00a0\u00bb hide_pagination_control=\u00a0\u00bbyes\u00a0\u00bb hide_prev_next_buttons=\u00a0\u00bbyes\u00a0\u00bb wrap=\u00a0\u00bbyes\u00a0\u00bb css_animation=\u00a0\u00bbfadeIn\u00a0\u00bb][\/vc_column][vc_column width=\u00a0\u00bb1\/4&Prime;][vc_images_carousel images=\u00a0\u00bb7585&Prime; img_size=\u00a0\u00bbmedium\u00a0\u00bb onclick=\u00a0\u00bblink_no\u00a0\u00bb speed=\u00a0\u00bb2500&Prime; autoplay=\u00a0\u00bbyes\u00a0\u00bb hide_pagination_control=\u00a0\u00bbyes\u00a0\u00bb hide_prev_next_buttons=\u00a0\u00bbyes\u00a0\u00bb wrap=\u00a0\u00bbyes\u00a0\u00bb css_animation=\u00a0\u00bbfadeIn\u00a0\u00bb][\/vc_column][\/vc_row][vc_row full_width=\u00a0\u00bbstretch_row_content\u00a0\u00bb equal_height=\u00a0\u00bbyes\u00a0\u00bb][vc_column width=\u00a0\u00bb1\/6&Prime;][\/vc_column][vc_column width=\u00a0\u00bb2\/3&Prime; col_padding_side=\u00a0\u00bbtop_bottom\u00a0\u00bb][vc_row_inner equal_height=\u00a0\u00bbyes\u00a0\u00bb content_placement=\u00a0\u00bbmiddle\u00a0\u00bb el_class=\u00a0\u00bbcaracteristicas\u00a0\u00bb][vc_column_inner width=\u00a0\u00bb1\/2&Prime;][vc_single_image image=\u00a0\u00bb7594&Prime; img_size=\u00a0\u00bb500&#215;500&Prime; alignment=\u00a0\u00bbcenter\u00a0\u00bb onclick=\u00a0\u00bbzoom\u00a0\u00bb css_animation=\u00a0\u00bbfadeIn\u00a0\u00bb][\/vc_column_inner][vc_column_inner width=\u00a0\u00bb1\/2&Prime;][vc_custom_heading text=\u00a0\u00bbMoteur\u00a0\u00bb font_container=\u00a0\u00bbtag:h2|text_align:center\u00a0\u00bb use_theme_fonts=\u00a0\u00bbyes\u00a0\u00bb link=\u00a0\u00bburl:https%3A%2F%2Febroh.es%2Ffr%2Fproduit%2Fbikes-fr%2Fm75-carbon%2F|title:V%C3%A9lo%20VTT%20M75%20Carbon|target:%20_blank|\u00a0\u00bb][vc_column_text font_size=\u00a0\u00bbxlarge\u00a0\u00bb]<\/p>\n<div>\n<div>\n<div>\n<div>\n<div>\n<p style=\"text-align: left;\"><span class=\"tlid-translation translation\" lang=\"fr\"><span title=\"\">Le c\u0153ur de la Pasione est son moteur Bafang \u00ae 250 W, type brushless (brushless), qui fonctionne avec un courant de 36 volts, avec un double capteur Hall et un CURTIS KD21C multifonctionnel, qui nous montre la charge de la batterie, le<\/span> <span title=\"\">rapport de puissance moteur, vitesse, kilom\u00e8tres parcourus et autres fonctions.<\/span> <span title=\"\">Bafang est l&rsquo;un des plus grands fabricants de moteurs de v\u00e9los \u00e9lectriques sans balais.<\/span> <span class=\"\" title=\"\">Son couple et son fonctionnement totalement silencieux conf\u00e8rent \u00e0 la Pasione un caract\u00e8re sp\u00e9cial.<\/span><\/span><\/p>\n<\/div>\n<\/div>\n<\/div>\n<\/div>\n<\/div>\n<p>[\/vc_column_text][\/vc_column_inner][\/vc_row_inner][\/vc_column][vc_column width=\u00a0\u00bb1\/6&Prime;][\/vc_column][\/vc_row][vc_row full_width=\u00a0\u00bbstretch_row_content\u00a0\u00bb equal_height=\u00a0\u00bbyes\u00a0\u00bb][vc_column width=\u00a0\u00bb1\/6&Prime;][\/vc_column][vc_column width=\u00a0\u00bb2\/3&Prime; col_padding_side=\u00a0\u00bbtop_bottom\u00a0\u00bb][vc_row_inner equal_height=\u00a0\u00bbyes\u00a0\u00bb content_placement=\u00a0\u00bbmiddle\u00a0\u00bb el_class=\u00a0\u00bbcaracteristicas\u00a0\u00bb][vc_column_inner width=\u00a0\u00bb1\/2&Prime;][vc_custom_heading text=\u00a0\u00bbBatterie\u00a0\u00bb font_container=\u00a0\u00bbtag:h2|text_align:center\u00a0\u00bb use_theme_fonts=\u00a0\u00bbyes\u00a0\u00bb link=\u00a0\u00bburl:https%3A%2F%2Febroh.es%2Ffr%2Fproduit%2Fnon-classe%2Fm90-carbon%2F|title:V%C3%A9lo%20Technique%20M90%20%E2%80%8B%E2%80%8BCarbon|target:%20_blank|\u00a0\u00bb][vc_column_text font_size=\u00a0\u00bbxlarger\u00a0\u00bb]<\/p>\n<p style=\"text-align: left;\"><span class=\"tlid-translation translation\" lang=\"fr\"><span class=\"\" title=\"\">Le syst\u00e8me \u00e9lectrique est bas\u00e9 sur sa batterie Samsung 36 V d&rsquo;une capacit\u00e9 de 8,7 Ah, capable de nous donner une autonomie comprise entre 50 et 60 km, selon la physionomie, le type de conduite ou les conditions routi\u00e8res.<\/span> <span title=\"\">.<\/span> <span class=\"\" title=\"\">Sa batterie certifi\u00e9e IP67 assure des performances stables et des performances s\u00fbres dans des conditions pluvieuses.<\/span> <span class=\"\" title=\"\">Le temps de charge complet est de 2-3 heures et le co\u00fbt de l&rsquo;\u00e9lectricit\u00e9, selon le tarif, ne d\u00e9passe jamais 10 centimes d&rsquo;euro.<\/span> <span class=\"\" title=\"\">L&rsquo;accumulateur est extrait en deux secondes et comprend une prise USB auxiliaire pratique pour nos appareils \u00e9lectroniques personnels.<\/span><\/span><\/p>\n<p>[\/vc_column_text][\/vc_column_inner][vc_column_inner width=\u00a0\u00bb1\/2&Prime;][vc_single_image image=\u00a0\u00bb7598&Prime; img_size=\u00a0\u00bb500&#215;500&Prime; alignment=\u00a0\u00bbcenter\u00a0\u00bb onclick=\u00a0\u00bbzoom\u00a0\u00bb css_animation=\u00a0\u00bbfadeIn\u00a0\u00bb][\/vc_column_inner][\/vc_row_inner][\/vc_column][vc_column width=\u00a0\u00bb1\/6&Prime;][\/vc_column][\/vc_row][vc_row full_width=\u00a0\u00bbstretch_row_content\u00a0\u00bb equal_height=\u00a0\u00bbyes\u00a0\u00bb][vc_column width=\u00a0\u00bb1\/6&Prime;][\/vc_column][vc_column width=\u00a0\u00bb2\/3&Prime; col_padding_side=\u00a0\u00bbtop_bottom\u00a0\u00bb][vc_row_inner equal_height=\u00a0\u00bbyes\u00a0\u00bb content_placement=\u00a0\u00bbmiddle\u00a0\u00bb el_class=\u00a0\u00bbcaracteristicas\u00a0\u00bb][vc_column_inner width=\u00a0\u00bb1\/2&Prime;][vc_single_image image=\u00a0\u00bb7602&Prime; img_size=\u00a0\u00bb500&#215;500&Prime; alignment=\u00a0\u00bbcenter\u00a0\u00bb onclick=\u00a0\u00bbzoom\u00a0\u00bb css_animation=\u00a0\u00bbfadeIn\u00a0\u00bb][\/vc_column_inner][vc_column_inner width=\u00a0\u00bb1\/2&Prime;][vc_custom_heading text=\u00a0\u00bbInstrumentation\u00a0\u00bb font_container=\u00a0\u00bbtag:h2|text_align:center\u00a0\u00bb use_theme_fonts=\u00a0\u00bbyes\u00a0\u00bb link=\u00a0\u00bburl:https%3A%2F%2Febroh.es%2Ffr%2Fproduit%2Fbikes-fr%2Fm115-carbon%2F|title:V%C3%A9lo%20VTT%20Rally%20M115%20Carbon|target:%20_blank|\u00a0\u00bb][vc_column_text font_size=\u00a0\u00bbxlarger\u00a0\u00bb]<span class=\"tlid-translation translation\" lang=\"fr\"><span title=\"\">Une bonne partie de son ergonomie est assur\u00e9e par son guidon droit ergonomique de 56 cm de longueur \u00e0 diam\u00e8tre variable.<\/span> <span title=\"\">les poignets sont moul\u00e9s dans une forme anatomique avec des repose-mains flexibles.<\/span> <span title=\"\">Un simple viseur avec \u00e9cran LCD et boutons nous permet de r\u00e9gler le degr\u00e9 d&rsquo;assistance moteur, la charge de la batterie, la vitesse et la distance parcourue.<\/span> <span title=\"\">La montre dispose d&rsquo;un syst\u00e8me de r\u00e9tro\u00e9clairage.<\/span> <span class=\"\" title=\"\">Le Pasione dispose \u00e9galement d&rsquo;une deuxi\u00e8me commande pour actionner les indicateurs de direction.<\/span><\/span>[\/vc_column_text][\/vc_column_inner][\/vc_row_inner][\/vc_column][vc_column width=\u00a0\u00bb1\/6&Prime;][\/vc_column][\/vc_row][vc_row full_width=\u00a0\u00bbstretch_row_content\u00a0\u00bb equal_height=\u00a0\u00bbyes\u00a0\u00bb][vc_column width=\u00a0\u00bb1\/6&Prime;][\/vc_column][vc_column width=\u00a0\u00bb2\/3&Prime; col_padding_side=\u00a0\u00bbtop_bottom\u00a0\u00bb][vc_row_inner equal_height=\u00a0\u00bbyes\u00a0\u00bb content_placement=\u00a0\u00bbmiddle\u00a0\u00bb el_class=\u00a0\u00bbcaracteristicas\u00a0\u00bb][vc_column_inner width=\u00a0\u00bb1\/2&Prime;][vc_custom_heading text=\u00a0\u00bbChangement\u00a0\u00bb font_container=\u00a0\u00bbtag:h2|text_align:center\u00a0\u00bb use_theme_fonts=\u00a0\u00bbyes\u00a0\u00bb link=\u00a0\u00bburl:https%3A%2F%2Febroh.es%2Ffr%2Fproduit%2Fnon-classe%2Fds140-carbone-double-suspension%2F|title:V%C3%A9lo%20double%20suspension%20Trail%20DS140%20Carbon|target:%20_blank|\u00a0\u00bb][vc_column_text font_size=\u00a0\u00bbxlarger\u00a0\u00bb]<span class=\"tlid-translation translation\" lang=\"fr\"><span title=\"\">Shimano \u00ae Sora R3000 9 vitesses (plateau = 48 dents, cassette = 32,28,24,21,18,17,15,13 et 11 dents), qui comprend le d\u00e9railleur.<\/span> <span title=\"\">Le choix d&rsquo;un plateau de grand diam\u00e8tre comme celui du Pasione est justifi\u00e9 pour offrir un d\u00e9veloppement long mais flexible en conjonction avec les rapports \u00e0 neuf vitesses de la cassette.<\/span> <span class=\"\" title=\"\">Le plateau et le p\u00e9dalier sont le Prowheel Forged by Ounce \u00ae, auquel sont attach\u00e9s deux p\u00e9dales articul\u00e9es en mati\u00e8re plastique \u00e0 haute r\u00e9sistance.<\/span><\/span>[\/vc_column_text][\/vc_column_inner][vc_column_inner width=\u00a0\u00bb1\/2&Prime;][vc_single_image image=\u00a0\u00bb7606&Prime; img_size=\u00a0\u00bb500&#215;500&Prime; alignment=\u00a0\u00bbcenter\u00a0\u00bb onclick=\u00a0\u00bbzoom\u00a0\u00bb css_animation=\u00a0\u00bbfadeIn\u00a0\u00bb][\/vc_column_inner][\/vc_row_inner][\/vc_column][vc_column width=\u00a0\u00bb1\/6&Prime;][\/vc_column][\/vc_row][vc_row full_width=\u00a0\u00bbstretch_row_content\u00a0\u00bb equal_height=\u00a0\u00bbyes\u00a0\u00bb][vc_column width=\u00a0\u00bb1\/6&Prime;][\/vc_column][vc_column width=\u00a0\u00bb2\/3&Prime; col_padding_side=\u00a0\u00bbtop_bottom\u00a0\u00bb][vc_row_inner equal_height=\u00a0\u00bbyes\u00a0\u00bb content_placement=\u00a0\u00bbmiddle\u00a0\u00bb el_class=\u00a0\u00bbcaracteristicas\u00a0\u00bb][vc_column_inner width=\u00a0\u00bb1\/2&Prime;][vc_single_image image=\u00a0\u00bb7611&Prime; img_size=\u00a0\u00bb500&#215;500&Prime; alignment=\u00a0\u00bbcenter\u00a0\u00bb onclick=\u00a0\u00bbzoom\u00a0\u00bb css_animation=\u00a0\u00bbfadeIn\u00a0\u00bb][\/vc_column_inner][vc_column_inner width=\u00a0\u00bb1\/2&Prime;][vc_custom_heading text=\u00a0\u00bbFreins\u00a0\u00bb font_container=\u00a0\u00bbtag:h2|text_align:center\u00a0\u00bb use_theme_fonts=\u00a0\u00bbyes\u00a0\u00bb link=\u00a0\u00bburl:https%3A%2F%2Febroh.es%2Ffr%2Fproduit%2Fnon-classe%2Fds140-carbone-double-suspension%2F|title:V%C3%A9lo%20double%20suspension%20Trail%20DS140%20Carbon|target:%20_blank|\u00a0\u00bb][vc_column_text font_size=\u00a0\u00bbxlarger\u00a0\u00bb]<\/p>\n<p style=\"text-align: left;\"><span class=\"tlid-translation translation\" lang=\"fr\"><span title=\"\">Les freins Shimano \u00ae M 315, \u00e0 commande hydraulique, avec leviers et pompes en aluminium, ainsi que les \u00e9triers, assurent un freinage ferme et efficace.<\/span> <span title=\"\">Les moyeux sont dot\u00e9s de disques en acier ultral\u00e9gers de 160 mm.<\/span> <span title=\"\">de diam\u00e8tre, avec un dessin de son contour irr\u00e9gulier.<\/span> <span class=\"\" title=\"\">Les tuyaux sont de la prestigieuse marque ta\u00efwanaise Jagwire.<\/span><\/span><\/p>\n<p>[\/vc_column_text][\/vc_column_inner][\/vc_row_inner][\/vc_column][vc_column width=\u00a0\u00bb1\/6&Prime;][\/vc_column][\/vc_row][vc_row full_width=\u00a0\u00bbstretch_row_content\u00a0\u00bb equal_height=\u00a0\u00bbyes\u00a0\u00bb][vc_column width=\u00a0\u00bb1\/6&Prime;][\/vc_column][vc_column width=\u00a0\u00bb2\/3&Prime; col_padding_side=\u00a0\u00bbtop_bottom\u00a0\u00bb][vc_row_inner equal_height=\u00a0\u00bbyes\u00a0\u00bb content_placement=\u00a0\u00bbmiddle\u00a0\u00bb el_class=\u00a0\u00bbcaracteristicas\u00a0\u00bb][vc_column_inner width=\u00a0\u00bb1\/2&Prime;][vc_custom_heading text=\u00a0\u00bbCadre\u00a0\u00bb font_container=\u00a0\u00bbtag:h2|text_align:center\u00a0\u00bb use_theme_fonts=\u00a0\u00bbyes\u00a0\u00bb link=\u00a0\u00bburl:https%3A%2F%2Febroh.es%2Ffr%2Fproduit%2Fnon-classe%2Fds140-carbone-double-suspension%2F|title:V%C3%A9lo%20double%20suspension%20Trail%20DS140%20Carbon|target:%20_blank|\u00a0\u00bb][vc_column_text font_size=\u00a0\u00bbxlarger\u00a0\u00bb]<span class=\"tlid-translation translation\" lang=\"fr\"><span title=\"\">Le cadre en fibre de carbone Toray \u00ae T 800 de 20 pouces ne p\u00e8se que 1 kg au total et fournit au v\u00e9lo une structure \u00e0 la fois exceptionnellement solide et l\u00e9g\u00e8re.<\/span> <span title=\"\">Tous les cadres sont exclusivement con\u00e7us et fabriqu\u00e9s par le d\u00e9partement R&amp;D de SAVA \u00ae, qui sont durables et sup\u00e9rieurs \u00e0 la concurrence.<\/span> <span class=\"\" title=\"\">La fibre de carbone garantit le poids le plus bas possible ainsi que la r\u00e9sistance et la flexibilit\u00e9 n\u00e9cessaires pour donner de la force \u00e0 ce v\u00e9lo.<\/span><\/span>[\/vc_column_text][\/vc_column_inner][vc_column_inner width=\u00a0\u00bb1\/2&Prime;][vc_single_image image=\u00a0\u00bb7615&Prime; img_size=\u00a0\u00bb500&#215;500&Prime; alignment=\u00a0\u00bbcenter\u00a0\u00bb onclick=\u00a0\u00bbzoom\u00a0\u00bb css_animation=\u00a0\u00bbfadeIn\u00a0\u00bb][\/vc_column_inner][\/vc_row_inner][\/vc_column][vc_column width=\u00a0\u00bb1\/6&Prime;][\/vc_column][\/vc_row][vc_row full_width=\u00a0\u00bbstretch_row_content\u00a0\u00bb equal_height=\u00a0\u00bbyes\u00a0\u00bb][vc_column width=\u00a0\u00bb1\/6&Prime;][\/vc_column][vc_column width=\u00a0\u00bb2\/3&Prime; col_padding_side=\u00a0\u00bbtop_bottom\u00a0\u00bb][vc_row_inner equal_height=\u00a0\u00bbyes\u00a0\u00bb content_placement=\u00a0\u00bbmiddle\u00a0\u00bb el_class=\u00a0\u00bbcaracteristicas\u00a0\u00bb][vc_column_inner width=\u00a0\u00bb1\/2&Prime;][vc_single_image image=\u00a0\u00bb7628&Prime; img_size=\u00a0\u00bb500&#215;500&Prime; alignment=\u00a0\u00bbcenter\u00a0\u00bb onclick=\u00a0\u00bbzoom\u00a0\u00bb css_animation=\u00a0\u00bbfadeIn\u00a0\u00bb][\/vc_column_inner][vc_column_inner width=\u00a0\u00bb1\/2&Prime;][vc_custom_heading text=\u00a0\u00bbRoue\u00a0\u00bb font_container=\u00a0\u00bbtag:h2|text_align:center\u00a0\u00bb use_theme_fonts=\u00a0\u00bbyes\u00a0\u00bb link=\u00a0\u00bburl:https%3A%2F%2Febroh.es%2Ffr%2Fproduit%2Fnon-classe%2Fds140-carbone-double-suspension%2F|title:V%C3%A9lo%20double%20suspension%20Trail%20DS140%20Carbon|target:%20_blank|\u00a0\u00bb][vc_column_text font_size=\u00a0\u00bbxlarger\u00a0\u00bb]<span class=\"tlid-translation translation\" lang=\"fr\"><span title=\"\">Un autre aspect fondamental pour la stabilit\u00e9 et la s\u00e9curit\u00e9 de la Pasione sont ses roues de 20 \u2033.<\/span> <span title=\"\">Une plus grande mesure des roues donne un plus grand effet d&rsquo;auto-alignement du v\u00e9lo, ce qui nous donne une plus grande sensation de stabilit\u00e9 et donc plus de s\u00e9curit\u00e9 de conduite.<\/span> <span class=\"\" title=\"\">Ses dimensions sont de 20 x 17,5 \u2033, \u00e9quipant les roues du tube signature CST \u00ae.<\/span><\/span>[\/vc_column_text][\/vc_column_inner][\/vc_row_inner][\/vc_column][vc_column width=\u00a0\u00bb1\/6&Prime;][\/vc_column][\/vc_row][vc_row full_width=\u00a0\u00bbstretch_row_content\u00a0\u00bb equal_height=\u00a0\u00bbyes\u00a0\u00bb][vc_column width=\u00a0\u00bb1\/6&Prime;][\/vc_column][vc_column width=\u00a0\u00bb2\/3&Prime; col_padding_side=\u00a0\u00bbtop_bottom\u00a0\u00bb][vc_row_inner equal_height=\u00a0\u00bbyes\u00a0\u00bb content_placement=\u00a0\u00bbmiddle\u00a0\u00bb el_class=\u00a0\u00bbcaracteristicas\u00a0\u00bb][vc_column_inner width=\u00a0\u00bb1\/2&Prime;][vc_custom_heading text=\u00a0\u00bbComposants\u00a0\u00bb font_container=\u00a0\u00bbtag:h2|text_align:center\u00a0\u00bb use_theme_fonts=\u00a0\u00bbyes\u00a0\u00bb link=\u00a0\u00bburl:https%3A%2F%2Febroh.es%2Ffr%2Fproduit%2Fnon-classe%2Fds140-carbone-double-suspension%2F|title:V%C3%A9lo%20double%20suspension%20Trail%20DS140%20Carbon|target:%20_blank|\u00a0\u00bb][vc_column_text font_size=\u00a0\u00bbxlarger\u00a0\u00bb]<\/p>\n<p style=\"text-align: left;\"><span class=\"tlid-translation translation\" lang=\"fr\"><span class=\"\" title=\"\">Chaque d\u00e9tail de la Pasione respire la qualit\u00e9.<\/span> <span class=\"\" title=\"\">De son \u00e9l\u00e9gant ch\u00e2ssis en fibre de carbone, sa batterie compacte, son pivot et ses tubes de guidon en aluminium l\u00e9ger, sa quincaillerie encastr\u00e9e de haute qualit\u00e9, ses feux avant et arri\u00e8re, ses indicateurs de direction et m\u00eame la magnifique selle Selle Royal \u00ae en cuir synth\u00e9tique.<\/span><\/span><\/p>\n<p>[\/vc_column_text][\/vc_column_inner][vc_column_inner width=\u00a0\u00bb1\/2&Prime;][vc_single_image image=\u00a0\u00bb7633&Prime; img_size=\u00a0\u00bb500&#215;500&Prime; alignment=\u00a0\u00bbcenter\u00a0\u00bb onclick=\u00a0\u00bbzoom\u00a0\u00bb css_animation=\u00a0\u00bbfadeIn\u00a0\u00bb][\/vc_column_inner][\/vc_row_inner][\/vc_column][vc_column width=\u00a0\u00bb1\/6&Prime;][\/vc_column][\/vc_row][vc_row][vc_column][vc_custom_heading text=\u00a0\u00bbPlus de v\u00e9los \u00e9lectriques &#8230;\u00a0\u00bb use_theme_fonts=\u00a0\u00bbyes\u00a0\u00bb][vc_gallery type=\u00a0\u00bbimage_grid\u00a0\u00bb images=\u00a0\u00bb1962,14218,14921&Prime; img_size=\u00a0\u00bbmedium\u00a0\u00bb onclick=\u00a0\u00bbcustom_link\u00a0\u00bb custom_links_target=\u00a0\u00bb_blank\u00a0\u00bb custom_links=\u00a0\u00bb#E-8_aHR0cHMlM0ElMkYlMkZlYnJvaC5lcyUyRmZyJTJGcHJvZHVpdCUyRmUtYmlrZXMtZnIlMkZtdGItZnIlMkZ2ZWxvLWVsZWN0cmlxdWUtY2llcnpvJTJGJTJDaHR0cHMlM0ElMkYlMkZlYnJvaC5lcyUyRmZyJTJGcHJvZHVpdCUyRmUtYmlrZXMtZnIlMkZ1cmJhaW4lMkZ2ZWxvLWVsZWN0cmlxdWUtaGF0eSUyRiUyQ2h0dHBzJTNBJTJGJTJGZWJyb2guZXMlMkZmciUyRnByb2R1aXQlMkZlLWJpa2VzLWZyJTJGcGxpYW50cyUyRnZlbG8tZWxlY3RyaXF1ZS1uZXJ0YSUyRiUyQ2h0dHBzJTNBJTJGJTJGZWJyb2guZXMlMkZmciUyRnByb2R1aXQlMkZlLWJpa2VzLWZyJTJGbXRiLWZyJTJGdmVsby1lbGVjdHJpcXVlLXRob3IlMkY=\u00a0\u00bb][\/vc_column][\/vc_row]<\/p>\n<\/section>","protected":false},"excerpt":{"rendered":"<p>[vc_row full_width=\u00a0\u00bbstretch_row_content_no_spaces\u00a0\u00bb full_height=\u00a0\u00bbyes\u00a0\u00bb columns_placement=\u00a0\u00bbstretch\u00a0\u00bb equal_height=\u00a0\u00bbyes\u00a0\u00bb content_placement=\u00a0\u00bbmiddle\u00a0\u00bb video_bg=\u00a0\u00bbyes\u00a0\u00bb video_bg_url=\u00a0\u00bbhttps:\/\/www.youtube.com\/watch?v=hQ0F&#8211;piuOM&amp;t=61s\u00a0\u00bb css=\u00a0\u00bb.vc_custom_1597412021351{padding-top: 0px !important;padding-bottom: 0px !important;}\u00a0\u00bb el_id=\u00a0\u00bbhome-video\u00a0\u00bb][vc_column][vc_column_text css_animation=\u00a0\u00bbappear\u00a0\u00bb font_size=\u00a0\u00bbxlarger\u00a0\u00bb] EBROH PASIONE URBAIN, PLIANT, \u00c9LECTRIQUE [\/vc_column_text][\/vc_column][\/vc_row][vc_row full_width=\u00a0\u00bbstretch_row_content\u00a0\u00bb css=\u00a0\u00bb.vc_custom_1542911284138{margin-bottom: 30px !important;}\u00a0\u00bb][vc_column width=\u00a0\u00bb1\/6&Prime;][\/vc_column][vc_column width=\u00a0\u00bb2\/3&Prime;][vc_custom_heading text=\u00a0\u00bbV\u00e9lo \u00e9lectrique pliant\u00a0\u00bb font_container=\u00a0\u00bbtag:h2|font_size:46px|text_align:center\u00a0\u00bb use_theme_fonts=\u00a0\u00bbyes\u00a0\u00bb][vc_separator][vc_column_text font_size=\u00a0\u00bbxlarge\u00a0\u00bb el_class=\u00a0\u00bbclaim\u00a0\u00bb]Ebroh Pasion &amp; Pasione, une super petite merveille d&rsquo;un v\u00e9lo, urbain, pliable, super l\u00e9ger et abordable. [&hellip;]<\/p>\n","protected":false},"author":1,"featured_media":0,"parent":0,"menu_order":0,"comment_status":"closed","ping_status":"closed","template":"","meta":{"footnotes":""},"class_list":["post-2598","page","type-page","status-publish","hentry"],"_links":{"self":[{"href":"https:\/\/ebroh.eu\/fr\/wp-json\/wp\/v2\/pages\/2598","targetHints":{"allow":["GET"]}}],"collection":[{"href":"https:\/\/ebroh.eu\/fr\/wp-json\/wp\/v2\/pages"}],"about":[{"href":"https:\/\/ebroh.eu\/fr\/wp-json\/wp\/v2\/types\/page"}],"author":[{"embeddable":true,"href":"https:\/\/ebroh.eu\/fr\/wp-json\/wp\/v2\/users\/1"}],"replies":[{"embeddable":true,"href":"https:\/\/ebroh.eu\/fr\/wp-json\/wp\/v2\/comments?post=2598"}],"version-history":[{"count":22,"href":"https:\/\/ebroh.eu\/fr\/wp-json\/wp\/v2\/pages\/2598\/revisions"}],"predecessor-version":[{"id":17032,"href":"https:\/\/ebroh.eu\/fr\/wp-json\/wp\/v2\/pages\/2598\/revisions\/17032"}],"wp:attachment":[{"href":"https:\/\/ebroh.eu\/fr\/wp-json\/wp\/v2\/media?parent=2598"}],"curies":[{"name":"wp","href":"https:\/\/api.w.org\/{rel}","templated":true}]}}