{"id":2561,"date":"2018-11-12T16:05:32","date_gmt":"2018-11-12T16:05:32","guid":{"rendered":"http:\/\/ebroh.es\/politica-de-privacidad\/"},"modified":"2019-01-16T18:02:19","modified_gmt":"2019-01-16T16:02:19","slug":"politique-de-confidentialite","status":"publish","type":"page","link":"https:\/\/ebroh.eu\/fr\/politique-de-confidentialite\/","title":{"rendered":"Politique de confidentialit\u00e9"},"content":{"rendered":"<section class=\"wpb-content-wrapper\"><p>[vc_row][vc_column][vc_column_text]<strong><u>POLITIQUE DE CONFIDENTIALIT\u00c9<\/u><\/strong><\/p>\n<p><strong>1 Propri\u00e9t\u00e9 du domaine Ebroh Bikes.<br \/>\n<\/strong><\/p>\n<p style=\"text-align: justify;\">Conform\u00e9ment \u00e0 la loi 34\/2002 sur les services de la soci\u00e9t\u00e9 de l&rsquo;information et du commerce \u00e9lectronique (LSSICE), nous vous informons que la propri\u00e9t\u00e9 du domaine de notre boutique virtuelle, www.ebroh.es, correspond \u00e0 Zeppelin Maquinaria SL, Plataforma Logistique Zaragoza Plaza, Taranto, 12, nave 9, 50197 Zaragoza, NIF B-99400822. Pour toute question, vous pouvez nous contacter par e-mail info@ebroh.es, sur les num\u00e9ros de t\u00e9l\u00e9phone 876 269 494 ou 910 589 696. Nos heures de service t\u00e9l\u00e9phonique sont de 9h00 \u00e0 20h00, du lundi au vendredi.<\/p>\n<p><strong>2 Objet et champ d&rsquo;application<br \/>\n<\/strong><\/p>\n<p style=\"text-align: justify;\">Les pr\u00e9sentes Conditions G\u00e9n\u00e9rales de sous-traitance et d&rsquo;utilisation ont pour but de r\u00e9glementer la fourniture des informations fournies dans la boutique en ligne www.ebroh.es. Tant la navigation \u00e0 travers le magasin en ligne et l&rsquo;acquisition de l&rsquo;un des produits offerts en elle, signifie l&rsquo;acceptation en tant qu&rsquo;utilisateur, sans r\u00e9serve de toute nature, de chacune des conditions g\u00e9n\u00e9rales de contrat et d&rsquo;utilisation Ebroh Bikes peut modifier le Page Web pour faire autant de changements et de modifications qu&rsquo;il le juge pratique et croit n\u00e9cessaire pour la bonne fonctionnalit\u00e9 de la m\u00eame, sans avoir besoin de pr\u00e9avis.<\/p>\n<p><strong>3 Informations fournies sur le site Web.<br \/>\n<\/strong><\/p>\n<p>Nous faisons tout notre possible pour offrir les informations contenues dans le site Web honn\u00eatement et sans erreurs typographiques. Dans le cas o\u00f9 \u00e0 tout moment il y aurait une erreur de ce type, \u00e9trang\u00e8re \u00e0 tout moment \u00e0 la volont\u00e9 de Ebroh Bikes, elle serait imm\u00e9diatement corrig\u00e9e. S&rsquo;il y a une erreur typographique dans l&rsquo;un des prix indiqu\u00e9s qui a un caract\u00e8re substantiel et qui implique un prix nettement inf\u00e9rieur au produit habituel et qu&rsquo;un client a pris une d\u00e9cision d&rsquo;achat bas\u00e9e sur cette erreur, nous communiquerons cette erreur et le client aura le droit de Annulez votre achat sans aucun frais de votre part. L&rsquo;envoi d&rsquo;une confirmation d&rsquo;achat automatique ne valide pas les mauvaises conditions de prix.<\/p>\n<p>De la m\u00eame mani\u00e8re, il est possible que le contenu du site web pr\u00e9sente, \u00e0 l&rsquo;occasion, des informations provisoires sur certains produits. Dans le cas o\u00f9 les informations fournies ne correspondent pas aux caract\u00e9ristiques du produit, le client aura le droit d&rsquo;annuler son achat sans aucun frais de sa part.<\/p>\n<p>Les images publi\u00e9es ne doivent pas correspondre aux produits vendus, exposant le m\u00eame comme un guide. Ebrob Bikes se r\u00e9serve le droit de modifier les sp\u00e9cifications \u00e0 tout moment et sans pr\u00e9avis, afin d&rsquo;am\u00e9liorer les caract\u00e9ristiques de ses produits.<\/p>\n<p><strong>4 Propri\u00e9t\u00e9 intellectuelle et industrielle.<br \/>\n<\/strong><\/p>\n<p>Tout le contenu publi\u00e9 dans le magasin et surtout les dessins, textes, graphiques, logos, ic\u00f4nes et logiciels, noms commerciaux, marques ou dessins industriels et tout autre signe d&rsquo;usage industriel et commercial sont soumis \u00e0 des droits de propri\u00e9t\u00e9 intellectuelle et industrielle d&rsquo;Ebroh Bikes ou de tiers ayant d\u00fbment autoris\u00e9 leur inscription sur le site.En aucun cas une licence accord\u00e9e ou renonciation, cession totale ou partielle de ces droits est fait ou tout droit ou l&rsquo;attente des droits conf\u00e9r\u00e9s, et notamment, la modification, l&rsquo;exploitation, la reproduction, la distribution ou la communication publique ledit contenu sans l&rsquo;autorisation expresse pr\u00e9alable de Ebroh Bikes ou des propri\u00e9taires correspondants.<\/p>\n<p>Il est interdit, par cons\u00e9quent l&rsquo;utilisation du site Web Ebroh Bikes \u00e0 des fins publiques ou commerciales, de sorte qu&rsquo;il ne peut exploiter, reproduire, distribuer, modifier, afficher publiquement, transf\u00e9rer ou utiliser le contenu de la bande. L&rsquo;introduction de liens hypertextes \u00e0 des fins commerciales en dehors www.ebroh.es qui permettent d&rsquo;acc\u00e9der \u00e0 notre site Web, sans le consentement pr\u00e9alable est express\u00e9ment interdite pages Web. Dans tous les cas, l&rsquo;existence de liens hypertextes pr\u00e9sents sur nos sites Web au-del\u00e0 ne signifie en aucun cas l&rsquo;existence de relations commerciales ou mercantiles avec le propri\u00e9taire du site o\u00f9 le lien est \u00e9tabli, ni acceptation par Ebroh Bikes leur contenus ou services.<\/p>\n<p><strong>5 Responsabilit\u00e9 de Ebroh Bikes.<br \/>\n<\/strong><\/p>\n<p>Les produits pr\u00e9sent\u00e9s sur le site sont conformes \u00e0 la l\u00e9gislation espagnole. La responsabilit\u00e9 de Ebroh Bikes ne peut \u00eatre invoqu\u00e9e dans le cas de produits non conformes \u00e0 la l\u00e9gislation des pays auxquels ils ont \u00e9t\u00e9 envoy\u00e9s conform\u00e9ment \u00e0 la commande du client. Il est donc de la responsabilit\u00e9 des clients de l&rsquo;\u00e9tranger de v\u00e9rifier la possibilit\u00e9 d&rsquo;importer ou d&rsquo;utiliser les produits qu&rsquo;ils demandent.<\/p>\n<p>L&rsquo;acc\u00e8s au site Web sera volontaire, et, par cons\u00e9quent, la responsabilit\u00e9 de l&rsquo;utilisateur, qui sera responsable de tout effet direct ou indirect qui d\u00e9rive de l&rsquo;utilisation du site Web ou du service t\u00e9l\u00e9phonique, y compris, mais sans s&rsquo;y limiter, tout plan \u00e9conomique, technique et \/ ou juridique et la r\u00e9alisation des attentes g\u00e9n\u00e9r\u00e9es par notre site, ce qui oblige l&rsquo;utilisateur \u00e0 tenir Bikes Ebroh contre toute r\u00e9clamation r\u00e9sultant directement ou indirectement de ces faits. V\u00e9los Ebroh ne peuvent \u00eatre tenus responsables de tout dommage pouvant r\u00e9sulter d&rsquo;interf\u00e9rences, omissions, interruptions, virus informatiques, pannes et \/ ou d\u00e9connexions dans le fonctionnement de ce syst\u00e8me \u00e9lectronique ou les appareils et les ordinateurs des utilisateurs dus \u00e0 des causes ext\u00e9rieur, pr\u00eat de v\u00e9los Ebroh qui emp\u00eachent ou retardent la prestation de services ou la navigation dans le magasin, ou des retards ou blocages dans l&rsquo;utilisation caus\u00e9s par des d\u00e9ficiences ou des surcharges d&rsquo;Internet ou d&rsquo;autres syst\u00e8mes \u00e9lectroniques, ou l&rsquo;incapacit\u00e9 de fournir la service ou permettre l&rsquo;acc\u00e8s pour des raisons non imputables \u00e0 Ebroh Bikes, dues \u00e0 l&rsquo;utilisateur, \u00e0 des tiers, ou \u00e0 des cas de force majeure. Ebroh Bikes ne contr\u00f4le pas, en g\u00e9n\u00e9ral, l&rsquo;utilisation que les utilisateurs font du site.<\/p>\n<p>En particulier, Ebroh Bikes ne r\u00e9pond en aucun cas que les utilisateurs utilisent le site en conformit\u00e9 avec la loi, les pr\u00e9sentes Conditions G\u00e9n\u00e9rales, la moralit\u00e9 et les bonnes coutumes g\u00e9n\u00e9ralement accept\u00e9es et l&rsquo;ordre public, ni qu&rsquo;ils le font avec diligence et prudence .<\/p>\n<p><strong>6 Obligations des clients et des utilisateurs.<\/strong><\/p>\n<p style=\"text-align: justify;\">En g\u00e9n\u00e9ral, l&rsquo;utilisateur s&rsquo;engage \u00e0 respecter les pr\u00e9sentes conditions g\u00e9n\u00e9rales, \u00e0 se conformer aux avertissements sp\u00e9ciaux ou aux instructions d&rsquo;utilisation qui y figurent, sur le site Web ou dans le processus de vente par t\u00e9l\u00e9phone et \u00e0 toujours se conformer \u00e0 la loi, de bonnes mani\u00e8res et les exigences de bonne foi, en faisant preuve de diligence raisonnable, et en s&rsquo;abstenant d&rsquo;utiliser le site Web de mani\u00e8re \u00e0 pr\u00e9venir, endommager ou d\u00e9t\u00e9riorer le fonctionnement normal du site, la propri\u00e9t\u00e9 ou les droits d&rsquo;Ebroh Bikes, ses fournisseurs, reste des utilisateurs ou en g\u00e9n\u00e9ral de tout tiers. Il est interdit d&rsquo;acc\u00e9der et d&rsquo;utiliser le portail aux mineurs sans le consentement expr\u00e8s de leurs parents, Ebroh Bikes n&rsquo;est pas responsable de l&rsquo;exactitude des donn\u00e9es remplies par l&rsquo;utilisateur et ne peut donc pas v\u00e9rifier leur \u00e2ge. En particulier, et sans impliquer aucune restriction \u00e0 la section pr\u00e9c\u00e9dente lors de l&rsquo;utilisation du site www.ebroh.es, l&rsquo;utilisateur s&rsquo;engage \u00e0:<\/p>\n<p>a) Fournir des informations v\u00e9ridiques sur les donn\u00e9es demand\u00e9es dans le formulaire d&rsquo;inscription de l&rsquo;utilisateur ou l&rsquo;ex\u00e9cution de la commande, et les garder \u00e0 jour.<\/p>\n<p>b) Ne pas introduire, stocker ou diffuser sur ou \u00e0 partir du site Web, des informations ou des contenus diffamatoires, diffamatoires, obsc\u00e8nes, mena\u00e7ants, x\u00e9nophobes, incitant \u00e0 la violence fond\u00e9e sur la race, le sexe, l&rsquo;id\u00e9ologie, la religion ou toute forme viole la morale, l&rsquo;ordre public, les droits fondamentaux, les libert\u00e9s publiques, l&rsquo;honneur, la vie priv\u00e9e ou l&rsquo;image de tiers et en g\u00e9n\u00e9ral la r\u00e9glementation en vigueur.<\/p>\n<p>c) N&rsquo;entrez pas, ne stockez pas ou ne diffusez pas sur la page du magasin tout programme, donn\u00e9e, virus, code ou tout autre appareil \u00e9lectronique ou physique susceptible d&rsquo;endommager le site Web, l&rsquo;un des services ou l&rsquo;un des les \u00e9quipements, syst\u00e8mes ou r\u00e9seaux d&rsquo;Ebroh Bikes, de tout autre utilisateur, de ses fournisseurs ou en g\u00e9n\u00e9ral de tout tiers.<\/p>\n<p>d) Enregistrer soigneusement le \u00abnom d&rsquo;utilisateur\u00bb et le \u00abmot de passe\u00bb fourni par Ebroh Bikes, en assumant la responsabilit\u00e9 des dommages pouvant r\u00e9sulter de leur mauvaise utilisation<\/p>\n<p>e) Ne pas faire de la publicit\u00e9 ou de l&rsquo;exploitation commerciale par les activit\u00e9s du site, et de ne pas utiliser le contenu et les informations de la m\u00eame chose pour envoyer de la publicit\u00e9, ou envoyer des messages avec un but commercial ou de recueillir ou stocker des donn\u00e9es personnelles de tiers.<\/p>\n<p>f) Ne pas utiliser de fausses identit\u00e9s ou usurper l&rsquo;identit\u00e9 d&rsquo;autres dans l&rsquo;utilisation du site ou de l&rsquo;utilisation de certaines de ses services, y compris l&rsquo;utilisation de mots de passe ou des codes d&rsquo;acc\u00e8s de tiers ou autrement.<\/p>\n<p>g) Ne pas d\u00e9truire, modifier, utiliser pour, d\u00e9sactiver ou endommager les donn\u00e9es, informations, programmes ou documents \u00e9lectroniques Ebroh Bikes, ses fournisseurs ou de tiers.<\/p>\n<p>h) Ne pas saisir, stocker ou transmettre \u00e0 travers le site de stockage tout contenu qui porte atteinte aux droits de propri\u00e9t\u00e9 intellectuelle, les secrets industriels ou commerciaux des autres, ou en g\u00e9n\u00e9ral tout contenu qui ne d\u00e9tient pas, conform\u00e9ment \u00e0 la loi, la propri\u00e9t\u00e9 le droit de faire \u00e0 la disposition d&rsquo;un tiers.<\/p>\n<p>Le client s&rsquo;engage \u00e0 permettre la livraison de la commande demand\u00e9e en fournissant une adresse de livraison dans laquelle la commande demand\u00e9e peut \u00eatre livr\u00e9e dans le d\u00e9lai habituel de livraison des marchandises. En cas de d\u00e9faut du client de cette obligation, Fnac.es n&rsquo;assumera aucune responsabilit\u00e9 pour le retard ou l&rsquo;impossibilit\u00e9 de livraison de la commande demand\u00e9e par le client.<\/p>\n<p><strong>7 Confidentialit\u00e9 et protection des donn\u00e9es personnelles.<br \/>\n<\/strong><\/p>\n<p>Aux fins des dispositions de la loi organique 15\/1999, du 13 D\u00e9cembre, Protection des donn\u00e9es personnelles, ainsi que dans R.D. 1720\/2007 du 21 D\u00e9cembre par lequel le r\u00e8glement qui d\u00e9veloppe le L.O. 15\/1999, Ebroh Bikes vous informe de l&rsquo;existence d&rsquo;un fichier de donn\u00e9es personnelles cr\u00e9\u00e9 par et sous la responsabilit\u00e9 de Ebroh Bikes avec les donn\u00e9es obtenues sur le site www.ebroh.es. Le but de ce fichier est de g\u00e9rer votre relation contractuelle avec nous, ainsi que des activit\u00e9s de promotion et de publicit\u00e9 eux-m\u00eames par tout moyen, que ce soit t\u00e9l\u00e9phone, comme l&rsquo;envoi de messages commerciaux par SMS, etc., qui peuvent int\u00e9resser , sur la base de l&rsquo;\u00e9tude et de la segmentation des donn\u00e9es collect\u00e9es lors de la navigation sur le site, des donn\u00e9es fournies en remplissant tout formulaire, ainsi que celles issues de la relation commerciale ou de la livraison des produits achet\u00e9s. Si vous ne voulez pas recevoir de publicit\u00e9, il vous suffit d&rsquo;entrer votre compte et de d\u00e9sactiver la Newsletter et les informations. En utilisant le site, vous garantissez que vos donn\u00e9es sont automatis\u00e9es et trait\u00e9es dans la base de donn\u00e9es Ebroh Bikes, afin que vous puissiez communiquer, de m\u00eame, des promotions et des offres commerciales dans le strict respect des dispositions de la l\u00e9gislation sur la protection de donn\u00e9es.<\/p>\n<p>Conform\u00e9ment aux dispositions du r\u00e8glement d&rsquo;application de la loi organique sur la protection des donn\u00e9es 15\/1999 du 13 D\u00e9cembre, approuv\u00e9 par le d\u00e9cret royal 1720\/2007 du 21 D\u00e9cembre, la loi 34\/2002 du 11 Juillet, les services de la soci\u00e9t\u00e9 de l&rsquo;information et du commerce \u00e9lectronique et d&rsquo;autres dispositions adopt\u00e9es dans son d\u00e9veloppement, les clients et les utilisateurs de www.ebroh.es peut \u00e0 tout moment exercer leurs droits d&rsquo;acc\u00e8s, de rectification, annulation et opposition de leurs donn\u00e9es personnelles en \u00e9crivant \u00e0: Zeppelin Machinery Co., Plataforma Log\u00edstica Zaragoza Plaza, Tarento, 12, Nave 9, 50197 Zaragoza, o\u00f9 le nom, l&rsquo;utilisateur et email avec laquelle vous avez sign\u00e9 seront indiqu\u00e9s, et en joignant une photocopie de l&rsquo;utilisateur de la carte d&rsquo;identit\u00e9 . Dans le cas o\u00f9 les donn\u00e9es fournies sont associ\u00e9es \u00e0 un achat, la l\u00e9gislation espagnole nous oblige \u00e0 les conserver pendant au moins six ans, de sorte qu&rsquo;ils ne peuvent pas \u00eatre supprim\u00e9s ou rectifi\u00e9s, m\u00eame si le client le demande.<\/p>\n<p>Ebroh Bikes est engag\u00e9 \u00e0 l&rsquo;utilisation des donn\u00e9es incluses dans le dossier de respecter la confidentialit\u00e9 et l&rsquo;utilisation conform\u00e9ment \u00e0 l&rsquo;objet du dossier, et de se conformer \u00e0 son obligation de maintenir et d&rsquo;adopter toutes les mesures pour emp\u00eacher l&rsquo;alt\u00e9ration, la perte , traitement ou acc\u00e8s non autoris\u00e9, conform\u00e9ment aux dispositions du r\u00e8glement sur les mesures de s\u00e9curit\u00e9 des fichiers automatis\u00e9s contenant des donn\u00e9es personnelles, approuv\u00e9 par le d\u00e9cret royal 1720\/2007 du 21 D\u00e9cembre. Notre serveur s\u00e9curis\u00e9 garantit la confidentialit\u00e9 des donn\u00e9es que vous nous transmettez. Cette confidentialit\u00e9 est assur\u00e9e par le protocole SSL, en cryptant les donn\u00e9es envoy\u00e9es par le biais du syst\u00e8me de cryptage RSA, de sorte que personne ne puisse les utiliser car elles n&rsquo;ont pas le mot de passe n\u00e9cessaire. Vous pouvez v\u00e9rifier que votre navigateur est s\u00fbr si le symbole du cadenas appara\u00eet et vous pouvez \u00e9galement voir que l&rsquo;URL varie l\u00e9g\u00e8rement: il ne commence pas par http mais par https.<\/p>\n<p><strong>8 Politique de confidentialit\u00e9.<br \/>\n<\/strong><\/p>\n<p><em>Qui est responsable du traitement de vos donn\u00e9es personnelles?<br \/>\n<\/em><\/p>\n<p style=\"padding-left: 30px; text-align: justify;\">Le traitement de vos donn\u00e9es personnelles sera sous la responsabilit\u00e9 de Zeppelin Maquinaria S.L., Plaza Plataforma Log\u00edstica Zaragoza, Tarento, 12, Nave 9, 50197 Zaragoza NIF B-99400822. Si vous avez des questions concernant le traitement de vos informations personnelles, vous pouvez contacter Ebroh Bikes via les formulaires de contact suivants:<\/p>\n<p style=\"padding-left: 30px; text-align: justify;\">Email: info@ebroh.es<br \/>\nT\u00e9l\u00e9phones: 876 269 494 ou 910 589 696<\/p>\n<p><em>\u00c0 quoi Ebroh Bikes utilisera-t-elle vos informations personnelles? Durant combien de temps? Pourquoi est-ce l\u00e9gal?<br \/>\n<\/em><\/p>\n<p style=\"padding-left: 30px; text-align: justify;\">Objectif: Fournir des informations sur nos produits et processus d&rsquo;achat. Si vous le demandez, envoyez de la publicit\u00e9 par e-mail.<br \/>\nBase juridique: N\u00e9cessaire pour l&rsquo;ex\u00e9cution du contrat avec les utilisateurs enregistr\u00e9s.<br \/>\nMesures de s\u00e9curit\u00e9: Ad\u00e9quates en fonction de l&rsquo;activit\u00e9 d\u00e9velopp\u00e9e et en tenant compte de crit\u00e8res tels que la port\u00e9e, le contexte et les objectifs du traitement; l&rsquo;\u00e9tat de l&rsquo;art et les risques existants.<br \/>\nDroits: Vous pouvez exercer vos droits d&rsquo;acc\u00e8s, de rectification, de suppression, de portabilit\u00e9 et de limitation d&rsquo;opposition par email info@ebroh.es<br \/>\nDestinataires: Vos donn\u00e9es personnelles ne seront pas transf\u00e9r\u00e9es \u00e0 d&rsquo;autres personnes ou soci\u00e9t\u00e9s pour \u00eatre utilis\u00e9es \u00e0 leurs propres fins.<br \/>\nCookies: Si l&rsquo;Utilisateur l&rsquo;accepte, le Site va installer des cookies dans son navigateur.<\/p>\n<p style=\"padding-left: 30px; text-align: justify;\">Bien entendu, vous pouvez nous demander \u00e0 tout moment d&rsquo;arr\u00eater de traiter vos donn\u00e9es personnelles aux fins indiqu\u00e9es. Pour cela, il vous suffit de nous envoyer une demande \u00e0 l&rsquo;adresse email info@ebroh.es.<\/p>\n<p><em>Quelles sont les mesures de s\u00e9curit\u00e9 mises en place par Ebroh Bikes pour prot\u00e9ger vos donn\u00e9es personnelles?<br \/>\n<\/em><\/p>\n<p style=\"padding-left: 30px; text-align: justify;\">Ebroh Bikes traitera vos donn\u00e9es personnelles de mani\u00e8re absolument confidentielle. De m\u00eame, il a mis en \u009cuvre des mesures techniques et organisationnelles ad\u00e9quates pour garantir sa s\u00e9curit\u00e9 et emp\u00eacher sa destruction, sa perte, son acc\u00e8s illicite ou son alt\u00e9ration illicite. Lors de la d\u00e9termination de ces mesures, des crit\u00e8res tels que la port\u00e9e, le contexte et les objectifs du traitement ont \u00e9t\u00e9 pris en compte; l&rsquo;\u00e9tat de l&rsquo;art et les risques existants.<\/p>\n<p><em>Quels sont mes droits?<br \/>\n<\/em><\/p>\n<p style=\"padding-left: 30px; text-align: justify;\">Vous disposez des droits de protection des donn\u00e9es suivants:<\/p>\n<p style=\"padding-left: 30px; text-align: justify;\">Droit Qu&rsquo;est-ce que c&rsquo;est?<br \/>\nDroit d&rsquo;acc\u00e8s: Voir quelles informations personnelles Ebroh Bikes traite avec.<br \/>\nDroit de rectification: Modifiez les donn\u00e9es personnelles trait\u00e9es par Ebroh Bikes lorsqu&rsquo;elles sont inexactes.<br \/>\nDroit d&rsquo;opposition: Demander \u00e0 Ebroh Bikes de ne pas traiter vos donn\u00e9es personnelles \u00e0 certaines fins sp\u00e9cifiques.<br \/>\nDroit de suppression: Demander \u00e0 Ebroh Bikes de supprimer vos donn\u00e9es personnelles.<br \/>\nDroit de limitation: Demander \u00e0 Ebroh Bikes de limiter le traitement de vos donn\u00e9es personnelles.<br \/>\nDroit de portabilit\u00e9: Demandez \u00e0 Ebroh Bikes de vous fournir sous forme informatique les informations qui vous concernent.<br \/>\nDroit de d\u00e9poser une plainte aupr\u00e8s de l&rsquo;autorit\u00e9 comp\u00e9tente: Pour exercer ces droits, il suffit que vous envoyez une communication \u00e0 Ebroh Bikes. La demande doit contenir une copie de votre pi\u00e8ce d&rsquo;identit\u00e9 ou d&rsquo;un autre document d&rsquo;identification \u00e9quivalent, ainsi que le contenu minimum pr\u00e9vu par la r\u00e9glementation applicable. Si l&rsquo;application ne r\u00e9pond pas aux exigences sp\u00e9cifi\u00e9es, Ebroh Bikes peut exiger que vous le soumettiez. L&rsquo;exercice de ces droits est gratuit, mais des frais peuvent \u00eatre exig\u00e9s lorsque les demandes sont infond\u00e9es, excessives ou r\u00e9p\u00e9titives.<\/p>\n<p><em>Y a-t-il d&rsquo;autres entit\u00e9s qui peuvent acc\u00e9der \u00e0 mes donn\u00e9es personnelles pour aider Ebroh Bikes dans l&rsquo;accomplissement des t\u00e2ches li\u00e9es \u00e0 l&rsquo;activit\u00e9 v\u00e9lo?<br \/>\n<\/em><\/p>\n<p style=\"padding-left: 30px; text-align: justify;\">Non. Ebroh Bikes n&rsquo;a pas ces entit\u00e9s collaboratrices.<\/p>\n<p><em>Est-ce que Ebroh Bikes transf\u00e8re mes informations personnelles \u00e0 des tiers afin qu&rsquo;elles puissent les utiliser \u00e0 leurs propres fins? Pourquoi chacune de ces missions est-elle l\u00e9gale?<\/em><\/p>\n<p style=\"padding-left: 30px; text-align: justify;\">Ebroh Bikes ne transmet pas vos donn\u00e9es \u00e0 des tiers \u00e0 des fins personnelles.<\/p>\n<p>[\/vc_column_text][\/vc_column][\/vc_row]<\/p>\n<\/section>","protected":false},"excerpt":{"rendered":"<p>[vc_row][vc_column][vc_column_text]POLITIQUE DE CONFIDENTIALIT\u00c9 1 Propri\u00e9t\u00e9 du domaine Ebroh Bikes. Conform\u00e9ment \u00e0 la loi 34\/2002 sur les services de la soci\u00e9t\u00e9 de l&rsquo;information et du commerce \u00e9lectronique (LSSICE), nous vous informons que la propri\u00e9t\u00e9 du domaine de notre boutique virtuelle, www.ebroh.es, correspond \u00e0 Zeppelin Maquinaria SL, Plataforma Logistique Zaragoza Plaza, Taranto, [&hellip;]<\/p>\n","protected":false},"author":1,"featured_media":0,"parent":0,"menu_order":0,"comment_status":"closed","ping_status":"open","template":"","meta":{"footnotes":""},"class_list":["post-2561","page","type-page","status-publish","hentry"],"_links":{"self":[{"href":"https:\/\/ebroh.eu\/fr\/wp-json\/wp\/v2\/pages\/2561","targetHints":{"allow":["GET"]}}],"collection":[{"href":"https:\/\/ebroh.eu\/fr\/wp-json\/wp\/v2\/pages"}],"about":[{"href":"https:\/\/ebroh.eu\/fr\/wp-json\/wp\/v2\/types\/page"}],"author":[{"embeddable":true,"href":"https:\/\/ebroh.eu\/fr\/wp-json\/wp\/v2\/users\/1"}],"replies":[{"embeddable":true,"href":"https:\/\/ebroh.eu\/fr\/wp-json\/wp\/v2\/comments?post=2561"}],"version-history":[{"count":3,"href":"https:\/\/ebroh.eu\/fr\/wp-json\/wp\/v2\/pages\/2561\/revisions"}],"predecessor-version":[{"id":2567,"href":"https:\/\/ebroh.eu\/fr\/wp-json\/wp\/v2\/pages\/2561\/revisions\/2567"}],"wp:attachment":[{"href":"https:\/\/ebroh.eu\/fr\/wp-json\/wp\/v2\/media?parent=2561"}],"curies":[{"name":"wp","href":"https:\/\/api.w.org\/{rel}","templated":true}]}}