{"id":2556,"date":"2018-11-12T19:50:15","date_gmt":"2018-11-12T17:50:15","guid":{"rendered":"http:\/\/ebroh.es\/terminos-y-condiciones\/"},"modified":"2025-02-11T14:18:19","modified_gmt":"2025-02-11T12:18:19","slug":"condition-dutilisation","status":"publish","type":"page","link":"https:\/\/ebroh.eu\/fr\/condition-dutilisation\/","title":{"rendered":"Condition d&rsquo;utilisation"},"content":{"rendered":"<section class=\"wpb-content-wrapper\"><p>[vc_row][vc_column][vc_column_text]<\/p>\n<p>CONDITION D&rsquo;UTILISATION<\/p>\n<p>Ce document contient les Conditions qui r\u00e9gissent l&rsquo;utilisation de ce site Web et le contrat qui nous lie \u00e0 la fois &#8211; Vous et nous &#8211; (ci-apr\u00e8s les \u00ab&nbsp;Conditions&nbsp;\u00bb). Les pr\u00e9sentes Conditions \u00e9tablissent les droits et obligations de tous les utilisateurs (ci-apr\u00e8s \u00ab&nbsp;Vous&nbsp;\u00bb \/ \u00ab&nbsp;votre&nbsp;\u00bb) et ceux d&rsquo;Ebroh Bikes (\u00ab&nbsp;nous&nbsp;\u00bb \/ \u00ab&nbsp;notre&nbsp;\u00bb \/ \u00ab&nbsp;le Vendeur&nbsp;\u00bb) en ce qui concerne les produits \/ services que nous proposons par le biais de ce site Web ou tout autre site Web vers lequel nous pouvons rediriger via un lien (ci-apr\u00e8s d\u00e9nomm\u00e9s collectivement les \u00ab&nbsp;Services&nbsp;\u00bb).<\/p>\n<p>Nous vous prions de lire attentivement ces conditions avant de cliquer sur le bouton \u00ab\u00a0Autoriser le paiement\u00a0\u00bb pour passer votre commande. Ces conditions peuvent \u00eatre modifi\u00e9es, vous devez donc les lire avant de passer chaque commande.<\/p>\n<p>UTILISATION DE NOTRE SITE WEB<\/p>\n<p>Les pr\u00e9sentes Conditions sont les seules conditions applicables \u00e0 l&rsquo;utilisation de ce site Internet et remplacent toute autre, sauf accord expr\u00e8s et \u00e9crit pr\u00e9alable du Vendeur. Ces conditions sont importantes pour vous et pour nous car elles ont \u00e9t\u00e9 con\u00e7ues pour cr\u00e9er un accord juridiquement contraignant entre nous prot\u00e9geant vos droits en tant que client et nos droits en tant qu&rsquo;entreprise.<br \/>Ebroh Bikes se r\u00e9serve le droit d&rsquo;apporter des modifications \u00e0 ses produits \u00e0 tout moment et sans pr\u00e9avis, afin de les am\u00e9liorer. Les prix indiqu\u00e9s sont recommand\u00e9s et peuvent comporter des erreurs typographiques et \u00eatre corrig\u00e9s dans les meilleurs d\u00e9lais.<\/p>\n<p>Vous d\u00e9clarez avoir pris connaissance et accepter sans r\u00e9serve les pr\u00e9sentes conditions lors de la passation de votre commande. Vous acceptez que&nbsp;:<\/p>\n<p>&#8211; Vous ne pourrez passer aucune commande sp\u00e9culative, fausse ou frauduleuse. Si nous avons des motifs raisonnables de croire qu&rsquo;une commande de cette nature a \u00e9t\u00e9 pass\u00e9e, nous serons autoris\u00e9s \u00e0 l&rsquo;annuler et \u00e0 en informer les autorit\u00e9s comp\u00e9tentes.<br \/>&#8211; Vous \u00eates \u00e9galement oblig\u00e9 de nous fournir d&rsquo;une mani\u00e8re certaine et correcte votre adresse e-mail, votre adresse postale et\/ou d&rsquo;autres informations de contact et vous acceptez que nous puissions utiliser ces informations pour vous contacter si n\u00e9cessaire.<br \/>&#8211; Si vous ne nous fournissez pas toutes les informations dont nous avons besoin, nous ne serons pas en mesure de traiter votre commande. En passant une commande sur ce site Web, vous garantissez que vous avez plus de 18 ans et que vous avez la capacit\u00e9 juridique de conclure des contrats contraignants.<\/p>\n<p>LA DISPONIBILIT\u00c9 DES PRODUITS<\/p>\n<p>Toutes les commandes de produits sont soumises \u00e0 leur disponibilit\u00e9 et, en ce sens, s&rsquo;il y a des difficult\u00e9s au niveau de leur approvisionnement, ou s&rsquo;il n&rsquo;y a pas d&rsquo;articles en stock, nous nous r\u00e9servons le droit de vous fournir des informations sur des produits de substitution de qualit\u00e9 et une valeur \u00e9gal ou sup\u00e9rieur \u00e0 celui que vous pouvez commander. Si vous ne souhaitez pas commander ces produits de substitution, nous vous rembourserons tout montant que vous auriez pay\u00e9.<\/p>\n<p>DROIT DE RETRACTATION DE LA LIVRAISON D&rsquo;UN ACHAT<\/p>\n<p>Vous avez le droit de renoncer \u00e0 l&rsquo;achat et\/ou d&rsquo;\u00e9changer des produits. Les \u00e9changes doivent \u00eatre effectu\u00e9s dans les 48 heures suivant l&rsquo;achat. Les \u00e9changes peuvent \u00eatre effectu\u00e9s pour des articles de valeur \u00e9gale ou sup\u00e9rieure.  Pour changer un article, il doit ne pas avoir \u00e9t\u00e9 utilis\u00e9, \u00eatre en parfait \u00e9tat et \u00eatre envoy\u00e9 dans son emballage d&rsquo;origine \u00e0 : Ebroh Bikes, Plataforma Log\u00edstica Zaragoza Plaza, C\/. Tarente 12, nef 9, 50197 Saragosse. Les frais d&rsquo;exp\u00e9dition sont \u00e0 la charge du client.<\/p>\n<p>LIVRAISON<\/p>\n<p>Les colis sont g\u00e9n\u00e9ralement exp\u00e9di\u00e9s par transporteur, dans un d\u00e9lai de 24 \u00e0 48 heures, une fois le paiement du montant confirm\u00e9. Dans le cas o\u00f9 Ebroh Bikes a un article en rupture de stock, et que votre fournisseur peut nous le fournir, l&rsquo;exp\u00e9dition peut g\u00e9n\u00e9ralement \u00eatre effectu\u00e9e dans les 72 heures.<\/p>\n<p>Pour toute question nous mettons \u00e0 votre disposition le num\u00e9ro de t\u00e9l\u00e9phone 876 269 494, du lundi au vendredi de 9h \u00e0 18h, et notre formulaire de contact. Dans le cas d&rsquo;articles pour lesquels il est indiqu\u00e9 qu&rsquo;il n&rsquo;y a pas de disponibilit\u00e9, Ebroh Bikes s&rsquo;engage \u00e0 vous informer de leur exp\u00e9dition dans les plus brefs d\u00e9lais.<\/p>\n<p>Si, pour une raison quelconque, nous ne sommes pas en mesure de respecter la date de livraison, nous vous informerons de cette circonstance et vous donnerons la possibilit\u00e9 de proc\u00e9der \u00e0 l&rsquo;achat en fixant une nouvelle date de livraison ou d&rsquo;annuler la commande avec un remboursement int\u00e9gral du prix pay\u00e9. Veuillez noter dans tous les cas que nous ne livrons pas le samedi ou le dimanche. Aux fins des pr\u00e9sentes Conditions, il sera entendu que la \u00ab\u00a0livraison\u00a0\u00bb a eu lieu ou que le ou les produits ont \u00e9t\u00e9 \u00ab\u00a0livr\u00e9s\u00a0\u00bb au moment de la signature du r\u00e9c\u00e9piss\u00e9 de celui-ci \u00e0 l&rsquo;adresse de livraison convenue.<\/p>\n<p>IMPOSSIBLE DE LIVRAISON<\/p>\n<p>Si la livraison nous est impossible, votre\/vos produit(s) seront renvoy\u00e9s \u00e0 notre entrep\u00f4t. Nous vous informerons de cette circonstance par e-mail et nous vous indiquerons comment faire pour qu&rsquo;elle vous soit \u00e0 nouveau envoy\u00e9e. Si vous n&rsquo;\u00eates pas sur le lieu de livraison \u00e0 l&rsquo;heure convenue, veuillez nous contacter pour organiser la livraison un autre jour.<\/p>\n<p>Veuillez garder \u00e0 l&rsquo;esprit que le stockage et la nouvelle exp\u00e9dition de votre (vos) produit (s) peuvent avoir un co\u00fbt suppl\u00e9mentaire.<\/p>\n<p>RETOUR<\/p>\n<p>Vous avez le droit de retourner le produit dans un d\u00e9lai maximum de 7 jours apr\u00e8s r\u00e9ception. Il est conseill\u00e9 de contacter Ebroh Bikes \u00e0 l&rsquo;avance.<\/p>\n<p>Le retour doit toujours \u00eatre effectu\u00e9 avec l&#8217;emballage d&rsquo;origine et par le moyen de transport qui a \u00e9t\u00e9 re\u00e7u. Les frais de retour seront \u00e0 la charge du client.<\/p>\n<p>En cas de doute, merci de nous consulter par t\u00e9l\u00e9phone au 876 269 494 ou au 910 589 696, du lundi au vendredi de 9h \u00e0 14h, ou via notre formulaire de contact.<\/p>\n<p>GARANTIE PRODUIT<\/p>\n<p>Sont exclus de la garantie tous les composants soumis \u00e0 l&rsquo;usure tels que les plaquettes de frein, les pneus, les essieux, les roulements ou les ampoules.<\/p>\n<p>La garantie expire automatiquement si l&rsquo;une des conditions suivantes est remplie :<\/p>\n<p>-Le v\u00e9hicule est modifi\u00e9 ou r\u00e9par\u00e9 par une personne qui n&rsquo;est pas express\u00e9ment autoris\u00e9e par E-BROH et\/ou qui ne dispose pas de moyens appropri\u00e9s et suffisants ou d&rsquo;outils agr\u00e9\u00e9s par EBROH.<br \/>&#8211; En cas de manipulation interne de l&rsquo;appareil (y compris le d\u00e9vissage des car\u00e9nages), de modification des param\u00e8tres du contr\u00f4leur, de d\u00e9bridage, d&rsquo;installation du chargeur int\u00e9gr\u00e9, etc.<br \/>&#8211; Lorsqu&rsquo;un dysfonctionnement imputable \u00e0 une erreur humaine ou \u00e0 une n\u00e9gligence de la part de l&rsquo;utilisateur de la machine est d\u00e9montr\u00e9.<br \/>&#8211; Causes m\u00e9t\u00e9orologiques.<br \/>&#8211; Lorsque la limite d&rsquo;utilisation de la machine est r\u00e9duite.<br \/>&#8211; Utilisation professionnelle ou commerciale, qui peut g\u00e9n\u00e9rer une garantie ponctuelle.<br \/>&#8211; Lorsque des pi\u00e8ces non originales d&rsquo;Ebroh sont utilis\u00e9es pour les r\u00e9parations ou lorsque toute op\u00e9ration d&rsquo;entretien ou de r\u00e9paration est effectu\u00e9e par un service technique non agr\u00e9\u00e9 par Ebroh.<br \/>&#8211; Si le v\u00e9hicule a \u00e9t\u00e9 pr\u00e9par\u00e9 et\/ou utilis\u00e9 pour la comp\u00e9tition.<br \/>-Si la batterie du v\u00e9hicule n&rsquo;a pas \u00e9t\u00e9 compl\u00e8tement charg\u00e9e pendant une p\u00e9riode de plus de 30 jours (les informations disponibles dans le syst\u00e8me \u00e9lectronique du v\u00e9hicule faisant foi).<\/p>\n<p>Tous les v\u00e9hicules et leurs composants ont des intervalles d&rsquo;entretien recommand\u00e9s et doivent \u00eatre inspect\u00e9s r\u00e9guli\u00e8rement par un concessionnaire Ebroh agr\u00e9\u00e9. Si le produit n&rsquo;est pas utilis\u00e9 pendant une longue p\u00e9riode sans entretien, la batterie et certains composants peuvent \u00eatre endommag\u00e9s et des frais de r\u00e9paration peuvent \u00eatre encourus.<\/p>\n<p>TRANSFERT DE RISQUE ET DE PROPRI\u00c9T\u00c9<\/p>\n<p>La responsabilit\u00e9 et les risques des produits seront \u00e0 votre charge d\u00e8s la livraison.<\/p>\n<p>PRIX ET PAIEMENT<\/p>\n<p>Le prix des produits sera celui stipul\u00e9 \u00e0 tout moment sur notre site Internet. Toutefois, en cas de r\u00e9percussion d&rsquo;un prix erron\u00e9, nous nous r\u00e9servons le droit d&rsquo;informer ult\u00e9rieurement le client du prix correct et de son application.<\/p>\n<p>TAXE SUR LA VALEUR AJOUT\u00c9E<\/p>\n<p>Conform\u00e9ment \u00e0 la r\u00e9glementation en vigueur, tous les achats effectu\u00e9s via le site Internet seront soumis \u00e0 la taxe sur la valeur ajout\u00e9e (TVA), qui sera factur\u00e9e au taux en vigueur au moment de la livraison.<\/p>\n<p>POLITIQUE DE RETOUR<\/p>\n<p>Il n&rsquo;est possible d&rsquo;\u00e9changer un article contre un autre d&rsquo;un montant \u00e9gal ou sup\u00e9rieur qu&rsquo;en payant la diff\u00e9rence de prix, dans les 15 jours suivant la r\u00e9ception de l&rsquo;article. Sans pr\u00e9judice du droit de r\u00e9tractation, le montant des achats n&rsquo;est pas rembours\u00e9, sauf en cas de d\u00e9faut ou de dommage, bien qu&rsquo;avant d&rsquo;envoyer un article, il soit soigneusement examin\u00e9 en \u00e9vitant de telles circonstances. Dans le cas o\u00f9 vous souhaiteriez changer ou retourner un article, vous devez l&rsquo;envoyer \u00e0 l&rsquo;adresse suivante accompagn\u00e9 de son emballage d&rsquo;origine. Les frais d&rsquo;exp\u00e9dition seront toujours \u00e0 la charge du client, nous recommandons l&rsquo;exp\u00e9dition par une entreprise de messagerie en raison du type de produit. Les \u00e9changes ou les retours d&rsquo;articles en port d\u00fb ne seront pas accept\u00e9s. Adresse de livraison pour les modifications : Ebroh Bikes, plate-forme logistique Zaragoza Plaza, Tarento 12, nef 9, 50197 Saragosse.<\/p>\n<p>EXP\u00c9DITIONS ENDOMMAG\u00c9ES OU PI\u00c8CES MANQUANTES.<\/p>\n<p>Cas 1:<\/p>\n<p>La marchandise a \u00e9t\u00e9 re\u00e7ue avec des dommages \u00e9vidents dus au transport.<\/p>\n<p>En cas de r\u00e9ception de marchandise endommag\u00e9e :<\/p>\n<p>Photographiez le colis endommag\u00e9 \u00e0 c\u00f4t\u00e9 du v\u00e9hicule du transporteur.<br \/>Photographiez les pi\u00e8ces endommag\u00e9es.<br \/>Indiquer par \u00e9crit sur le r\u00e9c\u00e9piss\u00e9 de livraison que le transporteur a sign\u00e9 \u00ab\u00a0sous r\u00e9serve de contr\u00f4le, marchandise visiblement endommag\u00e9e\u00a0\u00bb.<br \/>Photographiez la preuve de livraison susmentionn\u00e9e.<\/p>\n<p>Signalez imm\u00e9diatement les dommages \u00e0 EBROH par e-mail (info@ebroh.es) avec une br\u00e8ve description, et aussi exhaustive que possible, de l&rsquo;incident et joignez les images correspondantes comme indiqu\u00e9 ci-dessus.<\/p>\n<p>Cas 2 :<\/p>\n<p>Aucun dommage, mais avec emballage ouvert<\/p>\n<p>Si vous recevez la marchandise avec l&#8217;emballage ouvert ou absent, photographiez imm\u00e9diatement la palette \u00e0 proximit\u00e9 du fourgon du transporteur et effectuez un contr\u00f4le imm\u00e9diat de la marchandise.<\/p>\n<p>Si un ou plusieurs composants sont manquants&nbsp;:<\/p>\n<p>Photographiez les d\u00e9tails d&rsquo;un tel emballage ouvert ou manquant.<br \/>Indiquer par \u00e9crit sur le bon de livraison que le transporteur a sign\u00e9 \u00ab\u00a0sous r\u00e9serve de contr\u00f4le, marchandise avec emballage ouvert et manquante\u00a0\u00bb.<br \/>Photographiez la preuve de livraison susmentionn\u00e9e.<\/p>\n<p>Signalez imm\u00e9diatement ce qui s&rsquo;est pass\u00e9 \u00e0 EBROH par e-mail (info@ebroh.es) avec une description br\u00e8ve et exhaustive de l&rsquo;incident et joignez les images correspondantes comme indiqu\u00e9 ci-dessus.<\/p>\n<p>En cas de doute, vous pouvez nous contacter via notre formulaire de contact ou en appelant le 876 269 494 ou le 910 589 696, du lundi au vendredi, de 9h \u00e0 14h.<\/p>\n<p>GARANTIE<\/p>\n<p>Dans les cas o\u00f9 vous estimez qu&rsquo;au moment de la livraison le produit n&rsquo;est pas conforme aux dispositions du contrat, vous devez nous contacter imm\u00e9diatement via notre formulaire de contact en fournissant les donn\u00e9es du produit ainsi que des dommages subis, ou en appelant les num\u00e9ros 876 269 \u200b\u200b494 ou 910 589 696. Vous devez retourner le produit \u00e0 l&rsquo;adresse indiqu\u00e9e ci-dessus. Nous proc\u00e9derons \u00e0 un examen attentif du produit retourn\u00e9 et nous vous informerons par e-mail dans un d\u00e9lai raisonnable s&rsquo;il est n\u00e9cessaire de le retourner ou de le remplacer (le cas \u00e9ch\u00e9ant). Le remboursement du montant ne sera effectu\u00e9 que lorsque nous ne pourrons pas remplacer l&rsquo;article par un article identique en parfait \u00e9tat. Les montants pay\u00e9s pour les produits qui sont retourn\u00e9s en raison de tout d\u00e9faut ou d\u00e9faut, lorsqu&rsquo;il existe r\u00e9ellement, seront enti\u00e8rement rembours\u00e9s, y compris les frais de livraison engag\u00e9s pour livrer l&rsquo;article et les frais que vous auriez encourus pour<br \/>retournez-le nous. Le retour se fera de la m\u00eame mani\u00e8re que<\/p>\n<p>le paiement a \u00e9t\u00e9 effectu\u00e9. Si cela a \u00e9t\u00e9 fait avec une carte de cr\u00e9dit, le montant sera pay\u00e9 sur la m\u00eame carte qui a \u00e9t\u00e9 utilis\u00e9e pour payer l&rsquo;achat.<\/p>\n<p>PROPRI\u00c9T\u00c9 INTELLECTUELLE<\/p>\n<p>Vous reconnaissez et consentez \u00e0 ce que tous les droits d&rsquo;auteur, marques de commerce et autres droits de propri\u00e9t\u00e9 intellectuelle sur le mat\u00e9riel ou le contenu fournis dans le cadre du site Web correspondent \u00e0 tout moment \u00e0 nous ou \u00e0 ceux qui nous ont accord\u00e9 une licence pour leur utilisation. Vous ne pouvez utiliser ce mat\u00e9riel que de la mani\u00e8re que nous ou ceux qui nous ont accord\u00e9 une licence pour son utilisation l&rsquo;autorisons express\u00e9ment. Cela ne vous emp\u00eachera pas d&rsquo;utiliser ce site Web dans la mesure n\u00e9cessaire pour copier les informations relatives \u00e0 votre commande ou vos coordonn\u00e9es.<\/p>\n<p>COMMUNICATION \u00c9CRITE<\/p>\n<p>Les r\u00e9glementations applicables exigent qu&rsquo;une partie des informations ou des communications que nous vous envoyons soit par \u00e9crit. En utilisant ce site Web, vous acceptez que la plupart des communications avec nous soient \u00e9lectroniques. Nous vous contacterons par e-mail ou vous fournirons des informations en publiant des avis sur ce site Web. \u00c0 des fins contractuelles, vous acceptez d&rsquo;utiliser ce moyen de communication \u00e9lectronique et reconnaissez que tous les contrats, notifications, informations et autres communications que nous vous envoyons par voie \u00e9lectronique sont conformes aux exigences l\u00e9gales de la forme \u00e9crite. Cette condition n&rsquo;affectera pas vos droits reconnus par la loi.<\/p>\n<p>AVIS<\/p>\n<p>Les notifications que vous nous envoyez doivent de pr\u00e9f\u00e9rence \u00eatre envoy\u00e9es via notre formulaire de contact.<\/p>\n<p>INT\u00c9GRIT\u00c9 DU CONTRAT<\/p>\n<p>Les pr\u00e9sentes Conditions et tout document express\u00e9ment mentionn\u00e9 dans celles-ci constituent l&rsquo;int\u00e9gralit\u00e9 de l&rsquo;accord entre vous et nous en relation avec l&rsquo;objet du Contrat et remplacent tout autre pacte, accord ou promesse ant\u00e9rieur conclu entre vous et nous verbalement ou par \u00e9crit. Vous et nous reconnaissons avoir convenu de conclure le pr\u00e9sent accord sans nous \u00eatre appuy\u00e9s sur aucune d\u00e9claration ou promesse faite par l&rsquo;autre partie ou qui pourrait \u00eatre d\u00e9duite de toute d\u00e9claration ou \u00e9crit dans les n\u00e9gociations conclues par les deux avant ledit accord, sauf indication expresse .mentionn\u00e9s dans les pr\u00e9sentes Conditions. Ni vous ni nous n&rsquo;aurons de recours contre toute d\u00e9claration incertaine faite par l&rsquo;autre partie, verbalement ou par \u00e9crit, avant la date du contrat (\u00e0 moins qu&rsquo;une telle d\u00e9claration incertaine n&rsquo;ait \u00e9t\u00e9 faite frauduleusement) et le seul recours disponible pour l&rsquo;autre partie sera pour rupture de contrat de<br \/>conform\u00e9ment aux dispositions des pr\u00e9sentes Conditions.<\/p>\n<p>NOTRE DROIT DE MODIFIER CES CONDITIONS<\/p>\n<p>Nous avons le droit de revoir et de modifier ces Conditions \u00e0 tout moment. Vous serez soumis aux politiques et conditions en vigueur au moment o\u00f9 vous passez chaque commande, sauf que par la loi ou la d\u00e9cision d&rsquo;agences gouvernementales, nous devons apporter des modifications auxdites politiques et conditions, auquel cas, les modifications possibles affecteront \u00e9galement les commandes. que vous avez peut-\u00eatre fait auparavant.<\/p>\n<p>COMMENTAIRES ET SUGGESTIONS<\/p>\n<p>Vos commentaires et suggestions seront les bienvenus. Nous vous prions de bien vouloir nous envoyer ces commentaires et suggestions via notre formulaire de contact.<\/p>\n<p>PROTECTION DE DONN\u00c9ES<\/p>\n<p>Ebroh Bikes, en tant que responsable du dossier, garantit le plein respect de la r\u00e9glementation en vigueur sur la protection des donn\u00e9es personnelles conform\u00e9ment \u00e0 la LOPD 15\/1999. Au moment o\u00f9 vous ou votre repr\u00e9sentant l\u00e9gal envoyez les donn\u00e9es personnelles \u00e0 Ebroh Bikes, vous donnez automatiquement votre consentement pour qu&rsquo;elles soient incorpor\u00e9es dans votre fichier automatis\u00e9 et au traitement de celui-ci \u00e0 des fins commerciales, y compris les communications commerciales \u00e9lectroniques. aux effets de l&rsquo;article 21 de la loi 34\/2002 sur les services de la soci\u00e9t\u00e9 de l&rsquo;information.<\/p>\n<p>Dans tous les cas, vous disposez des droits d&rsquo;acc\u00e8s, de rectification, d&rsquo;annulation et d&rsquo;opposition, dans les termes \u00e9tablis dans la r\u00e9glementation en vigueur sur la protection des donn\u00e9es, en pouvant les exercer en \u00e9crivant \u00e0 Ebroh Bikes, Plataforma Log\u00edstica Zaragoza Plaza, Tarento, 12 , nave 9, 50197 Saragosse, t\u00e9l\u00e9phone 876 269 494 ou 910 589 696, en fournissant une photocopie du DNI ou un autre document prouvant votre identit\u00e9. Ebroh bikes, s&rsquo;engage \u00e0 remplir son devoir de secret et de s\u00e9curit\u00e9 concernant les donn\u00e9es personnelles. Si vous ne souhaitez pas recevoir de communications commerciales, vous pouvez le communiquer \u00e0 l&rsquo;adresse indiqu\u00e9e, par \u00e9crit dans lequel la date et la signature originales sont fournies.<\/p>\n<p>AVIS<\/p>\n<p>Toutes les notifications et communications de l&rsquo;utilisateur \u00e0 Ebroh Bikes seront consid\u00e9r\u00e9es comme efficaces, \u00e0 toutes fins utiles, lorsqu&rsquo;elles sont adress\u00e9es de l&rsquo;une des mani\u00e8res suivantes&nbsp;:<\/p>\n<p>\u2022 &#8211; Envoi par courrier \u00e0 l&rsquo;adresse suivante : Ebroh Bikes, Zaragoza Plaza Logistics Platform, Tarento, 12, nef 9, 50197 Zaragoza, T\u00e9l\u00e9phone 876 269 494 ou 910 589.<\/p>\n<p>696, en fournissant une photocopie du DNI ou un autre document prouvant votre identit\u00e9.<br \/>&#8211; Envoi par e-mail \u00e0 l&rsquo;adresse suivante : e-mail : info@ebroh.es<br \/>&#8211; Envoi par courrier \u00e9lectronique \u00e0 l&rsquo;une des bo\u00eetes aux lettres que l&rsquo;utilisateur a pr\u00e9alablement fait conna\u00eetre par l&rsquo;utilisateur.<br \/>&#8211; Communication au moyen d&rsquo;un appel t\u00e9l\u00e9phonique au num\u00e9ro de t\u00e9l\u00e9phone de l&rsquo;utilisateur, lorsque celui-ci a \u00e9t\u00e9 pr\u00e9alablement communiqu\u00e9 \u00e0 Ebroh Bikes.<br \/>&#8211; Par des messages contextuels envoy\u00e9s lors de la fourniture des Services par Ebroh Bikes \u00e0 l&rsquo;utilisateur. En ce sens, toutes les notifications faites par Ebroh Bikes \u00e0 l&rsquo;utilisateur seront consid\u00e9r\u00e9es comme valablement faites si elles ont \u00e9t\u00e9 faites \u00e0 l&rsquo;aide des donn\u00e9es fournies par l&rsquo;utilisateur et par les moyens susmentionn\u00e9s.<\/p>\n<p>\u00c0 ces fins, l&rsquo;utilisateur d\u00e9clare que toutes les donn\u00e9es fournies par lui sont vraies et correctes, et s&rsquo;engage \u00e0 informer Ebroh Bikes de tous les changements li\u00e9s aux donn\u00e9es de notification.<\/p>\n<p>CONNAISSANCE DES COMPORTEMENTS ILL\u00c9GAL<\/p>\n<p>Dans le cas o\u00f9 un utilisateur ou un tiers consid\u00e8re qu&rsquo;il existe des faits ou des circonstances qui r\u00e9v\u00e8lent le caract\u00e8re ill\u00e9gal de l&rsquo;utilisation de tout contenu et \/ ou de l&rsquo;ex\u00e9cution de toute activit\u00e9 sur les pages Web incluses ou accessibles via le site Web www.ebroh.es , et, qui pourrait constituer une violation des droits de propri\u00e9t\u00e9 intellectuelle ou industrielle ou d&rsquo;autres droits d&rsquo;Ebroh Bikes, a l&rsquo;obligation d&rsquo;envoyer une notification contenant les informations suivantes&nbsp;:<\/p>\n<p>&#8211; Nom, adresse, num\u00e9ro de t\u00e9l\u00e9phone et adresse e-mail du demandeur.<br \/>&#8211; Sp\u00e9cification de l&rsquo;activit\u00e9 ill\u00e9gale all\u00e9gu\u00e9e r\u00e9alis\u00e9e sur le portail et, en particulier, en cas de violation all\u00e9gu\u00e9e des droits, indication pr\u00e9cise et sp\u00e9cifique du contenu prot\u00e9g\u00e9 ainsi que de son emplacement sur les pages Web.<br \/>&#8211; Des faits ou circonstances r\u00e9v\u00e9lant le caract\u00e8re ill\u00e9gal de ladite activit\u00e9.<br \/>&#8211; En cas de violation des droits, signature manuscrite ou \u00e9quivalente, avec les donn\u00e9es personnelles du titulaire des droits pr\u00e9tendument viol\u00e9s ou de la personne habilit\u00e9e \u00e0 agir en son nom.<br \/>&#8211; D\u00e9claration expresse, claire et sous la responsabilit\u00e9 du demandeur que les informations fournies dans la notification sont exactes et du caract\u00e8re illicite de l&rsquo;utilisation du contenu ou de l&rsquo;exercice des activit\u00e9s d\u00e9crites.<\/p>\n<p>L\u00c9GISLATION APPLICABLE<\/p>\n<p>Cet avis juridique est r\u00e9gi dans chacun de ses extr\u00eames par la r\u00e9glementation en vigueur. Les parties conviennent qu&rsquo;en cas de conflit d&rsquo;ordre juridique, elles seront soumises aux Cours et Tribunaux comp\u00e9tents.<\/p>\n<p>[\/vc_column_text][\/vc_column][\/vc_row]<\/p>\n<\/section>","protected":false},"excerpt":{"rendered":"<p>[vc_row][vc_column][vc_column_text] CONDITION D&rsquo;UTILISATION Ce document contient les Conditions qui r\u00e9gissent l&rsquo;utilisation de ce site Web et le contrat qui nous lie \u00e0 la fois &#8211; Vous et nous &#8211; (ci-apr\u00e8s les \u00ab&nbsp;Conditions&nbsp;\u00bb). Les pr\u00e9sentes Conditions \u00e9tablissent les droits et obligations de tous les utilisateurs (ci-apr\u00e8s \u00ab&nbsp;Vous&nbsp;\u00bb \/ \u00ab&nbsp;votre&nbsp;\u00bb) et ceux [&hellip;]<\/p>\n","protected":false},"author":1,"featured_media":0,"parent":0,"menu_order":0,"comment_status":"closed","ping_status":"closed","template":"","meta":{"footnotes":""},"class_list":["post-2556","page","type-page","status-publish","hentry"],"_links":{"self":[{"href":"https:\/\/ebroh.eu\/fr\/wp-json\/wp\/v2\/pages\/2556","targetHints":{"allow":["GET"]}}],"collection":[{"href":"https:\/\/ebroh.eu\/fr\/wp-json\/wp\/v2\/pages"}],"about":[{"href":"https:\/\/ebroh.eu\/fr\/wp-json\/wp\/v2\/types\/page"}],"author":[{"embeddable":true,"href":"https:\/\/ebroh.eu\/fr\/wp-json\/wp\/v2\/users\/1"}],"replies":[{"embeddable":true,"href":"https:\/\/ebroh.eu\/fr\/wp-json\/wp\/v2\/comments?post=2556"}],"version-history":[{"count":5,"href":"https:\/\/ebroh.eu\/fr\/wp-json\/wp\/v2\/pages\/2556\/revisions"}],"predecessor-version":[{"id":29879,"href":"https:\/\/ebroh.eu\/fr\/wp-json\/wp\/v2\/pages\/2556\/revisions\/29879"}],"wp:attachment":[{"href":"https:\/\/ebroh.eu\/fr\/wp-json\/wp\/v2\/media?parent=2556"}],"curies":[{"name":"wp","href":"https:\/\/api.w.org\/{rel}","templated":true}]}}