{"id":11096,"date":"2020-10-20T11:43:19","date_gmt":"2020-10-20T09:43:19","guid":{"rendered":"https:\/\/ebroh.es\/devenez-distributeur\/"},"modified":"2020-10-20T11:43:20","modified_gmt":"2020-10-20T09:43:20","slug":"devenez-distributeur","status":"publish","type":"page","link":"https:\/\/ebroh.eu\/fr\/devenez-distributeur\/","title":{"rendered":"Devenez distributeur"},"content":{"rendered":"<section class=\"wpb-content-wrapper\"><p>[vc_row css=\u00a0\u00bb.vc_custom_1545910977002{padding-top: 50px !important;padding-bottom: 50px !important;}\u00a0\u00bb][vc_column][vc_column_text]<\/p>\n<p><span class=\"tlid-translation translation\" lang=\"fr\"><span class=\"\" title=\"\">EBROH est une soci\u00e9t\u00e9 au capital 100% espagnol.<\/span> <span class=\"\" title=\"\">EBROH est n\u00e9 avec la vocation de devenir d&rsquo;authentiques sp\u00e9cialistes des alternatives de mobilit\u00e9 \u00e9lectrique, proposant au march\u00e9 diff\u00e9rentes gammes de v\u00e9los \u00e9lectriques, tant pour leur type d&rsquo;utilisation que pour leur segmentation tarifaire.<\/span><\/span><\/p>\n<p>[\/vc_column_text][vc_column_text]<\/p>\n<p><span class=\"tlid-translation translation\" lang=\"fr\"><span class=\"\" title=\"\">EBROH s&rsquo;engage \u00e0 proposer les options les plus pratiques, les plus efficaces et les plus satisfaites par l&rsquo;utilisateur lorsqu&rsquo;il s&rsquo;agit de choisir le v\u00e9hicule le plus adapt\u00e9 \u00e0 leurs d\u00e9placements quotidiens ou \u00e0 leur temps libre.<\/span><\/span><\/p>\n<p>[\/vc_column_text][vc_column_text]<\/p>\n<p><span class=\"tlid-translation translation\" lang=\"fr\"><span class=\"\" title=\"\">EBROH a d\u00e9but\u00e9 son activit\u00e9 commerciale en 2017 avec une gamme de VTT, v\u00e9los urbains et pliants, ainsi que des scooters \u00e9lectriques, avec l&rsquo;intention de devenir l&rsquo;un des principaux \u00abacteurs\u00bb en Espagne de la mobilit\u00e9 adapt\u00e9e \u00e0 chaque besoin.<\/span><\/span><\/p>\n<p>[\/vc_column_text][vc_column_text]<\/p>\n<p><span class=\"tlid-translation translation\" lang=\"fr\"><span class=\"\" title=\"\">VOULEZ-VOUS \u00caTRE DISTRIBUTEUR?<\/span><\/span><\/p>\n<p>[\/vc_column_text][\/vc_column][\/vc_row][vc_row full_width=\u00a0\u00bbstretch_row_content\u00a0\u00bb equal_height=\u00a0\u00bbyes\u00a0\u00bb parallax=\u00a0\u00bbcontent-moving\u00a0\u00bb parallax_image=\u00a0\u00bb2220&Prime; css=\u00a0\u00bb.vc_custom_1546019062335{padding-top: 50px !important;padding-right: 50px !important;padding-bottom: 50px !important;padding-left: 50px !important;}\u00a0\u00bb el_class=\u00a0\u00bbdistribuidores\u00a0\u00bb][vc_column width=\u00a0\u00bb1\/4&Prime;][vc_empty_space height=\u00a0\u00bb25px\u00a0\u00bb][vc_custom_heading text=\u00a0\u00bbNOUS NOUS ADAPTONS \u00c0 VOTRE ENTREPRISE\u00a0\u00bb font_container=\u00a0\u00bbtag:h2|font_size:30|text_align:center|color:%23ffffff\u00a0\u00bb use_theme_fonts=\u00a0\u00bbyes\u00a0\u00bb][vc_column_text text_color=\u00a0\u00bbwhite\u00a0\u00bb]<\/p>\n<p><span class=\"tlid-translation translation\" lang=\"fr\"><span class=\"\" title=\"\">Nous nous effor\u00e7ons chaque jour de mieux comprendre les besoins de votre entreprise et de vous proposer des solutions agiles et personnalis\u00e9es qui vous permettent d&rsquo;am\u00e9liorer le service client<\/span><\/span><\/p>\n<p>[\/vc_column_text][\/vc_column][vc_column width=\u00a0\u00bb1\/4&Prime;][vc_empty_space height=\u00a0\u00bb25px\u00a0\u00bb][vc_custom_heading text=\u00a0\u00bbTOUJOURS DISPONIBLE\u00a0\u00bb font_container=\u00a0\u00bbtag:h2|font_size:30|text_align:center|color:%23ffffff\u00a0\u00bb use_theme_fonts=\u00a0\u00bbyes\u00a0\u00bb][vc_column_text text_color=\u00a0\u00bbwhite\u00a0\u00bb]<\/p>\n<p><span class=\"tlid-translation translation\" lang=\"fr\"><span class=\"\" title=\"\">Nous accordons une attention particuli\u00e8re \u00e0 vous offrir le meilleur service apr\u00e8s-vente, en vous garantissant un stock important de produits et pi\u00e8ces d\u00e9tach\u00e9es que nous vous envoyons en un temps record<\/span><\/span><\/p>\n<p>[\/vc_column_text][\/vc_column][vc_column width=\u00a0\u00bb1\/4&Prime;][vc_empty_space height=\u00a0\u00bb25px\u00a0\u00bb][vc_custom_heading text=\u00a0\u00bbNOUS PRENONS SOIN DU CANAL DE VENTE\u00a0\u00bb font_container=\u00a0\u00bbtag:h2|font_size:30|text_align:center|color:%23ffffff\u00a0\u00bb use_theme_fonts=\u00a0\u00bbyes\u00a0\u00bb][vc_column_text text_color=\u00a0\u00bbwhite\u00a0\u00bb]<\/p>\n<p><span class=\"tlid-translation translation\" lang=\"fr\"><span title=\"\">Nous veillons \u00e0 ce que vous b\u00e9n\u00e9ficiez des meilleures conditions commerciales afin que votre entreprise ne cesse de cro\u00eetre.<\/span> <span title=\"\">Nous concentrons tous nos efforts sur l&rsquo;orientation des clients vers votre point de vente via Mkt en ligne crois\u00e9e, la publicit\u00e9 dans RR.SS.<\/span> <span class=\"\" title=\"\">et publicit\u00e9 dans les m\u00e9dias traditionnels<\/span><\/span><\/p>\n<p>[\/vc_column_text][\/vc_column][vc_column width=\u00a0\u00bb1\/4&Prime;][vc_empty_space height=\u00a0\u00bb25px\u00a0\u00bb][vc_custom_heading text=\u00a0\u00bbESSAYEZ NOS V\u00c9LOS ET NOS MOTOS\u00a0\u00bb font_container=\u00a0\u00bbtag:h2|font_size:30|text_align:center|color:%23ffffff\u00a0\u00bb use_theme_fonts=\u00a0\u00bbyes\u00a0\u00bb][vc_column_text text_color=\u00a0\u00bbwhite\u00a0\u00bb]<\/p>\n<p><span class=\"tlid-translation translation\" lang=\"fr\"><span class=\"\" title=\"\">Avant de devenir un point de vente EBROH, nous voulons que vous soyez totalement satisfait de nos produits, demandez \u00e0 nos commerciaux un v\u00e9hicule d&rsquo;essai<\/span><\/span><\/p>\n<p>[\/vc_column_text][\/vc_column][\/vc_row][vc_row full_width=\u00a0\u00bbstretch_row_content_no_spaces\u00a0\u00bb][vc_column]<div class=\"vntd-image-gallery vntd-content-element \"><div id=\"vntd-gallery-2079\" class=\"vntd-grid grid-items vntd-gallery-grid grid-cols-4 hover-effect-scale hover-icon\" data-cols=\"4\" data-data-cols-tablet=\"2\" data-data-cols-mobile=\"1\" data-item-gap=\"15\"><div class=\"item grid-item cbp-item vntd-gallery-item mp-gallery\"><a href=\"https:\/\/ebroh.eu\/wp-content\/uploads\/2018\/12\/GALERIA1.jpg\"><div class=\"gallery-item-overlay\"><i class=\"vntd-gallery-zoom-icon engage-icon-icon engage-icon-zoom-2\"><\/i><\/div><img loading=\"lazy\" decoding=\"async\" width=\"600\" height=\"507\" src=\"https:\/\/ebroh.eu\/wp-content\/uploads\/2018\/12\/GALERIA1-600x507.jpg\" class=\"attachment-engage-masonry-square\" alt=\"\" title=\"GALERIA1\" srcset=\"https:\/\/ebroh.eu\/wp-content\/uploads\/2018\/12\/GALERIA1.jpg 600w, https:\/\/ebroh.eu\/wp-content\/uploads\/2018\/12\/GALERIA1-300x254.jpg 300w\" sizes=\"auto, (max-width: 600px) 100vw, 600px\" \/><\/a><\/div><div class=\"item grid-item cbp-item vntd-gallery-item mp-gallery\"><a href=\"https:\/\/ebroh.eu\/wp-content\/uploads\/2018\/12\/GALERIA2.jpg\"><div class=\"gallery-item-overlay\"><i class=\"vntd-gallery-zoom-icon engage-icon-icon engage-icon-zoom-2\"><\/i><\/div><img loading=\"lazy\" decoding=\"async\" width=\"600\" height=\"508\" src=\"https:\/\/ebroh.eu\/wp-content\/uploads\/2018\/12\/GALERIA2-600x508.jpg\" class=\"attachment-engage-masonry-square\" alt=\"\" title=\"GALERIA2\" srcset=\"https:\/\/ebroh.eu\/wp-content\/uploads\/2018\/12\/GALERIA2.jpg 600w, https:\/\/ebroh.eu\/wp-content\/uploads\/2018\/12\/GALERIA2-300x254.jpg 300w\" sizes=\"auto, (max-width: 600px) 100vw, 600px\" \/><\/a><\/div><div class=\"item grid-item cbp-item vntd-gallery-item mp-gallery\"><a href=\"https:\/\/ebroh.eu\/wp-content\/uploads\/2018\/12\/GALERIA3.jpg\"><div class=\"gallery-item-overlay\"><i class=\"vntd-gallery-zoom-icon engage-icon-icon engage-icon-zoom-2\"><\/i><\/div><img loading=\"lazy\" decoding=\"async\" width=\"600\" height=\"507\" src=\"https:\/\/ebroh.eu\/wp-content\/uploads\/2018\/12\/GALERIA3-600x507.jpg\" class=\"attachment-engage-masonry-square\" alt=\"\" title=\"GALERIA3\" srcset=\"https:\/\/ebroh.eu\/wp-content\/uploads\/2018\/12\/GALERIA3.jpg 600w, https:\/\/ebroh.eu\/wp-content\/uploads\/2018\/12\/GALERIA3-300x254.jpg 300w\" sizes=\"auto, (max-width: 600px) 100vw, 600px\" \/><\/a><\/div><div class=\"item grid-item cbp-item vntd-gallery-item mp-gallery\"><a href=\"https:\/\/ebroh.eu\/wp-content\/uploads\/2018\/12\/GALERIA4.jpg\"><div class=\"gallery-item-overlay\"><i class=\"vntd-gallery-zoom-icon engage-icon-icon engage-icon-zoom-2\"><\/i><\/div><img loading=\"lazy\" decoding=\"async\" width=\"600\" height=\"507\" src=\"https:\/\/ebroh.eu\/wp-content\/uploads\/2018\/12\/GALERIA4-600x507.jpg\" class=\"attachment-engage-masonry-square\" alt=\"\" title=\"GALERIA4\" srcset=\"https:\/\/ebroh.eu\/wp-content\/uploads\/2018\/12\/GALERIA4.jpg 600w, https:\/\/ebroh.eu\/wp-content\/uploads\/2018\/12\/GALERIA4-300x254.jpg 300w\" sizes=\"auto, (max-width: 600px) 100vw, 600px\" \/><\/a><\/div><div class=\"item grid-item cbp-item vntd-gallery-item mp-gallery\"><a href=\"https:\/\/ebroh.eu\/wp-content\/uploads\/2018\/12\/GALERIA5.jpg\"><div class=\"gallery-item-overlay\"><i class=\"vntd-gallery-zoom-icon engage-icon-icon engage-icon-zoom-2\"><\/i><\/div><img loading=\"lazy\" decoding=\"async\" width=\"600\" height=\"508\" src=\"https:\/\/ebroh.eu\/wp-content\/uploads\/2018\/12\/GALERIA5-600x508.jpg\" class=\"attachment-engage-masonry-square\" alt=\"\" title=\"GALERIA5\" srcset=\"https:\/\/ebroh.eu\/wp-content\/uploads\/2018\/12\/GALERIA5.jpg 600w, https:\/\/ebroh.eu\/wp-content\/uploads\/2018\/12\/GALERIA5-300x254.jpg 300w\" sizes=\"auto, (max-width: 600px) 100vw, 600px\" \/><\/a><\/div><div class=\"item grid-item cbp-item vntd-gallery-item mp-gallery\"><a href=\"https:\/\/ebroh.eu\/wp-content\/uploads\/2018\/12\/GALERIA6.jpg\"><div class=\"gallery-item-overlay\"><i class=\"vntd-gallery-zoom-icon engage-icon-icon engage-icon-zoom-2\"><\/i><\/div><img loading=\"lazy\" decoding=\"async\" width=\"600\" height=\"507\" src=\"https:\/\/ebroh.eu\/wp-content\/uploads\/2018\/12\/GALERIA6-600x507.jpg\" class=\"attachment-engage-masonry-square\" alt=\"\" title=\"GALERIA6\" srcset=\"https:\/\/ebroh.eu\/wp-content\/uploads\/2018\/12\/GALERIA6.jpg 600w, https:\/\/ebroh.eu\/wp-content\/uploads\/2018\/12\/GALERIA6-300x254.jpg 300w\" sizes=\"auto, (max-width: 600px) 100vw, 600px\" \/><\/a><\/div><div class=\"item grid-item cbp-item vntd-gallery-item mp-gallery\"><a href=\"https:\/\/ebroh.eu\/wp-content\/uploads\/2018\/12\/GALERIA7.jpg\"><div class=\"gallery-item-overlay\"><i class=\"vntd-gallery-zoom-icon engage-icon-icon engage-icon-zoom-2\"><\/i><\/div><img loading=\"lazy\" decoding=\"async\" width=\"600\" height=\"507\" src=\"https:\/\/ebroh.eu\/wp-content\/uploads\/2018\/12\/GALERIA7-600x507.jpg\" class=\"attachment-engage-masonry-square\" alt=\"\" title=\"GALERIA7\" srcset=\"https:\/\/ebroh.eu\/wp-content\/uploads\/2018\/12\/GALERIA7.jpg 600w, https:\/\/ebroh.eu\/wp-content\/uploads\/2018\/12\/GALERIA7-300x254.jpg 300w\" sizes=\"auto, (max-width: 600px) 100vw, 600px\" \/><\/a><\/div><div class=\"item grid-item cbp-item vntd-gallery-item mp-gallery\"><a href=\"https:\/\/ebroh.eu\/wp-content\/uploads\/2018\/12\/GALERIA8.jpg\"><div class=\"gallery-item-overlay\"><i class=\"vntd-gallery-zoom-icon engage-icon-icon engage-icon-zoom-2\"><\/i><\/div><img loading=\"lazy\" decoding=\"async\" width=\"600\" height=\"504\" src=\"https:\/\/ebroh.eu\/wp-content\/uploads\/2018\/12\/GALERIA8-600x504.jpg\" class=\"attachment-engage-masonry-square\" alt=\"\" title=\"GALERIA8\" srcset=\"https:\/\/ebroh.eu\/wp-content\/uploads\/2018\/12\/GALERIA8.jpg 600w, https:\/\/ebroh.eu\/wp-content\/uploads\/2018\/12\/GALERIA8-300x252.jpg 300w\" sizes=\"auto, (max-width: 600px) 100vw, 600px\" \/><\/a><\/div><\/div><\/div>[\/vc_column][\/vc_row]<\/p>\n<\/section>","protected":false},"excerpt":{"rendered":"<p>[vc_row css=\u00a0\u00bb.vc_custom_1545910977002{padding-top: 50px !important;padding-bottom: 50px !important;}\u00a0\u00bb][vc_column][vc_column_text] EBROH est une soci\u00e9t\u00e9 au capital 100% espagnol. EBROH est n\u00e9 avec la vocation de devenir d&rsquo;authentiques sp\u00e9cialistes des alternatives de mobilit\u00e9 \u00e9lectrique, proposant au march\u00e9 diff\u00e9rentes gammes de v\u00e9los \u00e9lectriques, tant pour leur type d&rsquo;utilisation que pour leur segmentation tarifaire. [\/vc_column_text][vc_column_text] EBROH s&rsquo;engage [&hellip;]<\/p>\n","protected":false},"author":1,"featured_media":0,"parent":0,"menu_order":0,"comment_status":"closed","ping_status":"closed","template":"","meta":{"footnotes":""},"class_list":["post-11096","page","type-page","status-publish","hentry"],"_links":{"self":[{"href":"https:\/\/ebroh.eu\/fr\/wp-json\/wp\/v2\/pages\/11096","targetHints":{"allow":["GET"]}}],"collection":[{"href":"https:\/\/ebroh.eu\/fr\/wp-json\/wp\/v2\/pages"}],"about":[{"href":"https:\/\/ebroh.eu\/fr\/wp-json\/wp\/v2\/types\/page"}],"author":[{"embeddable":true,"href":"https:\/\/ebroh.eu\/fr\/wp-json\/wp\/v2\/users\/1"}],"replies":[{"embeddable":true,"href":"https:\/\/ebroh.eu\/fr\/wp-json\/wp\/v2\/comments?post=11096"}],"version-history":[{"count":2,"href":"https:\/\/ebroh.eu\/fr\/wp-json\/wp\/v2\/pages\/11096\/revisions"}],"predecessor-version":[{"id":11098,"href":"https:\/\/ebroh.eu\/fr\/wp-json\/wp\/v2\/pages\/11096\/revisions\/11098"}],"wp:attachment":[{"href":"https:\/\/ebroh.eu\/fr\/wp-json\/wp\/v2\/media?parent=11096"}],"curies":[{"name":"wp","href":"https:\/\/api.w.org\/{rel}","templated":true}]}}